{"id":340,"date":"2024-03-03T16:17:30","date_gmt":"2024-03-03T14:17:30","guid":{"rendered":"http:\/\/jnats.eu\/?post_type=product&#038;p=340"},"modified":"2024-09-21T11:33:09","modified_gmt":"2024-09-21T08:33:09","slug":"otaniyama-asagi-razor-finishing-whetstone","status":"publish","type":"product","link":"https:\/\/jnats.eu\/pt\/produto-2\/otaniyama-asagi-razor-finishing-whetstone\/","title":{"rendered":"Pedra de amolar para acabamento Otaniyama Asagi Razor"},"content":{"rendered":"<p>As pedras de Otaniyama em tamanhos grandes j\u00e1 quase n\u00e3o est\u00e3o dispon\u00edveis. Otaniyama situa-se a cerca de 10 km a noroeste do centro de Kameoka.<\/p>\n\n\n\n<p>O po\u00e7o foi escavado num local chamado Montanha Otani, que \u00e9 o nome comum de v\u00e1rias montanhas. A pedra tornou-se popular em todo o Jap\u00e3o como pedra de barbear.<\/p>\n\n\n\n<p>Embora seja uma excelente pedra de amolar, n\u00e3o \u00e9 muito conhecida. A zona de Kameoka, onde foram extra\u00eddas muitas pedras finas para afiar, mas as pessoas que a\u00ed trabalhavam n\u00e3o eram membros da Associa\u00e7\u00e3o de Pedras Naturais de Quioto. Acredita-se que este tipo de pedra n\u00e3o era bem conhecido porque os seus mineiros n\u00e3o tinham acesso a esta organiza\u00e7\u00e3o. No entanto, muitos foram atra\u00eddos pela perfei\u00e7\u00e3o desta pedra de amolar e come\u00e7aram a utiliz\u00e1-la para ferramentas de barbear. <\/p>\n\n\n\n<p>A empresa comercial espalhou a palavra aos cabeleireiros de todo o Jap\u00e3o atrav\u00e9s de vendas porta-a-porta. O afiamento de uma l\u00e2mina de barbear \u00e9 t\u00e3o importante numa barbearia como para um barbeiro. Os propriet\u00e1rios de sal\u00f5es de cabeleireiro eram cuidadosos na escolha das pedras de amolar, pois estas estavam ligadas \u00e0 reputa\u00e7\u00e3o da empresa. Trata-se de uma pedra com uma longa hist\u00f3ria de difus\u00e3o. Naturalmente, se a rea\u00e7\u00e3o ao a\u00e7o n\u00e3o parecer suficientemente \u00e1spera, pode ser utilizada como pedra de barbear.<\/p>\n\n\n\n<p>Ouvi dizer que, nessa altura, as pe\u00e7as grandes eram vendidas por 10 000 ienes. No valor monet\u00e1rio atual, se o convertermos, seriam cerca de 200 000 ienes (cerca de 1220 euros). Como o nome indica, esta pedra de amolar \u00e9 adequada para a fase final da afia\u00e7\u00e3o de l\u00e2minas de barbear, facas, pequenas l\u00e2minas, obl\u00edquos, cinz\u00e9is, etc.<\/p>\n\n\n\n<p>A \u00e1gua fria prejudica significativamente a resposta do a\u00e7o ao longo do tempo, por isso, certifique-se de que utiliza \u00e1gua quente a cerca de 42 graus quando estiver a afiar.<\/p>\n\n\n\n<figure class=\"wp-block-embed is-type-video is-provider-youtube wp-block-embed-youtube wp-embed-aspect-16-9 wp-has-aspect-ratio\"><div class=\"wp-block-embed__wrapper\">\n<div class=\"video-container\"><iframe title=\"Otaniyama Daigokujo - A melhor pedra de amolar natural para m\u00e1quinas de barbear\" width=\"1170\" height=\"658\" src=\"https:\/\/www.youtube.com\/embed\/6k_XyH2uSsI?feature=oembed\" frameborder=\"0\" allow=\"accelerometer; autoplay; clipboard-write; encrypted-media; gyroscope; picture-in-picture; web-share\" referrerpolicy=\"strict-origin-when-cross-origin\" allowfullscreen><\/iframe><\/div>\n<\/div><\/figure>","protected":false},"excerpt":{"rendered":"<ul>\n<li>Tamanho aproximado. 20,5 x 7,7 x 3,7 cm<\/li>\n<li>\u00a0Peso aproximado. 1330 g<\/li>\n<li>Dureza Lv 4<\/li>\n<li>Funciona rapidamente e proporciona um barbear suave. Corta o pelo imediatamente ap\u00f3s o acabamento na pedra. N\u00e3o \u00e9 necess\u00e1rio usar Nagura ou placa de diamante.<\/li>\n<li>Uma das melhores pedras de barbear que j\u00e1 vi. N\u00e3o \u00e9 muito bonita, mas funciona bem.<\/li>\n<\/ul>","protected":false},"featured_media":346,"comment_status":"open","ping_status":"closed","template":"","meta":[],"product_brand":[],"product_cat":[22],"product_tag":[45,71,70,69,72],"class_list":{"0":"post-340","1":"product","2":"type-product","3":"status-publish","4":"has-post-thumbnail","6":"product_cat-jnats","7":"product_tag-asagi","8":"product_tag-finishing","9":"product_tag-otaniyama","10":"product_tag-otaniyama-asagi","11":"product_tag-razor","12":"product_shipping_class-iprastas","14":"first","15":"outofstock","16":"sale","17":"shipping-taxable","18":"purchasable","19":"product-type-simple"},"_links":{"self":[{"href":"https:\/\/jnats.eu\/pt\/wp-json\/wp\/v2\/product\/340","targetHints":{"allow":["GET"]}}],"collection":[{"href":"https:\/\/jnats.eu\/pt\/wp-json\/wp\/v2\/product"}],"about":[{"href":"https:\/\/jnats.eu\/pt\/wp-json\/wp\/v2\/types\/product"}],"replies":[{"embeddable":true,"href":"https:\/\/jnats.eu\/pt\/wp-json\/wp\/v2\/comments?post=340"}],"wp:featuredmedia":[{"embeddable":true,"href":"https:\/\/jnats.eu\/pt\/wp-json\/wp\/v2\/media\/346"}],"wp:attachment":[{"href":"https:\/\/jnats.eu\/pt\/wp-json\/wp\/v2\/media?parent=340"}],"wp:term":[{"taxonomy":"product_brand","embeddable":true,"href":"https:\/\/jnats.eu\/pt\/wp-json\/wp\/v2\/product_brand?post=340"},{"taxonomy":"product_cat","embeddable":true,"href":"https:\/\/jnats.eu\/pt\/wp-json\/wp\/v2\/product_cat?post=340"},{"taxonomy":"product_tag","embeddable":true,"href":"https:\/\/jnats.eu\/pt\/wp-json\/wp\/v2\/product_tag?post=340"}],"curies":[{"name":"wp","href":"https:\/\/api.w.org\/{rel}","templated":true}]}}