{"id":3447,"date":"2024-11-01T11:28:00","date_gmt":"2024-11-01T09:28:00","guid":{"rendered":"https:\/\/jnats.eu\/?post_type=product&#038;p=3447"},"modified":"2025-11-29T11:51:16","modified_gmt":"2025-11-29T09:51:16","slug":"washita-oilstone","status":"publish","type":"product","link":"https:\/\/jnats.eu\/pt\/produto-2\/washita-oilstone\/","title":{"rendered":"Washita Oilstone"},"content":{"rendered":"<p>Washita \u00e9 uma pedra de amolar novacul\u00edtica proveniente das montanhas do Arkansas, EUA. \u00c9 conhecida pela sua rapidez de trabalho devido \u00e0 sua estrutura porosa. Estas pedras t\u00eam sido utilizadas na Am\u00e9rica e n\u00e3o s\u00f3 durante s\u00e9culos para criar algumas das ferramentas mais antigas, desde punhais a pontas de seta.&nbsp;<\/p>\n\n\n\n<figure class=\"wp-block-embed is-type-video is-provider-youtube wp-block-embed-youtube wp-embed-aspect-16-9 wp-has-aspect-ratio\"><div class=\"wp-block-embed__wrapper\">\n<div class=\"video-container\"><iframe title=\"Made in USA: Afia\u00e7\u00e3o com pedras de \u00f3leo do Arkansas - Washita a Transl\u00facida\" width=\"1170\" height=\"658\" src=\"https:\/\/www.youtube.com\/embed\/pRUee3pQ0Ck?feature=oembed\" frameborder=\"0\" allow=\"accelerometer; autoplay; clipboard-write; encrypted-media; gyroscope; picture-in-picture; web-share\" referrerpolicy=\"strict-origin-when-cross-origin\" allowfullscreen><\/iframe><\/div>\n<\/div><\/figure>","protected":false},"excerpt":{"rendered":"<ul class=\"wp-block-list\">\n<li>Adequado para afiar facas, tesouras, ferramentas de carpintaria e outras ferramentas.<\/li>\n<li>Dimens\u00f5es: 202x45x16 mm<\/li>\n<li>Peso: 315 g<\/li>\n<li>Washita bastante pequena, cerca de #2000.<\/li>\n<li>N\u00e3o s\u00e3o vis\u00edveis quaisquer defeitos.<\/li>\n<li>Ambos os lados est\u00e3o alinhados e prontos para trabalhar.<\/li>\n<li>O lubrificante \u00e9 trabalhado aplicando primeiro uma forte press\u00e3o para extrair os gr\u00e3os abrasivos que aceleram o trabalho.<\/li>\n<\/ul>\n<p>&nbsp;<\/p>","protected":false},"featured_media":3452,"comment_status":"open","ping_status":"closed","template":"","meta":[],"product_brand":[],"product_cat":[22],"product_tag":[305],"class_list":{"0":"post-3447","1":"product","2":"type-product","3":"status-publish","4":"has-post-thumbnail","6":"product_cat-jnats","7":"product_tag-washita","8":"product_shipping_class-iprastas","10":"first","11":"outofstock","12":"shipping-taxable","13":"purchasable","14":"product-type-simple"},"_links":{"self":[{"href":"https:\/\/jnats.eu\/pt\/wp-json\/wp\/v2\/product\/3447","targetHints":{"allow":["GET"]}}],"collection":[{"href":"https:\/\/jnats.eu\/pt\/wp-json\/wp\/v2\/product"}],"about":[{"href":"https:\/\/jnats.eu\/pt\/wp-json\/wp\/v2\/types\/product"}],"replies":[{"embeddable":true,"href":"https:\/\/jnats.eu\/pt\/wp-json\/wp\/v2\/comments?post=3447"}],"wp:featuredmedia":[{"embeddable":true,"href":"https:\/\/jnats.eu\/pt\/wp-json\/wp\/v2\/media\/3452"}],"wp:attachment":[{"href":"https:\/\/jnats.eu\/pt\/wp-json\/wp\/v2\/media?parent=3447"}],"wp:term":[{"taxonomy":"product_brand","embeddable":true,"href":"https:\/\/jnats.eu\/pt\/wp-json\/wp\/v2\/product_brand?post=3447"},{"taxonomy":"product_cat","embeddable":true,"href":"https:\/\/jnats.eu\/pt\/wp-json\/wp\/v2\/product_cat?post=3447"},{"taxonomy":"product_tag","embeddable":true,"href":"https:\/\/jnats.eu\/pt\/wp-json\/wp\/v2\/product_tag?post=3447"}],"curies":[{"name":"wp","href":"https:\/\/api.w.org\/{rel}","templated":true}]}}