{"id":3468,"date":"2024-11-04T09:31:45","date_gmt":"2024-11-04T07:31:45","guid":{"rendered":"https:\/\/jnats.eu\/?post_type=product&#038;p=3468"},"modified":"2025-03-16T17:07:40","modified_gmt":"2025-03-16T15:07:40","slug":"daishi-350-yasuki-steel-made-of-iron-sand-tamahagane-shave-ready","status":"publish","type":"product","link":"https:\/\/jnats.eu\/pt\/produto-2\/daishi-350-yasuki-steel-made-of-iron-sand-tamahagane-shave-ready\/","title":{"rendered":"Daishi 350 Yasuki A\u00e7o feito de areia de ferro Tamahagane pronto a barbear"},"content":{"rendered":"<p>Daishi 350 Yasuki A\u00e7o Fabricado em a\u00e7o de ferro Tamahagane R.K. CO. L\u00e2mina em forma de cinzel. O a\u00e7o Tamahagane feito de \"areia de ferro\" \u00e9 utilizado para espadas de samurai e katanas. Endurecido a 70HRC. Corte agressivo.<\/p>\n\n\n\n<figure class=\"wp-block-embed is-type-video is-provider-youtube wp-block-embed-youtube wp-embed-aspect-16-9 wp-has-aspect-ratio\"><div class=\"wp-block-embed__wrapper\">\nhttps:\/\/youtu.be\/NUE1ZOS4ac0\n<\/div><\/figure>","protected":false},"excerpt":{"rendered":"<ul>\n<li>M\u00e1quina de barbear japonesa vintage Daishi 350 pronta a usar<\/li>\n<li>Afia\u00e7\u00e3o conclu\u00edda com cinto Otaniyama + Kanayama<\/li>\n<li>Controlo microsc\u00f3pico: aus\u00eancia de fissuras ou de corros\u00e3o na l\u00e2mina<\/li>\n<li>Peso - 57 g<\/li>\n<li>Comprimento da l\u00e2mina - 65 mm<\/li>\n<li>Altura - 17 mm<\/li>\n<li>Espessura da fita - 5 mm<\/li>\n<li>Fabricada em a\u00e7o-carbono Tamahagane, que \u00e9 propenso a enferrujar, por isso n\u00e3o se esque\u00e7a de secar a m\u00e1quina de barbear ap\u00f3s a utiliza\u00e7\u00e3o e de a guardar num local seco. Lubrificar para uma conserva\u00e7\u00e3o a longo prazo.<\/li>\n<li><strong>N\u00e3o ajuste a nitidez com papel em nenhuma circunst\u00e2ncia. Isso afiar\u00e1 qualquer l\u00e2mina de barbear!<\/strong><\/li>\n<\/ul>","protected":false},"featured_media":3472,"comment_status":"open","ping_status":"closed","template":"","meta":[],"product_brand":[],"product_cat":[23],"product_tag":[164,26],"class_list":{"0":"post-3468","1":"product","2":"type-product","3":"status-publish","4":"has-post-thumbnail","6":"product_cat-razors","7":"product_tag-daishi","8":"product_tag-tamahagane","9":"product_shipping_class-light","11":"first","12":"outofstock","13":"sale","14":"shipping-taxable","15":"purchasable","16":"product-type-simple"},"_links":{"self":[{"href":"https:\/\/jnats.eu\/pt\/wp-json\/wp\/v2\/product\/3468","targetHints":{"allow":["GET"]}}],"collection":[{"href":"https:\/\/jnats.eu\/pt\/wp-json\/wp\/v2\/product"}],"about":[{"href":"https:\/\/jnats.eu\/pt\/wp-json\/wp\/v2\/types\/product"}],"replies":[{"embeddable":true,"href":"https:\/\/jnats.eu\/pt\/wp-json\/wp\/v2\/comments?post=3468"}],"wp:featuredmedia":[{"embeddable":true,"href":"https:\/\/jnats.eu\/pt\/wp-json\/wp\/v2\/media\/3472"}],"wp:attachment":[{"href":"https:\/\/jnats.eu\/pt\/wp-json\/wp\/v2\/media?parent=3468"}],"wp:term":[{"taxonomy":"product_brand","embeddable":true,"href":"https:\/\/jnats.eu\/pt\/wp-json\/wp\/v2\/product_brand?post=3468"},{"taxonomy":"product_cat","embeddable":true,"href":"https:\/\/jnats.eu\/pt\/wp-json\/wp\/v2\/product_cat?post=3468"},{"taxonomy":"product_tag","embeddable":true,"href":"https:\/\/jnats.eu\/pt\/wp-json\/wp\/v2\/product_tag?post=3468"}],"curies":[{"name":"wp","href":"https:\/\/api.w.org\/{rel}","templated":true}]}}