{"id":347,"date":"2024-03-03T16:29:49","date_gmt":"2024-03-03T14:29:49","guid":{"rendered":"http:\/\/jnats.eu\/?post_type=product&#038;p=347"},"modified":"2025-10-23T13:03:42","modified_gmt":"2025-10-23T10:03:42","slug":"ozuku-asagi-daigokujo-naturalus-galandinimo-uzbaigimo-akmuo","status":"publish","type":"product","link":"https:\/\/jnats.eu\/pt\/produto-2\/ozuku-asagi-daigokujo-naturalus-galandinimo-uzbaigimo-akmuo\/","title":{"rendered":"Pedra de afiar natural Ozaki Asagi Daigokujo"},"content":{"rendered":"<figure class=\"wp-block-embed is-type-video is-provider-youtube wp-block-embed-youtube wp-embed-aspect-4-3 wp-has-aspect-ratio\"><div class=\"wp-block-embed__wrapper\">\n<div class=\"video-container\"><iframe title=\"Ozuku Asagi Lv 5+ Naguras H. Afia\u00e7\u00e3o de Navalha de Diamante (Microscopia)\" width=\"1170\" height=\"658\" src=\"https:\/\/www.youtube.com\/embed\/SfdZe_G6_YI?feature=oembed\" frameborder=\"0\" allow=\"accelerometer; autoplay; clipboard-write; encrypted-media; gyroscope; picture-in-picture; web-share\" referrerpolicy=\"strict-origin-when-cross-origin\" allowfullscreen><\/iframe><\/div>\n<\/div><\/figure>\n\n\n\n<p>Existem muitas pedras de afiar com este formato que reagem bem ao a\u00e7o. Em tempos, as pedras japonesas foram exportadas para o estrangeiro, especialmente para os EUA. O tamanho desta forma corresponde \u00e0s normas americanas. Foi especialmente moldada desta forma.<\/p>\n\n\n\n<p>Esta pedra abrasiva \u00e9 pouco utilizada e pode dar um acabamento espelhado, dependendo da forma como \u00e9 utilizada. Utilizar \u00e1gua quente a cerca de 42 graus nesta altura do ano.<\/p>\n\n\n\n<p>Para o utilizar na fase interm\u00e9dia da afia\u00e7\u00e3o, pode apanhar os gr\u00e3os finos com um prato de diamante m\u00e9dio-fino, humedecer os gr\u00e3os abrasivos com \u00e1gua morna e aplicar uma ligeira for\u00e7a para libertar a suspens\u00e3o abrasiva.<\/p>\n\n\n\n<p>O polimento suave com gr\u00e3os abrasivos finos produz um belo acabamento espelhado. \u00c9 adequado para a fase final da afia\u00e7\u00e3o de facas.<br>Tamb\u00e9m pode utilizar esta pedra para afiar l\u00e2minas de barbear, facas, tesouras, avi\u00f5es e cinz\u00e9is. Trata-se de uma pedra de amolar de alta qualidade. Utilize-a com confian\u00e7a.<\/p>","protected":false},"excerpt":{"rendered":"<ul>\n<li>A ic\u00f3nica pedra de acabamento da l\u00e2mina de barbear<\/li>\n<li>Tamanho aprox.: 20,7 x 5,5 x 2,5 cm<\/li>\n<li>Peso aprox.: 710 g<\/li>\n<li>Dureza: Lv 5+<\/li>\n<li>Para acelerar o seu trabalho, recomendamos a utiliza\u00e7\u00e3o de um prego<\/li>\n<\/ul>","protected":false},"featured_media":349,"comment_status":"open","ping_status":"closed","template":"","meta":[],"product_brand":[],"product_cat":[22],"product_tag":[45,40,74,66,73],"class_list":{"0":"post-347","1":"product","2":"type-product","3":"status-publish","4":"has-post-thumbnail","6":"product_cat-jnats","7":"product_tag-asagi","8":"product_tag-awasedo","9":"product_tag-daigokujo","10":"product_tag-ozuku","11":"product_tag-ozuku-asagi-daigokujo","12":"product_shipping_class-iprastas","14":"first","15":"outofstock","16":"sale","17":"shipping-taxable","18":"purchasable","19":"product-type-simple"},"_links":{"self":[{"href":"https:\/\/jnats.eu\/pt\/wp-json\/wp\/v2\/product\/347","targetHints":{"allow":["GET"]}}],"collection":[{"href":"https:\/\/jnats.eu\/pt\/wp-json\/wp\/v2\/product"}],"about":[{"href":"https:\/\/jnats.eu\/pt\/wp-json\/wp\/v2\/types\/product"}],"replies":[{"embeddable":true,"href":"https:\/\/jnats.eu\/pt\/wp-json\/wp\/v2\/comments?post=347"}],"wp:featuredmedia":[{"embeddable":true,"href":"https:\/\/jnats.eu\/pt\/wp-json\/wp\/v2\/media\/349"}],"wp:attachment":[{"href":"https:\/\/jnats.eu\/pt\/wp-json\/wp\/v2\/media?parent=347"}],"wp:term":[{"taxonomy":"product_brand","embeddable":true,"href":"https:\/\/jnats.eu\/pt\/wp-json\/wp\/v2\/product_brand?post=347"},{"taxonomy":"product_cat","embeddable":true,"href":"https:\/\/jnats.eu\/pt\/wp-json\/wp\/v2\/product_cat?post=347"},{"taxonomy":"product_tag","embeddable":true,"href":"https:\/\/jnats.eu\/pt\/wp-json\/wp\/v2\/product_tag?post=347"}],"curies":[{"name":"wp","href":"https:\/\/api.w.org\/{rel}","templated":true}]}}