{"id":3482,"date":"2025-07-21T11:01:23","date_gmt":"2025-07-21T08:01:23","guid":{"rendered":"https:\/\/jnats.eu\/?post_type=product&#038;p=3482"},"modified":"2026-03-09T22:17:52","modified_gmt":"2026-03-09T20:17:52","slug":"nenaudotas-vintazinis-japoniskas-skustuvas-kamisori-nos","status":"publish","type":"product","link":"https:\/\/jnats.eu\/pt\/produto-2\/nenaudotas-vintazinis-japoniskas-skustuvas-kamisori-nos\/","title":{"rendered":"Navalha japonesa vintage Kamisori NOS n\u00e3o utilizada"},"content":{"rendered":"<p>Os kamisori tradicionais s\u00e3o geralmente feitos de a\u00e7o-carbono de alta qualidade (por exemplo, a\u00e7o Shirogami ou Aogami) soldado numa estrutura de a\u00e7o mais macio com uma pega.<\/p>\n\n\n\n<figure class=\"wp-block-embed is-type-video is-provider-youtube wp-block-embed-youtube wp-embed-aspect-16-9 wp-has-aspect-ratio\"><div class=\"wp-block-embed__wrapper\">\n<div class=\"video-container\"><iframe title=\"L\u00e2mina de barbear japonesa vintage Kamisori NOS n\u00e3o utilizada\" width=\"1170\" height=\"658\" src=\"https:\/\/www.youtube.com\/embed\/JFDJc_1jQQA?feature=oembed\" frameborder=\"0\" allow=\"accelerometer; autoplay; clipboard-write; encrypted-media; gyroscope; picture-in-picture; web-share\" referrerpolicy=\"strict-origin-when-cross-origin\" allowfullscreen><\/iframe><\/div>\n<\/div><\/figure>","protected":false},"excerpt":{"rendered":"<ul>\n<li>Navalha japonesa Kamisori vintage n\u00e3o utilizada.<\/li>\n<li>Apresentando sinais de corros\u00e3o<\/li>\n<li>Todas as dimens\u00f5es s\u00e3o ligeiramente diferentes e n\u00e3o s\u00e3o feitas \u00e0 m\u00e3o<\/li>\n<li>Peso - 30 g<\/li>\n<li>Comprimento da l\u00e2mina - 45 mm<\/li>\n<li>Altura - 17 mm<\/li>\n<li>Espessura da fita - 5 mm<\/li>\n<li>Fabricada em a\u00e7o-carbono, que \u00e9 propenso a enferrujar, pelo que deve secar a m\u00e1quina de barbear ap\u00f3s a utiliza\u00e7\u00e3o e guard\u00e1-la num local seco. Para um armazenamento a longo prazo, lubrificar com massa lubrificante.<\/li>\n<li><strong>N\u00e3o ajuste a nitidez com papel em nenhuma circunst\u00e2ncia. Isso afiar\u00e1 qualquer l\u00e2mina de barbear!<\/strong><\/li>\n<\/ul>","protected":false},"featured_media":5034,"comment_status":"open","ping_status":"closed","template":"","meta":[],"product_brand":[],"product_cat":[23],"product_tag":[25],"class_list":{"0":"post-3482","1":"product","2":"type-product","3":"status-publish","4":"has-post-thumbnail","6":"product_cat-razors","7":"product_tag-kamisori","8":"product_shipping_class-light","10":"first","11":"instock","12":"shipping-taxable","13":"purchasable","14":"product-type-variable"},"_links":{"self":[{"href":"https:\/\/jnats.eu\/pt\/wp-json\/wp\/v2\/product\/3482","targetHints":{"allow":["GET"]}}],"collection":[{"href":"https:\/\/jnats.eu\/pt\/wp-json\/wp\/v2\/product"}],"about":[{"href":"https:\/\/jnats.eu\/pt\/wp-json\/wp\/v2\/types\/product"}],"replies":[{"embeddable":true,"href":"https:\/\/jnats.eu\/pt\/wp-json\/wp\/v2\/comments?post=3482"}],"wp:featuredmedia":[{"embeddable":true,"href":"https:\/\/jnats.eu\/pt\/wp-json\/wp\/v2\/media\/5034"}],"wp:attachment":[{"href":"https:\/\/jnats.eu\/pt\/wp-json\/wp\/v2\/media?parent=3482"}],"wp:term":[{"taxonomy":"product_brand","embeddable":true,"href":"https:\/\/jnats.eu\/pt\/wp-json\/wp\/v2\/product_brand?post=3482"},{"taxonomy":"product_cat","embeddable":true,"href":"https:\/\/jnats.eu\/pt\/wp-json\/wp\/v2\/product_cat?post=3482"},{"taxonomy":"product_tag","embeddable":true,"href":"https:\/\/jnats.eu\/pt\/wp-json\/wp\/v2\/product_tag?post=3482"}],"curies":[{"name":"wp","href":"https:\/\/api.w.org\/{rel}","templated":true}]}}