{"id":3492,"date":"2024-11-07T15:37:34","date_gmt":"2024-11-07T13:37:34","guid":{"rendered":"https:\/\/jnats.eu\/?post_type=product&#038;p=3492"},"modified":"2025-06-27T20:17:45","modified_gmt":"2025-06-27T17:17:45","slug":"shave-ready-filarmonica-13-sub-cero-jose-monserrat-pou-fabricacion-espanola-made-in-spain","status":"publish","type":"product","link":"https:\/\/jnats.eu\/pt\/produto-2\/shave-ready-filarmonica-13-sub-cero-jose-monserrat-pou-fabricacion-espanola-made-in-spain\/","title":{"rendered":"Shave Ready Filarmonica 13 Sub Cero Jose Monserrat Pou Fabricacion Espanola Made in Spain"},"content":{"rendered":"<figure class=\"wp-block-embed is-type-video is-provider-youtube wp-block-embed-youtube wp-embed-aspect-16-9 wp-has-aspect-ratio\"><div class=\"wp-block-embed__wrapper\">\n<div class=\"video-container\"><iframe title=\"Shave Ready Filarmonica 13 Sub Cero Jose Monserrat Pou Fabricacion Espanola Made in Spain\" width=\"1170\" height=\"658\" src=\"https:\/\/www.youtube.com\/embed\/yaM4xtmeUGs?feature=oembed\" frameborder=\"0\" allow=\"accelerometer; autoplay; clipboard-write; encrypted-media; gyroscope; picture-in-picture; web-share\" referrerpolicy=\"strict-origin-when-cross-origin\" allowfullscreen><\/iframe><\/div>\n<\/div><\/figure>","protected":false},"excerpt":{"rendered":"<ul>\n<li>Shave Ready Filarmonica 13 Sub Cero Jose Monserrat Pou Fabricacion Espanola Made in Spain<\/li>\n<li>M\u00e1quina de barbear espanhola vintage em segunda m\u00e3o pronta a usar<\/li>\n<li>Afia\u00e7\u00e3o conclu\u00edda com Shobudani karasu + cinto Kanayama<\/li>\n<li>Peso - 45 g<\/li>\n<li>Comprimento da l\u00e2mina - 70 mm<\/li>\n<li>Altura - 20 mm<\/li>\n<li>Espessura da fita - 5,8 mm<\/li>\n<li>Sinais de corros\u00e3o e utiliza\u00e7\u00e3o<\/li>\n<li>Fabricada em a\u00e7o-carbono, que \u00e9 propenso a enferrujar, pelo que deve secar a m\u00e1quina de barbear ap\u00f3s a utiliza\u00e7\u00e3o e guard\u00e1-la num local seco. Para um armazenamento a longo prazo, lubrificar com massa lubrificante.<\/li>\n<li>Tem um barbear relativamente suave<\/li>\n<\/ul>","protected":false},"featured_media":3495,"comment_status":"open","ping_status":"closed","template":"","meta":[],"product_brand":[],"product_cat":[23],"product_tag":[167,308],"class_list":{"0":"post-3492","1":"product","2":"type-product","3":"status-publish","4":"has-post-thumbnail","6":"product_cat-razors","7":"product_tag-filarmonica","8":"product_tag-shave-ready","9":"product_shipping_class-light","11":"first","12":"outofstock","13":"sale","14":"shipping-taxable","15":"purchasable","16":"product-type-simple"},"_links":{"self":[{"href":"https:\/\/jnats.eu\/pt\/wp-json\/wp\/v2\/product\/3492","targetHints":{"allow":["GET"]}}],"collection":[{"href":"https:\/\/jnats.eu\/pt\/wp-json\/wp\/v2\/product"}],"about":[{"href":"https:\/\/jnats.eu\/pt\/wp-json\/wp\/v2\/types\/product"}],"replies":[{"embeddable":true,"href":"https:\/\/jnats.eu\/pt\/wp-json\/wp\/v2\/comments?post=3492"}],"wp:featuredmedia":[{"embeddable":true,"href":"https:\/\/jnats.eu\/pt\/wp-json\/wp\/v2\/media\/3495"}],"wp:attachment":[{"href":"https:\/\/jnats.eu\/pt\/wp-json\/wp\/v2\/media?parent=3492"}],"wp:term":[{"taxonomy":"product_brand","embeddable":true,"href":"https:\/\/jnats.eu\/pt\/wp-json\/wp\/v2\/product_brand?post=3492"},{"taxonomy":"product_cat","embeddable":true,"href":"https:\/\/jnats.eu\/pt\/wp-json\/wp\/v2\/product_cat?post=3492"},{"taxonomy":"product_tag","embeddable":true,"href":"https:\/\/jnats.eu\/pt\/wp-json\/wp\/v2\/product_tag?post=3492"}],"curies":[{"name":"wp","href":"https:\/\/api.w.org\/{rel}","templated":true}]}}