{"id":3528,"date":"2025-07-21T10:29:03","date_gmt":"2025-07-21T07:29:03","guid":{"rendered":"https:\/\/jnats.eu\/?post_type=product&#038;p=3528"},"modified":"2025-09-16T19:15:30","modified_gmt":"2025-09-16T16:15:30","slug":"nos-kamejumaru-kinsei-kamisori","status":"publish","type":"product","link":"https:\/\/jnats.eu\/pt\/produto-2\/nos-kamejumaru-kinsei-kamisori\/","title":{"rendered":"NOS Kamejumaru Kinsei Kamisori"},"content":{"rendered":"<p>Tradicional <strong>L\u00e2mina de barbear japonesa kamisori<\/strong> com a caixa dourada original. A julgar pelas marcas e pela forma, trata-se de <strong>kamisori japon\u00eas vintage de alta qualidade<\/strong>, fabricado em <strong>A\u00e7o Yasuki<\/strong>geralmente sob a forma de <strong>Shirogami (branco)<\/strong> ou <strong>Aogami (azul)<\/strong> grau de a\u00e7o.<\/p>\n\n\n\n<figure class=\"wp-block-embed is-type-video is-provider-youtube wp-block-embed-youtube wp-embed-aspect-16-9 wp-has-aspect-ratio\"><div class=\"wp-block-embed__wrapper\">\n<div class=\"video-container\"><iframe title=\"NOS Kamejumaru Kinsei Kamisori\" width=\"1170\" height=\"658\" src=\"https:\/\/www.youtube.com\/embed\/mixFFoWXIao?feature=oembed\" frameborder=\"0\" allow=\"accelerometer; autoplay; clipboard-write; encrypted-media; gyroscope; picture-in-picture; web-share\" referrerpolicy=\"strict-origin-when-cross-origin\" allowfullscreen><\/iframe><\/div>\n<\/div><\/figure>\n\n\n\n<hr class=\"wp-block-separator has-alpha-channel-opacity\"\/>\n\n\n\n<h3 class=\"wp-block-heading\">Inscri\u00e7\u00f5es na caixa:<\/h3>\n\n\n\n<ul class=\"wp-block-list\">\n<li>\u4e80\u5bff\u4e38\u8b39\u88fd (<strong>Kamejumaru Kinsei<\/strong>) - marca <em>Kamejumaru<\/em>que significa \"honrosamente feito Kamejumaru\".<\/li>\n\n\n\n<li>\u4fdd\u8a3c (<strong>Hosh\u014d<\/strong>) - garantia.<\/li>\n\n\n\n<li>\u8b39\u88fd (<strong>Kinsei<\/strong>) - feito com respeito \/ cuidado.<\/li>\n\n\n\n<li>\u30b4\u30e0\u67c4\u4ed8 - <em>gumu-e tsuki<\/em> - com um cabo de borracha (o que \u00e9 verdade - a faca tem um inv\u00f3lucro de borracha de cor azul, frequentemente designado por \"kumi tsuka\").<\/li>\n<\/ul>\n\n\n\n<h4 class=\"wp-block-heading\">L\u00e2mina:<\/h4>\n\n\n\n<ul class=\"wp-block-list\">\n<li>T\u00edpico <strong>kataba<\/strong> (afia\u00e7\u00e3o de uma s\u00f3 face) sob a forma de kamisori.<\/li>\n<\/ul>\n\n\n\n<hr class=\"wp-block-separator has-alpha-channel-opacity\"\/>\n\n\n\n<p>Isto \u00e9 <strong>Kamejumaru<\/strong> marcas <em>NOS (Novo stock antigo)<\/em> Kamisori japon\u00eas para uso profissional em sal\u00f5es de cabeleireiro ou barbearias.<br>Fabricado no Jap\u00e3o, provavelmente na segunda metade do s\u00e9culo XX (1960-1980), quando os kamisori ainda eram muito utilizados, mas j\u00e1 tinham come\u00e7ado a perder popularidade no quotidiano devido \u00e0s m\u00e1quinas de barbear modernas.<\/p>\n\n\n\n<p><\/p>","protected":false},"excerpt":{"rendered":"<ul>\n<li>L\u00e2mina de barbear japonesa Kamejumaru Kinsei vintage n\u00e3o utilizada.<\/li>\n<li>Peso - 34 g<\/li>\n<li>Comprimento da l\u00e2mina - 44 mm<\/li>\n<li>Altura - 17 mm<\/li>\n<li>Espessura da fita - 5 mm<\/li>\n<li>Fabricada em a\u00e7o-carbono, que \u00e9 propenso a enferrujar, pelo que deve secar a m\u00e1quina de barbear ap\u00f3s a utiliza\u00e7\u00e3o e guard\u00e1-la num local seco. Para um armazenamento a longo prazo, lubrificar com massa lubrificante.<\/li>\n<li>O n\u00facleo duro est\u00e1 rodeado por um a\u00e7o mais macio, que protege contra poss\u00edveis quebras em caso de queda da m\u00e1quina de barbear.<\/li>\n<li>Pega de pl\u00e1stico.<\/li>\n<li><strong>Muito bom estado, sem sinais evidentes de corros\u00e3o<\/strong><\/li>\n<\/ul>","protected":false},"featured_media":5017,"comment_status":"open","ping_status":"closed","template":"","meta":[],"product_brand":[],"product_cat":[23],"product_tag":[25,309,121,308],"class_list":{"0":"post-3528","1":"product","2":"type-product","3":"status-publish","4":"has-post-thumbnail","6":"product_cat-razors","7":"product_tag-kamisori","8":"product_tag-kinmoji","9":"product_tag-new","10":"product_tag-shave-ready","11":"product_shipping_class-light","13":"first","14":"outofstock","15":"shipping-taxable","16":"purchasable","17":"product-type-simple"},"_links":{"self":[{"href":"https:\/\/jnats.eu\/pt\/wp-json\/wp\/v2\/product\/3528","targetHints":{"allow":["GET"]}}],"collection":[{"href":"https:\/\/jnats.eu\/pt\/wp-json\/wp\/v2\/product"}],"about":[{"href":"https:\/\/jnats.eu\/pt\/wp-json\/wp\/v2\/types\/product"}],"replies":[{"embeddable":true,"href":"https:\/\/jnats.eu\/pt\/wp-json\/wp\/v2\/comments?post=3528"}],"wp:featuredmedia":[{"embeddable":true,"href":"https:\/\/jnats.eu\/pt\/wp-json\/wp\/v2\/media\/5017"}],"wp:attachment":[{"href":"https:\/\/jnats.eu\/pt\/wp-json\/wp\/v2\/media?parent=3528"}],"wp:term":[{"taxonomy":"product_brand","embeddable":true,"href":"https:\/\/jnats.eu\/pt\/wp-json\/wp\/v2\/product_brand?post=3528"},{"taxonomy":"product_cat","embeddable":true,"href":"https:\/\/jnats.eu\/pt\/wp-json\/wp\/v2\/product_cat?post=3528"},{"taxonomy":"product_tag","embeddable":true,"href":"https:\/\/jnats.eu\/pt\/wp-json\/wp\/v2\/product_tag?post=3528"}],"curies":[{"name":"wp","href":"https:\/\/api.w.org\/{rel}","templated":true}]}}