{"id":354,"date":"2024-03-04T10:32:51","date_gmt":"2024-03-04T08:32:51","guid":{"rendered":"http:\/\/jnats.eu\/?post_type=product&#038;p=354"},"modified":"2026-01-29T13:28:16","modified_gmt":"2026-01-29T11:28:16","slug":"medzioklinis-kalvio-darbo-peilis-k390-g10","status":"publish","type":"product","link":"https:\/\/jnats.eu\/pt\/produto-2\/medzioklinis-kalvio-darbo-peilis-k390-g10\/","title":{"rendered":"Faca de ca\u00e7a K390, G10"},"content":{"rendered":"<ul class=\"wp-block-list\">\n<li>Faca feita \u00e0 m\u00e3o pelo ferreiro Leonid Vasiliev<\/li>\n\n\n\n<li>A\u00e7o laminado revestido a p\u00f3 K390. A camada exterior de a\u00e7o mais macio protege contra a corros\u00e3o, aumenta a resist\u00eancia \u00e0 rutura e confere um aspeto \u00fanico. O a\u00e7o \u00e9 forjado com coque, que satura a superf\u00edcie do a\u00e7o com carbono, tornando-o ainda mais resistente ao desgaste.<\/li>\n\n\n\n<li>65 HRC<\/li>\n\n\n\n<li>Centro K390. Laminado: Aus8, n\u00edquel e 40\u00d713<\/li>\n\n\n\n<li>Dimens\u00f5es da l\u00e2mina: 135x30x3,9 mm<\/li>\n\n\n\n<li>Afiado a 36 graus<\/li>\n\n\n\n<li>Rankena G10. Material sint\u00e9tico resistente ao ambiente. 130 mm<\/li>\n\n\n\n<li>Estojo em pele genu\u00edna (\u00e0 m\u00e3o livre)<\/li>\n\n\n\n<li>Peso 188 g (280 g com estojo)<\/li>\n\n\n\n<li>Faca extremamente duradoura e resistente aos impactos. Fortemente recomendada apenas para cortar, uma vez que a pega n\u00e3o \u00e9 elevada para trabalhos dif\u00edceis.<\/li>\n<\/ul>\n\n\n\n<p>As propriedades do K390 s\u00e3o bastante excelentes, com boa robustez, resist\u00eancia \u00e0 abras\u00e3o muito elevada e reten\u00e7\u00e3o da afia\u00e7\u00e3o. O Vanadium 8 e o CPM-10V oferecem propriedades semelhantes, embora nenhum destes tr\u00eas tenha sido amplamente utilizado na produ\u00e7\u00e3o de facas. A combina\u00e7\u00e3o de for\u00e7a e resist\u00eancia ao desgaste \u00e9 incompar\u00e1vel com qualquer outro a\u00e7o inoxid\u00e1vel. O elevado teor de carbonetos de van\u00e1dio muito duros significa que tanto os fabricantes de facas como os grandes fabricantes de facas tendem a queixar-se da dificuldade de retifica\u00e7\u00e3o e polimento deste a\u00e7o. Como resultado, o K390, o Vanadium 8 e o CPM-10V provavelmente nunca alcan\u00e7ar\u00e3o o estatuto de \"mainstream\". (Fonte https:\/\/knifesteelnerds.com\/2023\/04\/11\/k390-best-high-wear-resistance-steel\/)<\/p>\n\n\n\n<figure class=\"wp-block-embed is-type-video is-provider-youtube wp-block-embed-youtube wp-embed-aspect-16-9 wp-has-aspect-ratio\"><div class=\"wp-block-embed__wrapper\">\n<div class=\"video-container\"><iframe title=\"Faca de ca\u00e7a K390\" width=\"1170\" height=\"658\" src=\"https:\/\/www.youtube.com\/embed\/5EQOqNbfS9A?feature=oembed\" frameborder=\"0\" allow=\"accelerometer; autoplay; clipboard-write; encrypted-media; gyroscope; picture-in-picture; web-share\" referrerpolicy=\"strict-origin-when-cross-origin\" allowfullscreen><\/iframe><\/div>\n<\/div><\/figure>\n\n\n\n<figure class=\"wp-block-embed is-type-video is-provider-youtube wp-block-embed-youtube wp-embed-aspect-16-9 wp-has-aspect-ratio\"><div class=\"wp-block-embed__wrapper\">\n<div class=\"video-container\"><iframe title=\"Faca em a\u00e7o em p\u00f3 k390\" width=\"1170\" height=\"658\" src=\"https:\/\/www.youtube.com\/embed\/yG9SaWlizNk?feature=oembed\" frameborder=\"0\" allow=\"accelerometer; autoplay; clipboard-write; encrypted-media; gyroscope; picture-in-picture; web-share\" referrerpolicy=\"strict-origin-when-cross-origin\" allowfullscreen><\/iframe><\/div>\n<\/div><\/figure>","protected":false},"excerpt":{"rendered":"<ul>\n<li>Faca feita \u00e0 m\u00e3o pelo ferreiro Leonid Vasiliev<\/li>\n<li>A\u00e7o laminado revestido a p\u00f3 K390. A camada exterior de a\u00e7o mais macio protege contra a corros\u00e3o, aumenta a resist\u00eancia \u00e0 rutura e confere um aspeto \u00fanico.<\/li>\n<li>65 HRC. Este a\u00e7o n\u00e3o est\u00e1 dispon\u00edvel em s\u00e9rie porque \u00e9 dif\u00edcil de processar e requer a escolha correta do tratamento t\u00e9rmico, o que requer tempo, energia, habilidade e esfor\u00e7o.\u00a0<\/li>\n<li>Centro K390. Laminado: Aus8, n\u00edquel e 40\u00d713. O a\u00e7o \u00e9 forjado com coque, o que enriquece o a\u00e7o com carbono e o torna ainda mais resistente ao desgaste.<\/li>\n<li>Dimens\u00f5es da l\u00e2mina: 135x30x3,9 mm<\/li>\n<li>Afiado a 36 graus<\/li>\n<li>Rankena G10. Material sint\u00e9tico resistente ao ambiente. 130 mm<\/li>\n<li>Estojo em pele genu\u00edna (\u00e0 m\u00e3o livre)<\/li>\n<li>Peso 188 g (280 g com estojo)<\/li>\n<li>Faca extremamente duradoura e resistente aos impactos. Recomendada apenas para cortar, uma vez que a tor\u00e7\u00e3o m\u00ednima n\u00e3o \u00e9 adequada para trabalhos grosseiros.<\/li>\n<\/ul>","protected":false},"featured_media":971,"comment_status":"open","ping_status":"closed","template":"","meta":[],"product_brand":[],"product_cat":[24],"product_tag":[77,75,76],"class_list":{"0":"post-354","1":"product","2":"type-product","3":"status-publish","4":"has-post-thumbnail","6":"product_cat-knifes","7":"product_tag-k390","8":"product_tag-medzioklinis-peilis","9":"product_tag-peilis","10":"product_shipping_class-iprastas","12":"first","13":"outofstock","14":"sale","15":"shipping-taxable","16":"purchasable","17":"product-type-simple"},"_links":{"self":[{"href":"https:\/\/jnats.eu\/pt\/wp-json\/wp\/v2\/product\/354","targetHints":{"allow":["GET"]}}],"collection":[{"href":"https:\/\/jnats.eu\/pt\/wp-json\/wp\/v2\/product"}],"about":[{"href":"https:\/\/jnats.eu\/pt\/wp-json\/wp\/v2\/types\/product"}],"replies":[{"embeddable":true,"href":"https:\/\/jnats.eu\/pt\/wp-json\/wp\/v2\/comments?post=354"}],"wp:featuredmedia":[{"embeddable":true,"href":"https:\/\/jnats.eu\/pt\/wp-json\/wp\/v2\/media\/971"}],"wp:attachment":[{"href":"https:\/\/jnats.eu\/pt\/wp-json\/wp\/v2\/media?parent=354"}],"wp:term":[{"taxonomy":"product_brand","embeddable":true,"href":"https:\/\/jnats.eu\/pt\/wp-json\/wp\/v2\/product_brand?post=354"},{"taxonomy":"product_cat","embeddable":true,"href":"https:\/\/jnats.eu\/pt\/wp-json\/wp\/v2\/product_cat?post=354"},{"taxonomy":"product_tag","embeddable":true,"href":"https:\/\/jnats.eu\/pt\/wp-json\/wp\/v2\/product_tag?post=354"}],"curies":[{"name":"wp","href":"https:\/\/api.w.org\/{rel}","templated":true}]}}