{"id":3573,"date":"2024-11-27T14:12:08","date_gmt":"2024-11-27T12:12:08","guid":{"rendered":"https:\/\/jnats.eu\/?post_type=product&#038;p=3573"},"modified":"2024-12-11T17:30:34","modified_gmt":"2024-12-11T15:30:34","slug":"kanemasa-super-extra-full-concave-finest-razor-shave-ready","status":"publish","type":"product","link":"https:\/\/jnats.eu\/pt\/produto-2\/kanemasa-super-extra-full-concave-finest-razor-shave-ready\/","title":{"rendered":"Kanemasa Super Extra Full Concave Finest Razor Shave ready"},"content":{"rendered":"<figure class=\"wp-block-embed is-type-video is-provider-youtube wp-block-embed-youtube wp-embed-aspect-16-9 wp-has-aspect-ratio\"><div class=\"wp-block-embed__wrapper\">\nhttps:\/\/youtu.be\/u2bkMysMpX0\n<\/div><\/figure>","protected":false},"excerpt":{"rendered":"<ul>\n<li>M\u00e1quina de barbear japonesa Kanemasa Super Extra pronta a usar<\/li>\n<li>Afia\u00e7\u00e3o conclu\u00edda com Nakayama Karasu Aisa + Correia Lama<\/li>\n<li>Corros\u00e3o danificada, l\u00e2mina limpa.<\/li>\n<li>Peso - 47 g<\/li>\n<li>Comprimento da l\u00e2mina - 72 mm<\/li>\n<li>Altura - 18 mm<\/li>\n<li>Espessura da fita - 5 mm<\/li>\n<li>Fabricada em a\u00e7o-carbono, que \u00e9 propenso a enferrujar, pelo que deve secar a m\u00e1quina de barbear ap\u00f3s a utiliza\u00e7\u00e3o e guard\u00e1-la num local seco. Para um armazenamento a longo prazo, lubrificar com massa lubrificante.<\/li>\n<li><strong>N\u00e3o ajuste a nitidez com papel em nenhuma circunst\u00e2ncia. Isso afiar\u00e1 qualquer l\u00e2mina de barbear!<\/strong><\/li>\n<\/ul>","protected":false},"featured_media":3577,"comment_status":"open","ping_status":"closed","template":"","meta":[],"product_brand":[],"product_cat":[23],"product_tag":[310,308],"class_list":{"0":"post-3573","1":"product","2":"type-product","3":"status-publish","4":"has-post-thumbnail","6":"product_cat-razors","7":"product_tag-kanemasa","8":"product_tag-shave-ready","9":"product_shipping_class-light","11":"first","12":"outofstock","13":"shipping-taxable","14":"purchasable","15":"product-type-simple"},"_links":{"self":[{"href":"https:\/\/jnats.eu\/pt\/wp-json\/wp\/v2\/product\/3573","targetHints":{"allow":["GET"]}}],"collection":[{"href":"https:\/\/jnats.eu\/pt\/wp-json\/wp\/v2\/product"}],"about":[{"href":"https:\/\/jnats.eu\/pt\/wp-json\/wp\/v2\/types\/product"}],"replies":[{"embeddable":true,"href":"https:\/\/jnats.eu\/pt\/wp-json\/wp\/v2\/comments?post=3573"}],"wp:featuredmedia":[{"embeddable":true,"href":"https:\/\/jnats.eu\/pt\/wp-json\/wp\/v2\/media\/3577"}],"wp:attachment":[{"href":"https:\/\/jnats.eu\/pt\/wp-json\/wp\/v2\/media?parent=3573"}],"wp:term":[{"taxonomy":"product_brand","embeddable":true,"href":"https:\/\/jnats.eu\/pt\/wp-json\/wp\/v2\/product_brand?post=3573"},{"taxonomy":"product_cat","embeddable":true,"href":"https:\/\/jnats.eu\/pt\/wp-json\/wp\/v2\/product_cat?post=3573"},{"taxonomy":"product_tag","embeddable":true,"href":"https:\/\/jnats.eu\/pt\/wp-json\/wp\/v2\/product_tag?post=3573"}],"curies":[{"name":"wp","href":"https:\/\/api.w.org\/{rel}","templated":true}]}}