{"id":3604,"date":"2024-12-01T13:29:01","date_gmt":"2024-12-01T11:29:01","guid":{"rendered":"https:\/\/jnats.eu\/?post_type=product&#038;p=3604"},"modified":"2024-12-17T13:30:57","modified_gmt":"2024-12-17T11:30:57","slug":"le-moulin-vintazinis-paruostas-skustis-skustuvas","status":"publish","type":"product","link":"https:\/\/jnats.eu\/pt\/produto-2\/le-moulin-vintazinis-paruostas-skustis-skustuvas\/","title":{"rendered":"\u00a0Navalha Le Moulin Vintage pronta a barbear"},"content":{"rendered":"<figure class=\"wp-block-embed is-type-video is-provider-youtube wp-block-embed-youtube wp-embed-aspect-16-9 wp-has-aspect-ratio\"><div class=\"wp-block-embed__wrapper\">\n<div class=\"video-container\"><iframe title=\"Aoto, Aizu, Ohira Suite, Ozuku - Afia\u00e7\u00e3o de l\u00e2minas de barbear Le Moulin\" width=\"1170\" height=\"658\" src=\"https:\/\/www.youtube.com\/embed\/5Q8Nm6aKSYc?start=1520&#038;feature=oembed\" frameborder=\"0\" allow=\"accelerometer; autoplay; clipboard-write; encrypted-media; gyroscope; picture-in-picture; web-share\" referrerpolicy=\"strict-origin-when-cross-origin\" allowfullscreen><\/iframe><\/div>\n<\/div><\/figure>","protected":false},"excerpt":{"rendered":"<ul>\n<li>L\u00e2mina de barbear Vintage Le Moulin pronta a barbear<\/li>\n<li>Afia\u00e7\u00e3o conclu\u00edda com Ozuku Mizu Asagi + cinto Kanayama<\/li>\n<li>A navalha est\u00e1 corro\u00edda em alguns s\u00edtios, a l\u00e2mina est\u00e1 limpa.<\/li>\n<li>Peso - 56 g<\/li>\n<li>Comprimento da l\u00e2mina - 76 mm<\/li>\n<li>Altura - 18 mm<\/li>\n<li>Espessura da fita - 5 mm<\/li>\n<li>Fabricada em a\u00e7o-carbono, que \u00e9 propenso a enferrujar, pelo que deve secar a m\u00e1quina de barbear ap\u00f3s a utiliza\u00e7\u00e3o e guard\u00e1-la num local seco. Para um armazenamento a longo prazo, lubrificar com massa lubrificante.<\/li>\n<li><strong>N\u00e3o ajuste a nitidez com papel em nenhuma circunst\u00e2ncia. Isso afiar\u00e1 qualquer l\u00e2mina de barbear!<\/strong><\/li>\n<\/ul>","protected":false},"featured_media":3618,"comment_status":"open","ping_status":"closed","template":"","meta":[],"product_brand":[],"product_cat":[23],"product_tag":[311,308],"class_list":{"0":"post-3604","1":"product","2":"type-product","3":"status-publish","4":"has-post-thumbnail","6":"product_cat-razors","7":"product_tag-le-moulin","8":"product_tag-shave-ready","9":"product_shipping_class-light","11":"first","12":"outofstock","13":"shipping-taxable","14":"purchasable","15":"product-type-simple"},"_links":{"self":[{"href":"https:\/\/jnats.eu\/pt\/wp-json\/wp\/v2\/product\/3604","targetHints":{"allow":["GET"]}}],"collection":[{"href":"https:\/\/jnats.eu\/pt\/wp-json\/wp\/v2\/product"}],"about":[{"href":"https:\/\/jnats.eu\/pt\/wp-json\/wp\/v2\/types\/product"}],"replies":[{"embeddable":true,"href":"https:\/\/jnats.eu\/pt\/wp-json\/wp\/v2\/comments?post=3604"}],"wp:featuredmedia":[{"embeddable":true,"href":"https:\/\/jnats.eu\/pt\/wp-json\/wp\/v2\/media\/3618"}],"wp:attachment":[{"href":"https:\/\/jnats.eu\/pt\/wp-json\/wp\/v2\/media?parent=3604"}],"wp:term":[{"taxonomy":"product_brand","embeddable":true,"href":"https:\/\/jnats.eu\/pt\/wp-json\/wp\/v2\/product_brand?post=3604"},{"taxonomy":"product_cat","embeddable":true,"href":"https:\/\/jnats.eu\/pt\/wp-json\/wp\/v2\/product_cat?post=3604"},{"taxonomy":"product_tag","embeddable":true,"href":"https:\/\/jnats.eu\/pt\/wp-json\/wp\/v2\/product_tag?post=3604"}],"curies":[{"name":"wp","href":"https:\/\/api.w.org\/{rel}","templated":true}]}}