{"id":3628,"date":"2024-12-04T14:08:20","date_gmt":"2024-12-04T12:08:20","guid":{"rendered":"https:\/\/jnats.eu\/?post_type=product&#038;p=3628"},"modified":"2024-12-05T15:12:19","modified_gmt":"2024-12-05T13:12:19","slug":"naudotas-new-azuma-kamisori-paruostas-skustis","status":"publish","type":"product","link":"https:\/\/jnats.eu\/pt\/produto-2\/naudotas-new-azuma-kamisori-paruostas-skustis\/","title":{"rendered":"Azuma Kamisori novo usado, pronto a barbear"},"content":{"rendered":"<figure class=\"wp-block-embed is-type-video is-provider-youtube wp-block-embed-youtube wp-embed-aspect-16-9 wp-has-aspect-ratio\"><div class=\"wp-block-embed__wrapper\">\n<div class=\"video-container\"><iframe title=\"Novo Azuma Kamisori Shave Ready\" width=\"1170\" height=\"658\" src=\"https:\/\/www.youtube.com\/embed\/8Dz7XgS6_gI?feature=oembed\" frameborder=\"0\" allow=\"accelerometer; autoplay; clipboard-write; encrypted-media; gyroscope; picture-in-picture; web-share\" referrerpolicy=\"strict-origin-when-cross-origin\" allowfullscreen><\/iframe><\/div>\n<\/div><\/figure>","protected":false},"excerpt":{"rendered":"<ul>\n<li>Pronta a barbear, a m\u00e1quina de barbear japonesa New Azuma Kamisori usada.<\/li>\n<li>Afia\u00e7\u00e3o conclu\u00edda com Shobudani Karasu + cinto Knayama<\/li>\n<li>Controlo microsc\u00f3pico: aus\u00eancia de fissuras ou de corros\u00e3o na l\u00e2mina<\/li>\n<li>Peso - 38 g<\/li>\n<li>Comprimento da l\u00e2mina - 38 mm<\/li>\n<li>Altura - 17 mm<\/li>\n<li>Espessura da fita - 5 mm<\/li>\n<li>Fabricada em a\u00e7o-carbono, que \u00e9 propenso a enferrujar, pelo que deve secar a m\u00e1quina de barbear ap\u00f3s a utiliza\u00e7\u00e3o e guard\u00e1-la num local seco. Para um armazenamento a longo prazo, lubrificar com massa lubrificante.<\/li>\n<li>O n\u00facleo duro est\u00e1 rodeado por um a\u00e7o mais macio, que protege contra poss\u00edveis quebras em caso de queda da m\u00e1quina de barbear.<\/li>\n<li>Pega de pl\u00e1stico.<\/li>\n<li><strong>N\u00e3o ajuste a nitidez com papel em nenhuma circunst\u00e2ncia. Isso afiar\u00e1 qualquer l\u00e2mina de barbear!<\/strong><\/li>\n<\/ul>","protected":false},"featured_media":3636,"comment_status":"open","ping_status":"closed","template":"","meta":[],"product_brand":[],"product_cat":[23],"product_tag":[312,25],"class_list":{"0":"post-3628","1":"product","2":"type-product","3":"status-publish","4":"has-post-thumbnail","6":"product_cat-razors","7":"product_tag-azuma","8":"product_tag-kamisori","9":"product_shipping_class-light","11":"first","12":"outofstock","13":"shipping-taxable","14":"purchasable","15":"product-type-simple"},"_links":{"self":[{"href":"https:\/\/jnats.eu\/pt\/wp-json\/wp\/v2\/product\/3628","targetHints":{"allow":["GET"]}}],"collection":[{"href":"https:\/\/jnats.eu\/pt\/wp-json\/wp\/v2\/product"}],"about":[{"href":"https:\/\/jnats.eu\/pt\/wp-json\/wp\/v2\/types\/product"}],"replies":[{"embeddable":true,"href":"https:\/\/jnats.eu\/pt\/wp-json\/wp\/v2\/comments?post=3628"}],"wp:featuredmedia":[{"embeddable":true,"href":"https:\/\/jnats.eu\/pt\/wp-json\/wp\/v2\/media\/3636"}],"wp:attachment":[{"href":"https:\/\/jnats.eu\/pt\/wp-json\/wp\/v2\/media?parent=3628"}],"wp:term":[{"taxonomy":"product_brand","embeddable":true,"href":"https:\/\/jnats.eu\/pt\/wp-json\/wp\/v2\/product_brand?post=3628"},{"taxonomy":"product_cat","embeddable":true,"href":"https:\/\/jnats.eu\/pt\/wp-json\/wp\/v2\/product_cat?post=3628"},{"taxonomy":"product_tag","embeddable":true,"href":"https:\/\/jnats.eu\/pt\/wp-json\/wp\/v2\/product_tag?post=3628"}],"curies":[{"name":"wp","href":"https:\/\/api.w.org\/{rel}","templated":true}]}}