{"id":3651,"date":"2025-07-21T10:46:30","date_gmt":"2025-07-21T07:46:30","guid":{"rendered":"https:\/\/jnats.eu\/?post_type=product&#038;p=3651"},"modified":"2025-10-04T01:47:52","modified_gmt":"2025-10-03T22:47:52","slug":"tradicinis-japoniskas-skustuvas-kamisori-henkotsu-shave-ready","status":"publish","type":"product","link":"https:\/\/jnats.eu\/pt\/produto-2\/tradicinis-japoniskas-skustuvas-kamisori-henkotsu-shave-ready\/","title":{"rendered":"Navalha tradicional japonesa Kamisori Henkotsu NOS"},"content":{"rendered":"<figure class=\"wp-block-embed is-type-video is-provider-youtube wp-block-embed-youtube wp-embed-aspect-16-9 wp-has-aspect-ratio\"><div class=\"wp-block-embed__wrapper\">\n<div class=\"video-container\"><iframe title=\"Navalha tradicional japonesa Kamisori Henkotsu NOS\" width=\"1170\" height=\"658\" src=\"https:\/\/www.youtube.com\/embed\/DL54bPgnt04?feature=oembed\" frameborder=\"0\" allow=\"accelerometer; autoplay; clipboard-write; encrypted-media; gyroscope; picture-in-picture; web-share\" referrerpolicy=\"strict-origin-when-cross-origin\" allowfullscreen><\/iframe><\/div>\n<\/div><\/figure>\n\n\n\n<p><strong>Henkotsu kamisori NOS (Novo stock antigo)<\/strong> - uma das mais conhecidas marcas japonesas de kamisori, produzida em meados do s\u00e9culo XX para uso profissional. As m\u00e1quinas de barbear Henkotsu s\u00e3o apreciadas por:<\/p>\n\n\n\n<ul class=\"wp-block-list\">\n<li>alta qualidade <strong>A\u00e7o Yasuki<\/strong> (principalmente Shirogami #2),<\/li>\n\n\n\n<li>geometria exacta,<\/li>\n\n\n\n<li>bom comportamento em termos de nitidez,<\/li>\n\n\n\n<li>hist\u00f3rias - tanto para utiliza\u00e7\u00e3o por cabeleireiros profissionais como para exporta\u00e7\u00e3o para outros pa\u00edses.<\/li>\n<\/ul>\n\n\n\n<p>Como uma espada tradicional de samurai, estas Kamisori foram forjadas \u00e0 m\u00e3o a partir de 2 camadas, a parte cortante feita de a\u00e7o de alto carbono e a camada de suporte de um a\u00e7o mais simples. A camada de a\u00e7o \u00e9 fr\u00e1gil e dura, enquanto a bainha proporciona a flexibilidade necess\u00e1ria.<\/p>\n\n\n\n<p>Ambas as camadas n\u00e3o s\u00e3o \u00e0 prova de ferrugem, por isso mantenha sempre a l\u00e2mina seca depois de fazer a barba e proteja-a com uma fina camada de \u00f3leo. Porque \u00e9 que esta l\u00e2mina enferruja? As l\u00e2minas sem ferrugem s\u00e3o feitas de uma liga que evita manchas de corros\u00e3o, mas que tamb\u00e9m \u00e9 menos dura. O a\u00e7o com alto teor de carbono, como a camada de corte desta Kamisori, proporciona uma dureza muito superior e permite-lhe barbear-se suavemente durante muito mais tempo antes de precisar de a afiar novamente!<\/p>","protected":false},"excerpt":{"rendered":"<ul>\n<li>L\u00e2mina de barbear japonesa Henkotsu Kamisori vintage n\u00e3o utilizada.<\/li>\n<li>Todas as dimens\u00f5es e pesos variam ligeiramente devido ao facto de serem feitos \u00e0 m\u00e3o<\/li>\n<li>Peso - 33 g<\/li>\n<li>Comprimento da l\u00e2mina - 45 mm<\/li>\n<li>Altura - 19 mm<\/li>\n<li>Espessura da fita - 5 mm<\/li>\n<li>Comprimento total - 148 mm<\/li>\n<li>Fabricada em a\u00e7o-carbono, que \u00e9 propenso a enferrujar, pelo que deve secar a m\u00e1quina de barbear ap\u00f3s a utiliza\u00e7\u00e3o e guard\u00e1-la num local seco. Para um armazenamento a longo prazo, lubrificar com massa lubrificante.<\/li>\n<li>O n\u00facleo duro est\u00e1 rodeado por um a\u00e7o mais macio, que protege contra poss\u00edveis quebras em caso de queda da m\u00e1quina de barbear.<\/li>\n<li>Ligeiramente afetado pela corros\u00e3o.<\/li>\n<li>se n\u00e3o vir o artigo na lista, \u00e9 porque foi vendido.<\/li>\n<\/ul>","protected":false},"featured_media":5033,"comment_status":"open","ping_status":"closed","template":"","meta":[],"product_brand":[],"product_cat":[23],"product_tag":[314,25,313],"class_list":{"0":"post-3651","1":"product","2":"type-product","3":"status-publish","4":"has-post-thumbnail","6":"product_cat-razors","7":"product_tag-henkotsu","8":"product_tag-kamisori","9":"product_tag-kamisori-henkotsu","10":"product_shipping_class-light","12":"first","13":"instock","14":"shipping-taxable","15":"purchasable","16":"product-type-variable"},"_links":{"self":[{"href":"https:\/\/jnats.eu\/pt\/wp-json\/wp\/v2\/product\/3651","targetHints":{"allow":["GET"]}}],"collection":[{"href":"https:\/\/jnats.eu\/pt\/wp-json\/wp\/v2\/product"}],"about":[{"href":"https:\/\/jnats.eu\/pt\/wp-json\/wp\/v2\/types\/product"}],"replies":[{"embeddable":true,"href":"https:\/\/jnats.eu\/pt\/wp-json\/wp\/v2\/comments?post=3651"}],"wp:featuredmedia":[{"embeddable":true,"href":"https:\/\/jnats.eu\/pt\/wp-json\/wp\/v2\/media\/5033"}],"wp:attachment":[{"href":"https:\/\/jnats.eu\/pt\/wp-json\/wp\/v2\/media?parent=3651"}],"wp:term":[{"taxonomy":"product_brand","embeddable":true,"href":"https:\/\/jnats.eu\/pt\/wp-json\/wp\/v2\/product_brand?post=3651"},{"taxonomy":"product_cat","embeddable":true,"href":"https:\/\/jnats.eu\/pt\/wp-json\/wp\/v2\/product_cat?post=3651"},{"taxonomy":"product_tag","embeddable":true,"href":"https:\/\/jnats.eu\/pt\/wp-json\/wp\/v2\/product_tag?post=3651"}],"curies":[{"name":"wp","href":"https:\/\/api.w.org\/{rel}","templated":true}]}}