{"id":3679,"date":"2025-12-16T14:37:04","date_gmt":"2025-12-16T12:37:04","guid":{"rendered":"https:\/\/jnats.eu\/?post_type=product&#038;p=3679"},"modified":"2026-02-12T13:14:33","modified_gmt":"2026-02-12T11:14:33","slug":"nos-kamisori-tamahagane-pauvlonijos-dezuteje","status":"publish","type":"product","link":"https:\/\/jnats.eu\/pt\/produto-2\/nos-kamisori-tamahagane-pauvlonijos-dezuteje\/","title":{"rendered":"Kamisori Tamahagane Premium NOS numa caixa pauvlonia"},"content":{"rendered":"<p>Existem vest\u00edgios de tempo e ferrugem. Ver com aten\u00e7\u00e3o as fotografias e o v\u00eddeo. As l\u00e2minas de barbear est\u00e3o afiadas, mas de prefer\u00eancia com uma pedra adequada e um cinto de cordov\u00e3o. Para as pessoas menos exigentes, \u00e9 adequado fazer a barba de uma s\u00f3 vez.<\/p>\n\n\n\n<figure class=\"wp-block-embed is-type-video is-provider-youtube wp-block-embed-youtube wp-embed-aspect-9-16 wp-has-aspect-ratio\"><div class=\"wp-block-embed__wrapper\">\n<div class=\"video-container\"><iframe title=\"Aut\u00eantico Tamahagane Kamisori | NOS Artesanato japon\u00eas #tamahagane\" width=\"563\" height=\"1000\" src=\"https:\/\/www.youtube.com\/embed\/UoiK7YYzXa0?feature=oembed\" frameborder=\"0\" allow=\"accelerometer; autoplay; clipboard-write; encrypted-media; gyroscope; picture-in-picture; web-share\" referrerpolicy=\"strict-origin-when-cross-origin\" allowfullscreen><\/iframe><\/div>\n<\/div><\/figure>\n\n\n\n<h2 class=\"wp-block-heading\">Tradu\u00e7\u00e3o:<\/h2>\n\n\n\n<h3 class=\"wp-block-heading\">Na caixa<\/h3>\n\n\n\n<ul class=\"wp-block-list\">\n<li><strong>\u767b\u9332\u5546\u6a19<\/strong><br>Tradu\u00e7\u00e3o: <em>Marca registada<\/em>.<\/li>\n\n\n\n<li><strong>\u7279\u64b0<\/strong><br>Tradu\u00e7\u00e3o: <em>Especialmente selecionado<\/em> ou <em>qualidade superior<\/em>.<\/li>\n<\/ul>\n\n\n\n<h3 class=\"wp-block-heading\">Na l\u00e2mina de barbear<\/h3>\n\n\n\n<ol class=\"wp-block-list\">\n<li><strong>\u7d14\u6b63\u92fc\u51a0\u884c<\/strong><br>Tradu\u00e7\u00e3o: <em>\"A\u00e7o Tamahagane genu\u00edno \"<\/em> via <em>\"A\u00e7o de qualidade superior\"<\/em>.<\/li>\n\n\n\n<li><strong>\u7279\u7d1a\u767b\u9332<\/strong><br>Tradu\u00e7\u00e3o: <em>\"Classe especial registada\"<\/em> (produto de qualidade superior).<\/li>\n\n\n\n<li><strong>\u559c<\/strong><br>\u00c9 um s\u00edmbolo de alegria utilizado para a cria\u00e7\u00e3o de marcas.<\/li>\n<\/ol>\n\n\n\n<p>Semelhante a uma espada tradicional de samurai, esta Kamisori foi forjada \u00e0 m\u00e3o a partir de 2 camadas, a parte cortante feita de a\u00e7o carbono duro e a camada de suporte macia. O que torna esta Kamisori especial \u00e9 o facto de o a\u00e7o ser genu\u00edno Tamahagane. O Tamahagane \u00e9 um a\u00e7o tradicional fabricado no Jap\u00e3o h\u00e1 s\u00e9culos a partir da areia \"f\u00e9rrea\" e do carv\u00e3o que a\u00ed se encontram. Uma vez que o Jap\u00e3o n\u00e3o disp\u00f5e de grandes recursos de min\u00e9rio de ferro, o a\u00e7o \u00e9 fabricado a partir de areia de ferro num processo que demora v\u00e1rios dias \u00e0 m\u00e3o. Esta era a principal fonte de material para todas as espadas dos samurais. A camada de a\u00e7o \u00e9 fr\u00e1gil e dura (endurecida at\u00e9 70HRC), enquanto a estrutura mais macia proporciona a flexibilidade necess\u00e1ria.<\/p>\n\n\n\n<p>Ambas as camadas n\u00e3o s\u00e3o \u00e0 prova de ferrugem, por isso mantenha sempre a m\u00e1quina de barbear seca depois de fazer a barba e proteja-a com uma fina camada de lubrificante. Porque \u00e9 que esta m\u00e1quina de barbear n\u00e3o enferruja? As m\u00e1quinas de barbear em a\u00e7o inoxid\u00e1vel s\u00e3o fabricadas numa liga que evita manchas de corros\u00e3o, mas tamb\u00e9m as torna menos duras e menos afiadas. O a\u00e7o com alto teor de carbono, como a camada de corte desta Kamisori, permite uma dureza muito maior e manter\u00e1 um barbear suave durante muito mais tempo antes de precisar de ser afiado novamente, especialmente esta camada de Tamahagane!<\/p>\n\n\n\n<p>O a\u00e7o Tamahagane \u7389\u92fc, um material lend\u00e1rio e venerado no fabrico tradicional de espadas japonesas, ocupa um lugar especial no cora\u00e7\u00e3o de artes\u00e3os e entusiastas. Reconhecido pela sua excecional qualidade e meticuloso processo de desenvolvimento, o a\u00e7o Tamahagane incorpora a combina\u00e7\u00e3o perfeita de arte, tradi\u00e7\u00e3o e funcionalidade. <\/p>\n\n\n\n<p>Abaixo pode ver a minha ceifeira afiada:<\/p>\n\n\n\n<figure class=\"wp-block-embed is-type-video is-provider-youtube wp-block-embed-youtube wp-embed-aspect-16-9 wp-has-aspect-ratio\"><div class=\"wp-block-embed__wrapper\">\n<div class=\"video-container\"><iframe title=\"NOS Kamisori Tamahagane Shave ready\" width=\"1170\" height=\"658\" src=\"https:\/\/www.youtube.com\/embed\/a2fycebA5I4?feature=oembed\" frameborder=\"0\" allow=\"accelerometer; autoplay; clipboard-write; encrypted-media; gyroscope; picture-in-picture; web-share\" referrerpolicy=\"strict-origin-when-cross-origin\" allowfullscreen><\/iframe><\/div>\n<\/div><\/figure>","protected":false},"excerpt":{"rendered":"<p>N.O.S. (New old Stock) Navalha Kamisori japonesa em a\u00e7o Tamahagane \u7389\u92fc ultra-duro (at\u00e9 70 HRC). kamisori de tamanho m\u00e9dio e leve. A navalha foi fabricada no per\u00edodo Showa, por volta da d\u00e9cada de 1960. Ser\u00e1 do agrado daqueles que gostam de barbear agressivo.<\/p>\n<p>\u7d14\u7389\u92fc (Jun Tama Hagane), que significa \"A\u00e7o Tamahagane Puro\". O texto adicional \"\u5225\u6253\" (Betsuuchi) significa \"Forjado a Longo Prazo\". O forjamento longo torna a estrutura do a\u00e7o mais homog\u00e9nea e mais forte, e remove as impurezas desnecess\u00e1rias. Isto permite que a ferramenta seja afiada com maior nitidez e que a afia\u00e7\u00e3o dure visivelmente mais tempo.<\/p>\n<p>\u7279 \u7ea7 \u7f16 = Edi\u00e7\u00e3o especial<\/p>\n<p>Marca <strong>\"\u559c\"<\/strong> (s\u00edmbolo de alegria) e a marca de qualidade exclusiva \"\u7279\u64b0\" (premium) indicam que esta \u00e9 uma ferramenta de barbear japonesa de alta qualidade, fabricada com aten\u00e7\u00e3o aos pormenores e utilizando a\u00e7o da melhor qualidade.<\/p>\n<p><strong>As dimens\u00f5es de todos os Kamisori s\u00e3o ligeiramente diferentes porque s\u00e3o feitos \u00e0 m\u00e3o!<\/strong><\/p>\n<ul>\n<li>Comprimento aproximado de 152 mm<\/li>\n<li>Altura aprox. 17 mm<\/li>\n<li>Comprimento do gume de corte aprox. 43 mm<\/li>\n<li>espessura aprox. 4 mm<\/li>\n<li>peso aproximado de 41 g.<\/li>\n<li>pega de pl\u00e1stico<\/li>\n<\/ul>","protected":false},"featured_media":5539,"comment_status":"open","ping_status":"closed","template":"","meta":[],"product_brand":[],"product_cat":[23],"product_tag":[25,26],"class_list":{"0":"post-3679","1":"product","2":"type-product","3":"status-publish","4":"has-post-thumbnail","6":"product_cat-razors","7":"product_tag-kamisori","8":"product_tag-tamahagane","9":"product_shipping_class-light","11":"first","12":"outofstock","13":"shipping-taxable","14":"product-type-variable"},"_links":{"self":[{"href":"https:\/\/jnats.eu\/pt\/wp-json\/wp\/v2\/product\/3679","targetHints":{"allow":["GET"]}}],"collection":[{"href":"https:\/\/jnats.eu\/pt\/wp-json\/wp\/v2\/product"}],"about":[{"href":"https:\/\/jnats.eu\/pt\/wp-json\/wp\/v2\/types\/product"}],"replies":[{"embeddable":true,"href":"https:\/\/jnats.eu\/pt\/wp-json\/wp\/v2\/comments?post=3679"}],"wp:featuredmedia":[{"embeddable":true,"href":"https:\/\/jnats.eu\/pt\/wp-json\/wp\/v2\/media\/5539"}],"wp:attachment":[{"href":"https:\/\/jnats.eu\/pt\/wp-json\/wp\/v2\/media?parent=3679"}],"wp:term":[{"taxonomy":"product_brand","embeddable":true,"href":"https:\/\/jnats.eu\/pt\/wp-json\/wp\/v2\/product_brand?post=3679"},{"taxonomy":"product_cat","embeddable":true,"href":"https:\/\/jnats.eu\/pt\/wp-json\/wp\/v2\/product_cat?post=3679"},{"taxonomy":"product_tag","embeddable":true,"href":"https:\/\/jnats.eu\/pt\/wp-json\/wp\/v2\/product_tag?post=3679"}],"curies":[{"name":"wp","href":"https:\/\/api.w.org\/{rel}","templated":true}]}}