{"id":377,"date":"2024-03-04T14:16:15","date_gmt":"2024-03-04T12:16:15","guid":{"rendered":"http:\/\/jnats.eu\/?post_type=product&#038;p=377"},"modified":"2024-05-03T11:33:34","modified_gmt":"2024-05-03T08:33:34","slug":"kioto-specialiai-atrinktas-naturalaus-galandinimo-akmuo-shomotoyama-shiro-renge-suita","status":"publish","type":"product","link":"https:\/\/jnats.eu\/pt\/produto-2\/kioto-specialiai-atrinktas-naturalaus-galandinimo-akmuo-shomotoyama-shiro-renge-suita\/","title":{"rendered":"Pedra de afiar natural especialmente selecionada de Quioto Shomotoyama Shiro Renge Suita"},"content":{"rendered":"<p>A Shiro Renge Suita \u00e9 uma pedra de amolar, tamb\u00e9m conhecida como pedra de afiar, normalmente utilizada nas t\u00e9cnicas tradicionais japonesas de afiar facas. \u00c9 muito apreciada por entusiastas e profissionais pela sua qualidade excecional e pela sua capacidade de criar um gume afiado.<\/p>\n\n\n\n<p><strong>Descri\u00e7\u00e3o das pedras de amolar Shiro Renge Suita:<\/strong><\/p>\n\n\n\n<p>Material: O Shiro Renge Suita \u00e9 normalmente fabricado a partir de pedras sedimentares naturais encontradas nas montanhas do Jap\u00e3o. Estas pedras s\u00e3o conhecidas pela sua estrutura de gr\u00e3o fino, que permite afiar e polir com precis\u00e3o as l\u00e2minas das facas.<\/p>\n\n\n\n<p>Finura: O Shiro Renge Suita situa-se geralmente na gama de gr\u00e3o m\u00e9dio a baixo. A finura refere-se \u00e0 rugosidade da superf\u00edcie da pedra e determina o n\u00edvel de abrasividade. Esta pedra \u00e9 frequentemente utilizada nas fases finais da afia\u00e7\u00e3o para refinar o gume e obter um acabamento espelhado.<\/p>\n\n\n\n<p>Versatilidade: o Shiro Renge Suita \u00e9 utilizado principalmente para afiar facas de estilo japon\u00eas, como as facas de sushi ou sashimi, mas tamb\u00e9m pode ser utilizado para afiar outros tipos de facas, incluindo facas de cozinha, ferramentas de carpintaria e at\u00e9 l\u00e2minas de barbear.<\/p>\n\n\n\n<p>Utiliza\u00e7\u00e3o da \u00e1gua: tal como a maioria das pedras japonesas, a Shiro Renge Suita deve ser humedecida com \u00e1gua morna antes de ser utilizada. Este processo ajuda a evitar que a pedra seque e proporciona lubrifica\u00e7\u00e3o para o processo de afiar.<\/p>\n\n\n\n<p>Cuidados e manuten\u00e7\u00e3o: cuidados e manuten\u00e7\u00e3o adequados s\u00e3o essenciais para garantir a longevidade e a efic\u00e1cia das pedras de amolar Shiro Renge Suita. Ap\u00f3s a utiliza\u00e7\u00e3o, devem ser lavadas cuidadosamente e deixadas a secar completamente antes de serem guardadas. Para al\u00e9m disso, o alisamento peri\u00f3dico da superf\u00edcie ajuda a manter uma superf\u00edcie de afia\u00e7\u00e3o uniforme.<\/p>\n\n\n\n<p>Qualidade artesanal: muitas pedras de amolar vintage Shiro Renge Suita s\u00e3o fabricadas por artes\u00e3os qualificados que conhecem bem as propriedades e caracter\u00edsticas da pedra. Este trabalho artesanal garante a consist\u00eancia e a qualidade de cada pedra produzida.<\/p>\n\n\n\n<p>De um modo geral, a pedra de amolar Shiro Renge Suita \u00e9 valorizada pela sua capacidade de afiar os gumes das facas at\u00e9 obter superf\u00edcies excecionalmente afiadas e polidas, o que a torna uma ferramenta valiosa para chefes de cozinha, entusiastas da culin\u00e1ria e artes\u00e3os que exigem precis\u00e3o e qualidade no seu trabalho.<\/p>","protected":false},"excerpt":{"rendered":"<ul>\n<li>Pedra de afiar Shiro Renge Suita vintage, n\u00e3o utilizada<\/li>\n<li>Dimens\u00f5es <span class=\"VIpgJd-yAWNEb-VIpgJd-fmcmS-sn54Q\">195 x 73<\/span><span class=\"VIpgJd-yAWNEb-VIpgJd-fmcmS-sn54Q\">\u00a0x\u00a0<\/span><span class=\"VIpgJd-yAWNEb-VIpgJd-fmcmS-sn54Q\">26<\/span><\/li>\n<li>Dureza: Lv 4<\/li>\n<li>Peso com suporte: 1018 g<\/li>\n<\/ul>","protected":false},"featured_media":2478,"comment_status":"open","ping_status":"closed","template":"","meta":[],"product_brand":[],"product_cat":[22],"product_tag":[86,87,88,50],"class_list":{"0":"post-377","1":"product","2":"type-product","3":"status-publish","4":"has-post-thumbnail","6":"product_cat-jnats","7":"product_tag-renge","8":"product_tag-shiro","9":"product_tag-shomotoyama","10":"product_tag-suita","11":"product_shipping_class-iprastas","13":"first","14":"instock","15":"sale","16":"shipping-taxable","17":"purchasable","18":"product-type-simple"},"_links":{"self":[{"href":"https:\/\/jnats.eu\/pt\/wp-json\/wp\/v2\/product\/377","targetHints":{"allow":["GET"]}}],"collection":[{"href":"https:\/\/jnats.eu\/pt\/wp-json\/wp\/v2\/product"}],"about":[{"href":"https:\/\/jnats.eu\/pt\/wp-json\/wp\/v2\/types\/product"}],"replies":[{"embeddable":true,"href":"https:\/\/jnats.eu\/pt\/wp-json\/wp\/v2\/comments?post=377"}],"wp:featuredmedia":[{"embeddable":true,"href":"https:\/\/jnats.eu\/pt\/wp-json\/wp\/v2\/media\/2478"}],"wp:attachment":[{"href":"https:\/\/jnats.eu\/pt\/wp-json\/wp\/v2\/media?parent=377"}],"wp:term":[{"taxonomy":"product_brand","embeddable":true,"href":"https:\/\/jnats.eu\/pt\/wp-json\/wp\/v2\/product_brand?post=377"},{"taxonomy":"product_cat","embeddable":true,"href":"https:\/\/jnats.eu\/pt\/wp-json\/wp\/v2\/product_cat?post=377"},{"taxonomy":"product_tag","embeddable":true,"href":"https:\/\/jnats.eu\/pt\/wp-json\/wp\/v2\/product_tag?post=377"}],"curies":[{"name":"wp","href":"https:\/\/api.w.org\/{rel}","templated":true}]}}