{"id":3879,"date":"2025-01-29T14:38:22","date_gmt":"2025-01-29T12:38:22","guid":{"rendered":"https:\/\/jnats.eu\/?post_type=product&#038;p=3879"},"modified":"2026-02-04T16:13:56","modified_gmt":"2026-02-04T14:13:56","slug":"naudoti-japoniski-vintaziniai-skustuvai-kamisori","status":"publish","type":"product","link":"https:\/\/jnats.eu\/pt\/produto-2\/naudoti-japoniski-vintaziniai-skustuvai-kamisori\/","title":{"rendered":"L\u00e2minas de barbear japonesas vintage Kamisori usadas"},"content":{"rendered":"<figure class=\"wp-block-embed is-type-video is-provider-youtube wp-block-embed-youtube wp-embed-aspect-16-9 wp-has-aspect-ratio\"><div class=\"wp-block-embed__wrapper\">\n<div class=\"video-container\"><iframe title=\"Kamisori\" width=\"1170\" height=\"658\" src=\"https:\/\/www.youtube.com\/embed\/Es3h28h7VN8?feature=oembed\" frameborder=\"0\" allow=\"accelerometer; autoplay; clipboard-write; encrypted-media; gyroscope; picture-in-picture; web-share\" referrerpolicy=\"strict-origin-when-cross-origin\" allowfullscreen><\/iframe><\/div>\n<\/div><\/figure>\n\n\n\n<p>Como uma espada tradicional de samurai, estas Kamisori foram forjadas \u00e0 m\u00e3o a partir de 2 camadas, a parte cortante feita de a\u00e7o de alto carbono e a camada de suporte de um a\u00e7o mais simples. A camada de a\u00e7o \u00e9 fr\u00e1gil e dura, enquanto a bainha proporciona a flexibilidade necess\u00e1ria.<\/p>\n\n\n\n<p>Ambas as camadas n\u00e3o s\u00e3o \u00e0 prova de ferrugem, por isso, mantenha sempre a m\u00e1quina de barbear seca ap\u00f3s o barbear e proteja-a com uma fina camada de \u00f3leo. Porque \u00e9 que o a\u00e7o enferrujado foi escolhido para esta m\u00e1quina de barbear? As m\u00e1quinas de barbear sem ferrugem s\u00e3o feitas de uma liga que evita as manchas de corros\u00e3o, mas que tamb\u00e9m \u00e9 menos dura e menos afiada. O a\u00e7o com alto teor de carbono, como a camada de corte desta Kamisori, tem uma dureza muito maior e mant\u00e9m um barbear suave durante muito mais tempo antes de precisar de ser afiado novamente, e pode ser afiado com muito mais nitidez!<\/p>","protected":false},"excerpt":{"rendered":"<ul>\n<li>L\u00e2minas de barbear japonesas vintage Kamisori usadas<\/li>\n<li>Ligeiramente afetado pela corros\u00e3o.<\/li>\n<li>Se n\u00e3o vir o artigo na lista, \u00e9 porque est\u00e1 vendido.<\/li>\n<\/ul>","protected":false},"featured_media":3883,"comment_status":"open","ping_status":"closed","template":"","meta":[],"product_brand":[],"product_cat":[23],"product_tag":[25],"class_list":{"0":"post-3879","1":"product","2":"type-product","3":"status-publish","4":"has-post-thumbnail","6":"product_cat-razors","7":"product_tag-kamisori","8":"product_shipping_class-light","10":"first","11":"instock","12":"shipping-taxable","13":"purchasable","14":"product-type-variable"},"_links":{"self":[{"href":"https:\/\/jnats.eu\/pt\/wp-json\/wp\/v2\/product\/3879","targetHints":{"allow":["GET"]}}],"collection":[{"href":"https:\/\/jnats.eu\/pt\/wp-json\/wp\/v2\/product"}],"about":[{"href":"https:\/\/jnats.eu\/pt\/wp-json\/wp\/v2\/types\/product"}],"replies":[{"embeddable":true,"href":"https:\/\/jnats.eu\/pt\/wp-json\/wp\/v2\/comments?post=3879"}],"wp:featuredmedia":[{"embeddable":true,"href":"https:\/\/jnats.eu\/pt\/wp-json\/wp\/v2\/media\/3883"}],"wp:attachment":[{"href":"https:\/\/jnats.eu\/pt\/wp-json\/wp\/v2\/media?parent=3879"}],"wp:term":[{"taxonomy":"product_brand","embeddable":true,"href":"https:\/\/jnats.eu\/pt\/wp-json\/wp\/v2\/product_brand?post=3879"},{"taxonomy":"product_cat","embeddable":true,"href":"https:\/\/jnats.eu\/pt\/wp-json\/wp\/v2\/product_cat?post=3879"},{"taxonomy":"product_tag","embeddable":true,"href":"https:\/\/jnats.eu\/pt\/wp-json\/wp\/v2\/product_tag?post=3879"}],"curies":[{"name":"wp","href":"https:\/\/api.w.org\/{rel}","templated":true}]}}