{"id":394,"date":"2024-03-04T14:32:58","date_gmt":"2024-03-04T12:32:58","guid":{"rendered":"http:\/\/jnats.eu\/?post_type=product&#038;p=394"},"modified":"2024-12-27T19:01:11","modified_gmt":"2024-12-27T17:01:11","slug":"nakayama-asagi-daigokujo-finishing-natural-whetstone","status":"publish","type":"product","link":"https:\/\/jnats.eu\/pt\/produto-2\/nakayama-asagi-daigokujo-finishing-natural-whetstone\/","title":{"rendered":"Pedra de amolar natural para acabamento Nakayama Asagi Daigokujo\u00a0"},"content":{"rendered":"<p>Trata-se de uma pedra de afiar de qualidade superior e, se estivesse completa, custaria cerca de 2.500 euros. \u00c9 claro que, por mais que se desgaste, o trabalho da pedra de amolar em si permanece o mesmo.<\/p>\n\n\n\n<p>A imagem mostra que se trata de uma pedra natural da mais alta qualidade, especialmente porque \u00e9 Nakayama e a finura da sua textura \u00e9 superior \u00e0 de outras pedras de amolar.<\/p>\n\n\n\n<p>Tanto os metais n\u00e3o ferrosos como o a\u00e7o ficar\u00e3o espelhados, mas n\u00e3o aplique demasiada for\u00e7a; trabalhe apenas sobre os gr\u00e3os abrasivos que surgem e, no final, relaxe e lixe como se estivesse a esmagar os gr\u00e3os abrasivos. Nesta altura do ano, utilize \u00e1gua morna em vez de \u00e1gua fria, como no banho, pois s\u00f3 assim conseguir\u00e1 fazer sobressair as melhores qualidades da pedra.<\/p>\n\n\n\n<figure class=\"wp-block-embed is-type-video is-provider-youtube wp-block-embed-youtube wp-embed-aspect-16-9 wp-has-aspect-ratio\"><div class=\"wp-block-embed__wrapper\">\n<div class=\"video-container\"><iframe title=\"Nakayama Asagi Daigokujo Pedra de amolar natural para acabamento Kamisori Henkotsu\" width=\"1170\" height=\"658\" src=\"https:\/\/www.youtube.com\/embed\/oMNIi4q7loc?feature=oembed\" frameborder=\"0\" allow=\"accelerometer; autoplay; clipboard-write; encrypted-media; gyroscope; picture-in-picture; web-share\" referrerpolicy=\"strict-origin-when-cross-origin\" allowfullscreen><\/iframe><\/div>\n<\/div><\/figure>","protected":false},"excerpt":{"rendered":"<ul>\n<li>Tamanho aproximado de 204 x 76 x 28 mm<\/li>\n<li>Peso aproximado de 970g<\/li>\n<li>Dureza 4.5<\/li>\n<li>O canto que caiu<\/li>\n<\/ul>","protected":false},"featured_media":400,"comment_status":"open","ping_status":"closed","template":"","meta":[],"product_brand":[],"product_cat":[22],"product_tag":[45,74,71,49],"class_list":{"0":"post-394","1":"product","2":"type-product","3":"status-publish","4":"has-post-thumbnail","6":"product_cat-jnats","7":"product_tag-asagi","8":"product_tag-daigokujo","9":"product_tag-finishing","10":"product_tag-nakayama","11":"product_shipping_class-iprastas","13":"first","14":"outofstock","15":"sale","16":"shipping-taxable","17":"purchasable","18":"product-type-simple"},"_links":{"self":[{"href":"https:\/\/jnats.eu\/pt\/wp-json\/wp\/v2\/product\/394","targetHints":{"allow":["GET"]}}],"collection":[{"href":"https:\/\/jnats.eu\/pt\/wp-json\/wp\/v2\/product"}],"about":[{"href":"https:\/\/jnats.eu\/pt\/wp-json\/wp\/v2\/types\/product"}],"replies":[{"embeddable":true,"href":"https:\/\/jnats.eu\/pt\/wp-json\/wp\/v2\/comments?post=394"}],"wp:featuredmedia":[{"embeddable":true,"href":"https:\/\/jnats.eu\/pt\/wp-json\/wp\/v2\/media\/400"}],"wp:attachment":[{"href":"https:\/\/jnats.eu\/pt\/wp-json\/wp\/v2\/media?parent=394"}],"wp:term":[{"taxonomy":"product_brand","embeddable":true,"href":"https:\/\/jnats.eu\/pt\/wp-json\/wp\/v2\/product_brand?post=394"},{"taxonomy":"product_cat","embeddable":true,"href":"https:\/\/jnats.eu\/pt\/wp-json\/wp\/v2\/product_cat?post=394"},{"taxonomy":"product_tag","embeddable":true,"href":"https:\/\/jnats.eu\/pt\/wp-json\/wp\/v2\/product_tag?post=394"}],"curies":[{"name":"wp","href":"https:\/\/api.w.org\/{rel}","templated":true}]}}