{"id":401,"date":"2024-03-04T14:43:17","date_gmt":"2024-03-04T12:43:17","guid":{"rendered":"http:\/\/jnats.eu\/?post_type=product&#038;p=401"},"modified":"2025-07-12T08:41:41","modified_gmt":"2025-07-12T05:41:41","slug":"red-pin-%e8%b5%a4%e3%83%94%e3%83%b3%e7%a0%a5%e7%9f%b3-finishing-natural-whetstone","status":"publish","type":"product","link":"https:\/\/jnats.eu\/pt\/produto-2\/red-pin-%e8%b5%a4%e3%83%94%e3%83%b3%e7%a0%a5%e7%9f%b3-finishing-natural-whetstone\/","title":{"rendered":"Ozuku Ikimurasaki \u8d64\u30d4\u30f3\u7825\u77f3 Acabamento Pedra de amolar natural"},"content":{"rendered":"<ul class=\"wp-block-list\">\n<li>Tamanho aproximado. 14,6 x 8,2 x 2,3 cm<\/li>\n\n\n\n<li>Peso aproximado. 650 g<\/li>\n<\/ul>\n\n\n\n<p>Uma excelente pedra de acabamento para afiar com dureza suficiente. Em particular, a Ikimurasaki \u00e9 conhecida pela sua boa rea\u00e7\u00e3o ao a\u00e7o e \u00e9 frequentemente utilizada para afiar l\u00e2minas de barbear. Embora este artigo n\u00e3o seja novo, parece ter sido utilizado com grande cuidado e aten\u00e7\u00e3o e deixou uma impress\u00e3o muito boa.<\/p>\n\n\n\n<p>A afia\u00e7\u00e3o das l\u00e2minas de barbear est\u00e1 diretamente relacionada com a valoriza\u00e7\u00e3o dos barbeiros, e parece que antigamente muitos barbeiros gastavam muito dinheiro em pedras naturais. Recentemente, a mudan\u00e7a de l\u00e2minas tornou-se comum devido ao inc\u00f3modo de afiar as l\u00e2minas e ao aspeto da higiene, mas alguns barbeiros continuam a utilizar essas pedras de afiar e a passar algum tempo num arm\u00e1rio esterilizado.<br>Restam muito poucas pedras vermelhas Nakayama ou Ozuku, mesmo nas lojas de Quioto. Trata-se de uma pedra muito valiosa.<\/p>\n\n\n\n<p>N\u00e3o se esque\u00e7a de utilizar \u00e1gua quente para afiar. Esta \u00e9 uma boa pedra natural japonesa.<\/p>\n\n\n\n<p><\/p>","protected":false},"excerpt":{"rendered":"<p><!-- wp:list --><\/p>\n<ul><!-- wp:list-item --><\/p>\n<li>Tamanho aproximado. 14,6 x 8,2 x 2,3 cm<\/li>\n<p><!-- \/wp:list-item --><\/p>\n<p><!-- wp:list-item --><\/p>\n<li>Peso aproximado. 650 g<\/li>\n<li>Dureza Lv 4.5<\/li>\n<\/ul>","protected":false},"featured_media":406,"comment_status":"open","ping_status":"closed","template":"","meta":[],"product_brand":[],"product_cat":[22],"product_tag":[71,90,91],"class_list":{"0":"post-401","1":"product","2":"type-product","3":"status-publish","4":"has-post-thumbnail","6":"product_cat-jnats","7":"product_tag-finishing","8":"product_tag-natural-whetstone","9":"product_tag-red-pin","10":"product_shipping_class-iprastas","12":"first","13":"outofstock","14":"sale","15":"shipping-taxable","16":"purchasable","17":"product-type-simple"},"_links":{"self":[{"href":"https:\/\/jnats.eu\/pt\/wp-json\/wp\/v2\/product\/401","targetHints":{"allow":["GET"]}}],"collection":[{"href":"https:\/\/jnats.eu\/pt\/wp-json\/wp\/v2\/product"}],"about":[{"href":"https:\/\/jnats.eu\/pt\/wp-json\/wp\/v2\/types\/product"}],"replies":[{"embeddable":true,"href":"https:\/\/jnats.eu\/pt\/wp-json\/wp\/v2\/comments?post=401"}],"wp:featuredmedia":[{"embeddable":true,"href":"https:\/\/jnats.eu\/pt\/wp-json\/wp\/v2\/media\/406"}],"wp:attachment":[{"href":"https:\/\/jnats.eu\/pt\/wp-json\/wp\/v2\/media?parent=401"}],"wp:term":[{"taxonomy":"product_brand","embeddable":true,"href":"https:\/\/jnats.eu\/pt\/wp-json\/wp\/v2\/product_brand?post=401"},{"taxonomy":"product_cat","embeddable":true,"href":"https:\/\/jnats.eu\/pt\/wp-json\/wp\/v2\/product_cat?post=401"},{"taxonomy":"product_tag","embeddable":true,"href":"https:\/\/jnats.eu\/pt\/wp-json\/wp\/v2\/product_tag?post=401"}],"curies":[{"name":"wp","href":"https:\/\/api.w.org\/{rel}","templated":true}]}}