{"id":4031,"date":"2026-01-03T10:10:38","date_gmt":"2026-01-03T08:10:38","guid":{"rendered":"https:\/\/jnats.eu\/?post_type=product&#038;p=4031"},"modified":"2026-01-15T12:57:28","modified_gmt":"2026-01-15T10:57:28","slug":"nenaudoti-chobomasa-vintaziniai-japoniski-skustuvai-kamisori","status":"publish","type":"product","link":"https:\/\/jnats.eu\/pt\/produto-2\/nenaudoti-chobomasa-vintaziniai-japoniski-skustuvai-kamisori\/","title":{"rendered":"L\u00e2minas de barbear japonesas Chobomasa vintage kamisori n\u00e3o utilizadas"},"content":{"rendered":"<figure class=\"wp-block-embed is-type-video is-provider-youtube wp-block-embed-youtube wp-embed-aspect-9-16 wp-has-aspect-ratio\"><div class=\"wp-block-embed__wrapper\">\n<div class=\"video-container\"><iframe title=\"Chobomasa vintage kamisori japon\u00eas\" width=\"563\" height=\"1000\" src=\"https:\/\/www.youtube.com\/embed\/UT2s0rEBxoQ?feature=oembed\" frameborder=\"0\" allow=\"accelerometer; autoplay; clipboard-write; encrypted-media; gyroscope; picture-in-picture; web-share\" referrerpolicy=\"strict-origin-when-cross-origin\" allowfullscreen><\/iframe><\/div>\n<\/div><\/figure>","protected":false},"excerpt":{"rendered":"<ul>\n<li>Tal como a espada samurai tradicional, a katana, estes Kamisori foram forjados \u00e0 m\u00e3o a partir de 2 partes. A parte cortante \u00e9 feita de a\u00e7o de alto carbono, enquanto a camada de suporte \u00e9 feita de um a\u00e7o mais simples. A camada de a\u00e7o \u00e9 dura, enquanto a estrutura mais macia fornece a resist\u00eancia necess\u00e1ria \u00e0 quebra.<\/li>\n<li>\u00c9 vis\u00edvel alguma medula. Ferrugem removida com papel #2500 de 6 origens e pasta de diamante Venev 7\/5.<\/li>\n<li>Os primeiros compradores receber\u00e3o o melhor kamisori! Depois, venderemos as sobras a um pre\u00e7o mais baixo.<\/li>\n<li>Todas as m\u00e1quinas de barbear s\u00e3o ligeiramente diferentes porque s\u00e3o feitas \u00e0 m\u00e3o.<\/li>\n<li>Peso: 32 g.<\/li>\n<li>Comprimento total: 140 mm<\/li>\n<li>Altura: 18 mm<\/li>\n<li>Espessura da fita: 6 mm<\/li>\n<li>Comprimento da l\u00e2mina: 43 mm<\/li>\n<\/ul>","protected":false},"featured_media":5566,"comment_status":"open","ping_status":"closed","template":"","meta":[],"product_brand":[],"product_cat":[23],"product_tag":[322,25],"class_list":{"0":"post-4031","1":"product","2":"type-product","3":"status-publish","4":"has-post-thumbnail","6":"product_cat-razors","7":"product_tag-chobomasa","8":"product_tag-kamisori","9":"product_shipping_class-light","11":"first","12":"outofstock","13":"shipping-taxable","14":"product-type-variable"},"_links":{"self":[{"href":"https:\/\/jnats.eu\/pt\/wp-json\/wp\/v2\/product\/4031","targetHints":{"allow":["GET"]}}],"collection":[{"href":"https:\/\/jnats.eu\/pt\/wp-json\/wp\/v2\/product"}],"about":[{"href":"https:\/\/jnats.eu\/pt\/wp-json\/wp\/v2\/types\/product"}],"replies":[{"embeddable":true,"href":"https:\/\/jnats.eu\/pt\/wp-json\/wp\/v2\/comments?post=4031"}],"wp:featuredmedia":[{"embeddable":true,"href":"https:\/\/jnats.eu\/pt\/wp-json\/wp\/v2\/media\/5566"}],"wp:attachment":[{"href":"https:\/\/jnats.eu\/pt\/wp-json\/wp\/v2\/media?parent=4031"}],"wp:term":[{"taxonomy":"product_brand","embeddable":true,"href":"https:\/\/jnats.eu\/pt\/wp-json\/wp\/v2\/product_brand?post=4031"},{"taxonomy":"product_cat","embeddable":true,"href":"https:\/\/jnats.eu\/pt\/wp-json\/wp\/v2\/product_cat?post=4031"},{"taxonomy":"product_tag","embeddable":true,"href":"https:\/\/jnats.eu\/pt\/wp-json\/wp\/v2\/product_tag?post=4031"}],"curies":[{"name":"wp","href":"https:\/\/api.w.org\/{rel}","templated":true}]}}