{"id":4063,"date":"2025-03-17T15:13:08","date_gmt":"2025-03-17T13:13:08","guid":{"rendered":"https:\/\/jnats.eu\/?post_type=product&#038;p=4063"},"modified":"2025-03-18T09:06:03","modified_gmt":"2025-03-18T07:06:03","slug":"aiwatani-karasu-naturalus-japoniskas-akmuo-galandinimui","status":"publish","type":"product","link":"https:\/\/jnats.eu\/pt\/produto-2\/aiwatani-karasu-naturalus-japoniskas-akmuo-galandinimui\/","title":{"rendered":"Pedra de afiar japonesa natural Aiwatani Karasu"},"content":{"rendered":"<p><strong>Aiwatani Karasu<\/strong> <strong>Pedra de amolar natural japonesa<\/strong><\/p>\n\n\n\n<p>Aiwatani \u00e9 uma pedra de afiar natural japonesa de alta qualidade para uma afia\u00e7\u00e3o excecional de facas e ferramentas. Extra\u00edda de antigas minas japonesas, esta pedra tem uma textura extremamente fina, o que lhe permite obter uma nitidez impec\u00e1vel e uma superf\u00edcie espelhada.<\/p>\n\n\n\n<figure class=\"wp-block-embed is-type-video is-provider-youtube wp-block-embed-youtube wp-embed-aspect-16-9 wp-has-aspect-ratio\"><div class=\"wp-block-embed__wrapper\">\n<div class=\"video-container\"><iframe title=\"Pedras de afiar japonesas naturais Aiwatani\" width=\"1170\" height=\"658\" src=\"https:\/\/www.youtube.com\/embed\/7KUe1vRixzw?feature=oembed\" frameborder=\"0\" allow=\"accelerometer; autoplay; clipboard-write; encrypted-media; gyroscope; picture-in-picture; web-share\" referrerpolicy=\"strict-origin-when-cross-origin\" allowfullscreen><\/iframe><\/div>\n<\/div><\/figure>\n\n\n\n<p>\ud83d\udd39 <strong>Alta qualidade<\/strong> - Pedra natural aut\u00eantica do Jap\u00e3o.<br>\ud83d\udd39 <strong>Velocidade m\u00e9dia de moagem<\/strong> - proporciona uma superf\u00edcie de corte lisa e uniforme.<br>\ud83d\udd39 <strong>Utiliza\u00e7\u00e3o vers\u00e1til<\/strong> - Adequado para facas de cozinha, ferramentas de carpintaria ou de trinchar.<br>\ud83d\udd39 <strong>Duradouro<\/strong> - distinguem-se pela sua durabilidade e desgaste econ\u00f3mico.<\/p>\n\n\n\n<p>Descubra o verdadeiro dom\u00ednio japon\u00eas da afia\u00e7\u00e3o com a pedra natural Aiwatani!<\/p>","protected":false},"excerpt":{"rendered":"<ul class=\"wp-block-list\">\n<li>Adequado para facas de acabamento, tesouras, ferramentas de carpintaria e outras ferramentas.<\/li>\n<li>Dimens\u00f5es aprox.: 220x130x22 mm<\/li>\n<li>Peso: 1450 g<\/li>\n<li>Dureza: Lv 4<\/li>\n<li>Linhas seguras<\/li>\n<li>Velocidade m\u00e9dia de funcionamento. A acelera\u00e7\u00e3o pode ser obtida com a suspens\u00e3o de pregos ou com uma placa de diamante rugosa.<\/li>\n<li>Tampa inferior com verniz<\/li>\n<li>Recomendamos que trabalhe com \u00e1gua morna, uma vez que a \u00e1gua fria prejudica a velocidade e a resposta.<\/li>\n<\/ul>","protected":false},"featured_media":4067,"comment_status":"open","ping_status":"closed","template":"","meta":[],"product_brand":[],"product_cat":[22],"product_tag":[65,57],"class_list":{"0":"post-4063","1":"product","2":"type-product","3":"status-publish","4":"has-post-thumbnail","6":"product_cat-jnats","7":"product_tag-aiwatani","8":"product_tag-karasu","9":"product_shipping_class-iprastas","11":"first","12":"outofstock","13":"shipping-taxable","14":"purchasable","15":"product-type-simple"},"_links":{"self":[{"href":"https:\/\/jnats.eu\/pt\/wp-json\/wp\/v2\/product\/4063","targetHints":{"allow":["GET"]}}],"collection":[{"href":"https:\/\/jnats.eu\/pt\/wp-json\/wp\/v2\/product"}],"about":[{"href":"https:\/\/jnats.eu\/pt\/wp-json\/wp\/v2\/types\/product"}],"replies":[{"embeddable":true,"href":"https:\/\/jnats.eu\/pt\/wp-json\/wp\/v2\/comments?post=4063"}],"wp:featuredmedia":[{"embeddable":true,"href":"https:\/\/jnats.eu\/pt\/wp-json\/wp\/v2\/media\/4067"}],"wp:attachment":[{"href":"https:\/\/jnats.eu\/pt\/wp-json\/wp\/v2\/media?parent=4063"}],"wp:term":[{"taxonomy":"product_brand","embeddable":true,"href":"https:\/\/jnats.eu\/pt\/wp-json\/wp\/v2\/product_brand?post=4063"},{"taxonomy":"product_cat","embeddable":true,"href":"https:\/\/jnats.eu\/pt\/wp-json\/wp\/v2\/product_cat?post=4063"},{"taxonomy":"product_tag","embeddable":true,"href":"https:\/\/jnats.eu\/pt\/wp-json\/wp\/v2\/product_tag?post=4063"}],"curies":[{"name":"wp","href":"https:\/\/api.w.org\/{rel}","templated":true}]}}