{"id":4071,"date":"2025-03-17T15:18:56","date_gmt":"2025-03-17T13:18:56","guid":{"rendered":"https:\/\/jnats.eu\/?post_type=product&#038;p=4071"},"modified":"2025-03-18T09:06:16","modified_gmt":"2025-03-18T07:06:16","slug":"aiwatani-kiita-ikimurasaki-naturalus-japoniskas-akmuo-galandinimui","status":"publish","type":"product","link":"https:\/\/jnats.eu\/pt\/produto-2\/aiwatani-kiita-ikimurasaki-naturalus-japoniskas-akmuo-galandinimui\/","title":{"rendered":"Aiwatani Kiita Ikimurasaki Pedra de afiar natural japonesa"},"content":{"rendered":"<p>Aiwatani \u00e9 uma pedra de afiar natural japonesa de qualidade excecional, como se tivesse sido criada deliberadamente pela natureza para artes\u00e3os que valorizam a precis\u00e3o e a durabilidade. Esta pedra remove suave mas eficazmente as irregularidades, dando \u00e0 l\u00e2mina uma nitidez impec\u00e1vel e uma superf\u00edcie lisa.<\/p>\n\n\n\n<figure class=\"wp-block-embed is-type-video is-provider-youtube wp-block-embed-youtube wp-embed-aspect-16-9 wp-has-aspect-ratio\"><div class=\"wp-block-embed__wrapper\">\n<div class=\"video-container\"><iframe title=\"Pedras de afiar japonesas naturais Aiwatani\" width=\"1170\" height=\"658\" src=\"https:\/\/www.youtube.com\/embed\/7KUe1vRixzw?feature=oembed\" frameborder=\"0\" allow=\"accelerometer; autoplay; clipboard-write; encrypted-media; gyroscope; picture-in-picture; web-share\" referrerpolicy=\"strict-origin-when-cross-origin\" allowfullscreen><\/iframe><\/div>\n<\/div><\/figure>\n\n\n\n<p>\u2705 <strong>100 % natural<\/strong> - extra\u00eddo de dep\u00f3sitos japoneses aut\u00eanticos.<br>\u2705 <strong>Qualidade de afia\u00e7\u00e3o perfeita<\/strong> - confere \u00e0s facas e ferramentas a m\u00e1xima nitidez.<br>\u2705 <strong>Facilidade de utiliza\u00e7\u00e3o<\/strong> - N\u00e3o \u00e9 preciso muito esfor\u00e7o para obter resultados profissionais.<br>\u2705 <strong>Durabilidade<\/strong> - Dur\u00e1vel e resistente ao desgaste.<\/p>\n\n\n\n<p>A escolha perfeita para profissionais e amantes de ferramentas afiadas!<\/p>","protected":false},"excerpt":{"rendered":"<ul class=\"wp-block-list\">\n<li>Adequado para facas de acabamento, tesouras, ferramentas de carpintaria e outras ferramentas.<\/li>\n<li>Dimens\u00f5es aprox.: 210x118x42 mm<\/li>\n<li>Peso: 2130 g<\/li>\n<li>Dureza: Lv 3.5<\/li>\n<li>Velocidade m\u00e9dia de funcionamento. A acelera\u00e7\u00e3o pode ser obtida com a suspens\u00e3o de pregos ou com uma placa de diamante rugosa.<\/li>\n<li>Recomendamos que trabalhe com \u00e1gua morna, uma vez que a \u00e1gua fria prejudica a velocidade e a resposta.<\/li>\n<\/ul>","protected":false},"featured_media":4074,"comment_status":"open","ping_status":"closed","template":"","meta":[],"product_brand":[],"product_cat":[22],"product_tag":[65,141],"class_list":{"0":"post-4071","1":"product","2":"type-product","3":"status-publish","4":"has-post-thumbnail","6":"product_cat-jnats","7":"product_tag-aiwatani","8":"product_tag-kiita","9":"product_shipping_class-iprastas","11":"first","12":"outofstock","13":"shipping-taxable","14":"purchasable","15":"product-type-simple"},"_links":{"self":[{"href":"https:\/\/jnats.eu\/pt\/wp-json\/wp\/v2\/product\/4071","targetHints":{"allow":["GET"]}}],"collection":[{"href":"https:\/\/jnats.eu\/pt\/wp-json\/wp\/v2\/product"}],"about":[{"href":"https:\/\/jnats.eu\/pt\/wp-json\/wp\/v2\/types\/product"}],"replies":[{"embeddable":true,"href":"https:\/\/jnats.eu\/pt\/wp-json\/wp\/v2\/comments?post=4071"}],"wp:featuredmedia":[{"embeddable":true,"href":"https:\/\/jnats.eu\/pt\/wp-json\/wp\/v2\/media\/4074"}],"wp:attachment":[{"href":"https:\/\/jnats.eu\/pt\/wp-json\/wp\/v2\/media?parent=4071"}],"wp:term":[{"taxonomy":"product_brand","embeddable":true,"href":"https:\/\/jnats.eu\/pt\/wp-json\/wp\/v2\/product_brand?post=4071"},{"taxonomy":"product_cat","embeddable":true,"href":"https:\/\/jnats.eu\/pt\/wp-json\/wp\/v2\/product_cat?post=4071"},{"taxonomy":"product_tag","embeddable":true,"href":"https:\/\/jnats.eu\/pt\/wp-json\/wp\/v2\/product_tag?post=4071"}],"curies":[{"name":"wp","href":"https:\/\/api.w.org\/{rel}","templated":true}]}}