{"id":4079,"date":"2025-03-17T15:24:27","date_gmt":"2025-03-17T13:24:27","guid":{"rendered":"https:\/\/jnats.eu\/?post_type=product&#038;p=4079"},"modified":"2025-05-22T11:43:48","modified_gmt":"2025-05-22T08:43:48","slug":"aiwatani-lotus-naturalus-japoniskas-akmuo-galandinimui","status":"publish","type":"product","link":"https:\/\/jnats.eu\/pt\/produto-2\/aiwatani-lotus-naturalus-japoniskas-akmuo-galandinimui\/","title":{"rendered":"Pedra natural japonesa Aiwatani Lotus para afiar"},"content":{"rendered":"<p>Esta pedra de afiar natural japonesa de primeira qualidade, extra\u00edda das montanhas Aiwatani, foi concebida para garantir precis\u00e3o e durabilidade. Esta pedra aut\u00eantica, extra\u00edda de minas tradicionais japonesas, tem uma excelente estrutura abrasiva que lhe permite manter a geometria da l\u00e2mina de forma uniforme e suave, e proporcionar uma afia\u00e7\u00e3o perfeita.<\/p>\n\n\n\n<figure class=\"wp-block-embed is-type-video is-provider-youtube wp-block-embed-youtube wp-embed-aspect-16-9 wp-has-aspect-ratio\"><div class=\"wp-block-embed__wrapper\">\n<div class=\"video-container\"><iframe title=\"Pedras de afiar japonesas naturais Aiwatani\" width=\"1170\" height=\"658\" src=\"https:\/\/www.youtube.com\/embed\/7KUe1vRixzw?feature=oembed\" frameborder=\"0\" allow=\"accelerometer; autoplay; clipboard-write; encrypted-media; gyroscope; picture-in-picture; web-share\" referrerpolicy=\"strict-origin-when-cross-origin\" allowfullscreen><\/iframe><\/div>\n<\/div><\/figure>\n\n\n\n<p>\ud83d\udd39 <strong>Artesanato japon\u00eas natural<\/strong> - uma pedra aut\u00eantica para profissionais e entusiastas.<br>\ud83d\udd39 <strong>Excelente textura<\/strong> - garante uma afia\u00e7\u00e3o extremamente suave e eficiente sem remo\u00e7\u00e3o desnecess\u00e1ria de metal.<br>\ud83d\udd39 <strong>Durabilidade<\/strong> - desgasta-se lentamente e mant\u00e9m-se eficaz durante muitos anos.<br>\ud83d\udd39 <strong>Utiliza\u00e7\u00e3o vers\u00e1til<\/strong> - adequado tanto para facas como para pequenas ferramentas de carpintaria ou outras.<\/p>\n\n\n\n<p>Com a pedra de afiar Aiwatani, obter\u00e1 sempre a verdadeira nitidez japonesa e resultados profissionais!<\/p>","protected":false},"excerpt":{"rendered":"<ul class=\"wp-block-list\">\n<li>Adequado para facas de acabamento, tesouras, ferramentas de carpintaria e outras ferramentas.<\/li>\n<li>Dimens\u00f5es aprox.: 210x74x85 mm<\/li>\n<li>Peso: 3160 g<\/li>\n<li>Dureza: Lv 4.5<\/li>\n<li>Velocidade m\u00e9dia de funcionamento. A acelera\u00e7\u00e3o pode ser obtida com a suspens\u00e3o de pregos ou com uma placa de diamante rugosa.<\/li>\n<li>As linhas e as manchas de goma n\u00e3o interferem com a nitidez.<\/li>\n<li>Recomendamos que trabalhe com \u00e1gua morna, uma vez que a \u00e1gua fria prejudica a velocidade e a resposta.<\/li>\n<\/ul>","protected":false},"featured_media":4083,"comment_status":"open","ping_status":"closed","template":"","meta":[],"product_brand":[],"product_cat":[22],"product_tag":[65,277],"class_list":{"0":"post-4079","1":"product","2":"type-product","3":"status-publish","4":"has-post-thumbnail","6":"product_cat-jnats","7":"product_tag-aiwatani","8":"product_tag-lotus","9":"product_shipping_class-iprastas","11":"first","12":"instock","13":"sale","14":"shipping-taxable","15":"purchasable","16":"product-type-simple"},"_links":{"self":[{"href":"https:\/\/jnats.eu\/pt\/wp-json\/wp\/v2\/product\/4079","targetHints":{"allow":["GET"]}}],"collection":[{"href":"https:\/\/jnats.eu\/pt\/wp-json\/wp\/v2\/product"}],"about":[{"href":"https:\/\/jnats.eu\/pt\/wp-json\/wp\/v2\/types\/product"}],"replies":[{"embeddable":true,"href":"https:\/\/jnats.eu\/pt\/wp-json\/wp\/v2\/comments?post=4079"}],"wp:featuredmedia":[{"embeddable":true,"href":"https:\/\/jnats.eu\/pt\/wp-json\/wp\/v2\/media\/4083"}],"wp:attachment":[{"href":"https:\/\/jnats.eu\/pt\/wp-json\/wp\/v2\/media?parent=4079"}],"wp:term":[{"taxonomy":"product_brand","embeddable":true,"href":"https:\/\/jnats.eu\/pt\/wp-json\/wp\/v2\/product_brand?post=4079"},{"taxonomy":"product_cat","embeddable":true,"href":"https:\/\/jnats.eu\/pt\/wp-json\/wp\/v2\/product_cat?post=4079"},{"taxonomy":"product_tag","embeddable":true,"href":"https:\/\/jnats.eu\/pt\/wp-json\/wp\/v2\/product_tag?post=4079"}],"curies":[{"name":"wp","href":"https:\/\/api.w.org\/{rel}","templated":true}]}}