{"id":408,"date":"2024-03-04T14:56:03","date_gmt":"2024-03-04T12:56:03","guid":{"rendered":"http:\/\/jnats.eu\/?post_type=product&#038;p=408"},"modified":"2025-07-07T22:37:22","modified_gmt":"2025-07-07T19:37:22","slug":"shobudani-8-layer-daigoku-quality-finishing-natural-whetstone","status":"publish","type":"product","link":"https:\/\/jnats.eu\/pt\/produto-2\/shobudani-8-layer-daigoku-quality-finishing-natural-whetstone\/","title":{"rendered":"Pedra de amolar natural de acabamento Shobudani de 8 camadas, qualidade Daigoku"},"content":{"rendered":"<p>Tamanho 20,7 x 7,8 x 3,2 cm<br>Peso 1 250 g<\/p>\n\n\n\n<p>Esta pedra tem uma clivagem cimentada, mas ainda h\u00e1 um longo caminho a percorrer. Al\u00e9m disso, mesmo quando \u00e9 alcan\u00e7ado, o canto danificado pode ser removido para evitar interfer\u00eancia com a afia\u00e7\u00e3o. Se o desempenho estivesse abaixo da m\u00e9dia, o canto poderia ser descartado, mas<br>como tem oito camadas, pode ser utilizada. A escava\u00e7\u00e3o desta camada de pedra foi conclu\u00edda h\u00e1 cerca de 200 anos, mas \u00e9 certo que est\u00e1 l\u00e1.<\/p>\n\n\n\n<p>A pedra de amolar de oito camadas era muito popular para amolar espadas art\u00edsticas no per\u00edodo Edo. A raz\u00e3o para tal parece ser o facto de o polimento fino ter menos imperfei\u00e7\u00f5es e o polimento poder ser feito atrav\u00e9s de ajustes finos. Na era Taihei, as espadas n\u00e3o eram apenas instrumentos de assass\u00ednio, mas j\u00e1 se tinham estabelecido como obras de arte.<\/p>\n\n\n\n<p> Ainda hoje, quando visito os amoladores de espadas que cessaram a sua atividade, deparo-me por vezes com v\u00e1rias pedras de amolar de oito camadas. Entre elas, a Nakayama 8-ply \u00e9 vendida a pre\u00e7os muito elevados.<\/p>\n\n\n\n<p>As propriedades acima referidas tornam-no ideal para ajustar a superf\u00edcie de facas, cinz\u00e9is de acabamento e plainas.<br>Por muito que n\u00e3o queira, penso que \u00e9 seguro dizer que as hip\u00f3teses de encontrar pedras de oito camadas no futuro s\u00e3o quase nulas.<br>Qualidade garantida.<\/p>","protected":false},"excerpt":{"rendered":"<ul>\n<li><strong>Tamanho: 207 x 78 x 32 mm<\/strong><\/li>\n<li><strong>Peso: 1 250 g<\/strong><\/li>\n<li>Perfeito para um acabamento kasumi<\/li>\n<\/ul>","protected":false},"featured_media":414,"comment_status":"open","ping_status":"closed","template":"","meta":[],"product_brand":[],"product_cat":[22],"product_tag":[93,94,71,90,92,44],"class_list":{"0":"post-408","1":"product","2":"type-product","3":"status-publish","4":"has-post-thumbnail","6":"product_cat-jnats","7":"product_tag-8-layer","8":"product_tag-daigoku","9":"product_tag-finishing","10":"product_tag-natural-whetstone","11":"product_tag-quality","12":"product_tag-shobudani","13":"product_shipping_class-iprastas","15":"first","16":"outofstock","17":"shipping-taxable","18":"purchasable","19":"product-type-simple"},"_links":{"self":[{"href":"https:\/\/jnats.eu\/pt\/wp-json\/wp\/v2\/product\/408","targetHints":{"allow":["GET"]}}],"collection":[{"href":"https:\/\/jnats.eu\/pt\/wp-json\/wp\/v2\/product"}],"about":[{"href":"https:\/\/jnats.eu\/pt\/wp-json\/wp\/v2\/types\/product"}],"replies":[{"embeddable":true,"href":"https:\/\/jnats.eu\/pt\/wp-json\/wp\/v2\/comments?post=408"}],"wp:featuredmedia":[{"embeddable":true,"href":"https:\/\/jnats.eu\/pt\/wp-json\/wp\/v2\/media\/414"}],"wp:attachment":[{"href":"https:\/\/jnats.eu\/pt\/wp-json\/wp\/v2\/media?parent=408"}],"wp:term":[{"taxonomy":"product_brand","embeddable":true,"href":"https:\/\/jnats.eu\/pt\/wp-json\/wp\/v2\/product_brand?post=408"},{"taxonomy":"product_cat","embeddable":true,"href":"https:\/\/jnats.eu\/pt\/wp-json\/wp\/v2\/product_cat?post=408"},{"taxonomy":"product_tag","embeddable":true,"href":"https:\/\/jnats.eu\/pt\/wp-json\/wp\/v2\/product_tag?post=408"}],"curies":[{"name":"wp","href":"https:\/\/api.w.org\/{rel}","templated":true}]}}