{"id":4104,"date":"2025-03-18T11:49:21","date_gmt":"2025-03-18T09:49:21","guid":{"rendered":"https:\/\/jnats.eu\/?post_type=product&#038;p=4104"},"modified":"2025-06-06T08:20:38","modified_gmt":"2025-06-06T05:20:38","slug":"nenaudoti-vintaziniai-japoniski-skustuvai-hayashi","status":"publish","type":"product","link":"https:\/\/jnats.eu\/pt\/produto-2\/nenaudoti-vintaziniai-japoniski-skustuvai-hayashi\/","title":{"rendered":"L\u00e2minas de barbear japonesas Hayashi vintage n\u00e3o utilizadas"},"content":{"rendered":"<p>Navalhas japonesas vintage n\u00e3o usadas Hayashi Para uso de barbeiro Primeira qualidade 888 A\u00e7o extra H. Diamond Best Hollow Ground<\/p>\n\n\n\n<figure class=\"wp-block-embed is-type-video is-provider-youtube wp-block-embed-youtube wp-embed-aspect-16-9 wp-has-aspect-ratio\"><div class=\"wp-block-embed__wrapper\">\n<div class=\"video-container\"><iframe title=\"L\u00e2minas de barbear japonesas Hayashi vintage n\u00e3o utilizadas\" width=\"1170\" height=\"658\" src=\"https:\/\/www.youtube.com\/embed\/Wkn7XDpylsA?feature=oembed\" frameborder=\"0\" allow=\"accelerometer; autoplay; clipboard-write; encrypted-media; gyroscope; picture-in-picture; web-share\" referrerpolicy=\"strict-origin-when-cross-origin\" allowfullscreen><\/iframe><\/div>\n<\/div><\/figure>","protected":false},"excerpt":{"rendered":"<ul>\n<li>Hayashi Para Barbeiro Primeira Qualidade 888 Extra A\u00e7o H. Diamante Melhor Oco<\/li>\n<li>Pega em pol\u00edmero<\/li>\n<li>Caixa de papel<\/li>\n<li>Peso - 50 g<\/li>\n<li>Dimens\u00f5es da l\u00e2mina - 75x20x6 mm<\/li>\n<li>As l\u00e2minas n\u00e3o foram usadas, mas devido ao longo per\u00edodo de armazenamento apresentam ligeiros riscos e as pontas est\u00e3o ligeiramente corro\u00eddas. A ferrugem foi removida com uma escova de bronze e polida com pasta de diamante 3\/2.<\/li>\n<\/ul>","protected":false},"featured_media":4107,"comment_status":"open","ping_status":"closed","template":"","meta":[],"product_brand":[],"product_cat":[23],"product_tag":[324],"class_list":{"0":"post-4104","1":"product","2":"type-product","3":"status-publish","4":"has-post-thumbnail","6":"product_cat-razors","7":"product_tag-hayashi","8":"product_shipping_class-light","10":"first","11":"outofstock","12":"shipping-taxable","13":"product-type-variable"},"_links":{"self":[{"href":"https:\/\/jnats.eu\/pt\/wp-json\/wp\/v2\/product\/4104","targetHints":{"allow":["GET"]}}],"collection":[{"href":"https:\/\/jnats.eu\/pt\/wp-json\/wp\/v2\/product"}],"about":[{"href":"https:\/\/jnats.eu\/pt\/wp-json\/wp\/v2\/types\/product"}],"replies":[{"embeddable":true,"href":"https:\/\/jnats.eu\/pt\/wp-json\/wp\/v2\/comments?post=4104"}],"wp:featuredmedia":[{"embeddable":true,"href":"https:\/\/jnats.eu\/pt\/wp-json\/wp\/v2\/media\/4107"}],"wp:attachment":[{"href":"https:\/\/jnats.eu\/pt\/wp-json\/wp\/v2\/media?parent=4104"}],"wp:term":[{"taxonomy":"product_brand","embeddable":true,"href":"https:\/\/jnats.eu\/pt\/wp-json\/wp\/v2\/product_brand?post=4104"},{"taxonomy":"product_cat","embeddable":true,"href":"https:\/\/jnats.eu\/pt\/wp-json\/wp\/v2\/product_cat?post=4104"},{"taxonomy":"product_tag","embeddable":true,"href":"https:\/\/jnats.eu\/pt\/wp-json\/wp\/v2\/product_tag?post=4104"}],"curies":[{"name":"wp","href":"https:\/\/api.w.org\/{rel}","templated":true}]}}