{"id":4123,"date":"2025-03-19T13:34:53","date_gmt":"2025-03-19T11:34:53","guid":{"rendered":"https:\/\/jnats.eu\/?post_type=product&#038;p=4123"},"modified":"2025-03-19T14:09:27","modified_gmt":"2025-03-19T12:09:27","slug":"gesenryo-tomae-naturalus-japoniskas-akmuo-galandinimui","status":"publish","type":"product","link":"https:\/\/jnats.eu\/pt\/produto-2\/gesenryo-tomae-naturalus-japoniskas-akmuo-galandinimui\/","title":{"rendered":"Gesenryo Tomae Pedra de amolar japonesa natural"},"content":{"rendered":"<p>Tomae (nome da camada de rocha) \u00e9 como um certo tipo de pedra de afiar natural japonesa, frequentemente usada para acabamento de afia\u00e7\u00e3o devido \u00e0s suas excelentes propriedades. A pedra tem dureza e finura equilibradas, o que a torna adequada para uma variedade de usos, incluindo acabamento de afia\u00e7\u00e3o de facas de cozinha e outras ferramentas. Para l\u00e2minas de barbear \u2013 pr\u00e9-acabamento.<\/p>\n\n\n\n<figure class=\"wp-block-embed is-type-video is-provider-youtube wp-block-embed-youtube wp-embed-aspect-16-9 wp-has-aspect-ratio\"><div class=\"wp-block-embed__wrapper\">\n<div class=\"video-container\"><iframe title=\"Hapstone T2 vs Jnats: Nisshoyama Suita, Ozuku, Ohira, Karasu, Tomae\" width=\"1170\" height=\"658\" src=\"https:\/\/www.youtube.com\/embed\/HXBtpEUmp3Q?start=1178&#038;feature=oembed\" frameborder=\"0\" allow=\"accelerometer; autoplay; clipboard-write; encrypted-media; gyroscope; picture-in-picture; web-share\" referrerpolicy=\"strict-origin-when-cross-origin\" allowfullscreen><\/iframe><\/div>\n<\/div><\/figure>\n\n\n\n<p>Pedras de amolar japonesas naturais (Jnats) s\u00e3o extra\u00eddas de camadas geol\u00f3gicas formadas ao longo de centenas de milh\u00f5es de anos. Suas propriedades variam dependendo da regi\u00e3o em que foram extra\u00eddas, portanto os resultados do trabalho podem variar. Essas pedras d\u00e3o \u00e0s facas um acabamento mais bonito e um fio de l\u00e2mina sutilmente afiado, e \u00e9 por isso que s\u00e3o valorizadas pelos entusiastas da afia\u00e7\u00e3o.<\/p>","protected":false},"excerpt":{"rendered":"<ul class=\"wp-block-list\">\n<li>Adequado para facas de acabamento, tesouras, ferramentas de carpintaria e outras ferramentas.<\/li>\n<li>Dimens\u00f5es: 203x79x35 mm<\/li>\n<li>Peso com suporte: 1820 g<\/li>\n<li>Dureza: Lv 4.5<\/li>\n<li>Recomendamos que trabalhe com \u00e1gua morna, uma vez que a \u00e1gua fria prejudica a velocidade e a resposta.<\/li>\n<\/ul>","protected":false},"featured_media":4124,"comment_status":"open","ping_status":"closed","template":"","meta":[],"product_brand":[],"product_cat":[22],"product_tag":[325,67],"class_list":{"0":"post-4123","1":"product","2":"type-product","3":"status-publish","4":"has-post-thumbnail","6":"product_cat-jnats","7":"product_tag-gesenryo","8":"product_tag-tomae","9":"product_shipping_class-iprastas","11":"first","12":"instock","13":"shipping-taxable","14":"purchasable","15":"product-type-simple"},"_links":{"self":[{"href":"https:\/\/jnats.eu\/pt\/wp-json\/wp\/v2\/product\/4123","targetHints":{"allow":["GET"]}}],"collection":[{"href":"https:\/\/jnats.eu\/pt\/wp-json\/wp\/v2\/product"}],"about":[{"href":"https:\/\/jnats.eu\/pt\/wp-json\/wp\/v2\/types\/product"}],"replies":[{"embeddable":true,"href":"https:\/\/jnats.eu\/pt\/wp-json\/wp\/v2\/comments?post=4123"}],"wp:featuredmedia":[{"embeddable":true,"href":"https:\/\/jnats.eu\/pt\/wp-json\/wp\/v2\/media\/4124"}],"wp:attachment":[{"href":"https:\/\/jnats.eu\/pt\/wp-json\/wp\/v2\/media?parent=4123"}],"wp:term":[{"taxonomy":"product_brand","embeddable":true,"href":"https:\/\/jnats.eu\/pt\/wp-json\/wp\/v2\/product_brand?post=4123"},{"taxonomy":"product_cat","embeddable":true,"href":"https:\/\/jnats.eu\/pt\/wp-json\/wp\/v2\/product_cat?post=4123"},{"taxonomy":"product_tag","embeddable":true,"href":"https:\/\/jnats.eu\/pt\/wp-json\/wp\/v2\/product_tag?post=4123"}],"curies":[{"name":"wp","href":"https:\/\/api.w.org\/{rel}","templated":true}]}}