{"id":4128,"date":"2025-03-19T13:43:06","date_gmt":"2025-03-19T11:43:06","guid":{"rendered":"https:\/\/jnats.eu\/?post_type=product&#038;p=4128"},"modified":"2025-03-19T14:10:34","modified_gmt":"2025-03-19T12:10:34","slug":"masamotoyama-karasu-naturalus-japoniskas-akmuo-galandinimui","status":"publish","type":"product","link":"https:\/\/jnats.eu\/pt\/produto-2\/masamotoyama-karasu-naturalus-japoniskas-akmuo-galandinimui\/","title":{"rendered":"Masamotoyama Karasu Pedra de amolar japonesa natural"},"content":{"rendered":"<p>&quot;Karasu&quot; (palavra japonesa para &quot;corvo&quot;) \u00e9 um tipo de pedra de amolar natural japonesa, cujo nome se deve aos padr\u00f5es escuros caracter\u00edsticos, semelhantes a penas de corvo, na superf\u00edcie da pedra. Essas pedras s\u00e3o particularmente valorizadas por sua apar\u00eancia est\u00e9tica e excelentes propriedades de afia\u00e7\u00e3o.<\/p>\n\n\n\n<figure class=\"wp-block-embed is-type-video is-provider-youtube wp-block-embed-youtube wp-embed-aspect-16-9 wp-has-aspect-ratio\"><div class=\"wp-block-embed__wrapper\">\n<div class=\"video-container\"><iframe title=\"Hapstone T2 vs Jnats: Nisshoyama Suita, Ozuku, Ohira, Karasu, Tomae\" width=\"1170\" height=\"658\" src=\"https:\/\/www.youtube.com\/embed\/HXBtpEUmp3Q?start=1275&#038;feature=oembed\" frameborder=\"0\" allow=\"accelerometer; autoplay; clipboard-write; encrypted-media; gyroscope; picture-in-picture; web-share\" referrerpolicy=\"strict-origin-when-cross-origin\" allowfullscreen><\/iframe><\/div>\n<\/div><\/figure>\n\n\n\n<p>As pedras Karasu s\u00e3o particularmente valorizadas por sua capacidade de dar \u00e0s l\u00e2minas um acabamento de alta qualidade e um fio duradouro. Eles s\u00e3o frequentemente usados para afiar navalhas, facas e ferramentas de carpintaria. Devido \u00e0 sua raridade e valor est\u00e9tico, pedras karasu de alta qualidade s\u00e3o dif\u00edceis de encontrar e muito valorizadas por colecionadores e amoladores profissionais.<\/p>","protected":false},"excerpt":{"rendered":"<ul class=\"wp-block-list\">\n<li>Adequado para o acabamento de l\u00e2minas de barbear, facas, tesouras, ferramentas de carpintaria e outras.<\/li>\n<li>Dimens\u00f5es aprox.: 270x93x37 mm<\/li>\n<li>Peso: 2230 g<\/li>\n<li>Dureza: Lv 5<\/li>\n<li>Recomendamos usar \u00e1gua morna para afiar ao trabalhar com qualquer pedra, pois a \u00e1gua fria prejudica a velocidade e a resposta do amolador.<\/li>\n<\/ul>","protected":false},"featured_media":4134,"comment_status":"open","ping_status":"closed","template":"","meta":[],"product_brand":[],"product_cat":[22],"product_tag":[57,316,245],"class_list":{"0":"post-4128","1":"product","2":"type-product","3":"status-publish","4":"has-post-thumbnail","6":"product_cat-jnats","7":"product_tag-karasu","8":"product_tag-masamotoyama","9":"product_tag-naturalus-japoniskas-akmuo-galandinimui","10":"product_shipping_class-iprastas","12":"first","13":"instock","14":"shipping-taxable","15":"purchasable","16":"product-type-simple"},"_links":{"self":[{"href":"https:\/\/jnats.eu\/pt\/wp-json\/wp\/v2\/product\/4128","targetHints":{"allow":["GET"]}}],"collection":[{"href":"https:\/\/jnats.eu\/pt\/wp-json\/wp\/v2\/product"}],"about":[{"href":"https:\/\/jnats.eu\/pt\/wp-json\/wp\/v2\/types\/product"}],"replies":[{"embeddable":true,"href":"https:\/\/jnats.eu\/pt\/wp-json\/wp\/v2\/comments?post=4128"}],"wp:featuredmedia":[{"embeddable":true,"href":"https:\/\/jnats.eu\/pt\/wp-json\/wp\/v2\/media\/4134"}],"wp:attachment":[{"href":"https:\/\/jnats.eu\/pt\/wp-json\/wp\/v2\/media?parent=4128"}],"wp:term":[{"taxonomy":"product_brand","embeddable":true,"href":"https:\/\/jnats.eu\/pt\/wp-json\/wp\/v2\/product_brand?post=4128"},{"taxonomy":"product_cat","embeddable":true,"href":"https:\/\/jnats.eu\/pt\/wp-json\/wp\/v2\/product_cat?post=4128"},{"taxonomy":"product_tag","embeddable":true,"href":"https:\/\/jnats.eu\/pt\/wp-json\/wp\/v2\/product_tag?post=4128"}],"curies":[{"name":"wp","href":"https:\/\/api.w.org\/{rel}","templated":true}]}}