{"id":4135,"date":"2025-03-19T13:51:34","date_gmt":"2025-03-19T11:51:34","guid":{"rendered":"https:\/\/jnats.eu\/?post_type=product&#038;p=4135"},"modified":"2025-11-03T23:53:03","modified_gmt":"2025-11-03T21:53:03","slug":"nisshoyama-suita-naturalus-japoniskas-akmuo-galandinimui-ir-kasumi-finisui","status":"publish","type":"product","link":"https:\/\/jnats.eu\/pt\/produto-2\/nisshoyama-suita-naturalus-japoniskas-akmuo-galandinimui-ir-kasumi-finisui\/","title":{"rendered":"Nisshoyama Suita Pedra natural japonesa para afia\u00e7\u00e3o e acabamento Kasumi"},"content":{"rendered":"<p>Suita \u00e9 um tipo de pedra de amolar natural japonesa, extra\u00edda de certas camadas geol\u00f3gicas do Jap\u00e3o. Essas pedras t\u00eam uma estrutura porosa e geralmente apresentam pequenas cavidades chamadas &quot;su&quot;. Devido a essa estrutura, as pedras Suita liberam rapidamente sua suspens\u00e3o, o que ajuda a afiar a l\u00e2mina de forma eficiente e uniforme. Eles s\u00e3o particularmente valorizados por sua capacidade de dar \u00e0s l\u00e2minas um acabamento de alta qualidade e um fio duradouro, bem como um contraste marcante entre a\u00e7o duro e macio (acabamento Kasumi).<\/p>\n\n\n\n<figure class=\"wp-block-embed is-type-video is-provider-youtube wp-block-embed-youtube wp-embed-aspect-16-9 wp-has-aspect-ratio\"><div class=\"wp-block-embed__wrapper\">\n<div class=\"video-container\"><iframe title=\"Hapstone T2 vs Jnats: Nisshoyama Suita, Ozuku, Ohira, Karasu, Tomae\" width=\"1170\" height=\"658\" src=\"https:\/\/www.youtube.com\/embed\/HXBtpEUmp3Q?feature=oembed\" frameborder=\"0\" allow=\"accelerometer; autoplay; clipboard-write; encrypted-media; gyroscope; picture-in-picture; web-share\" referrerpolicy=\"strict-origin-when-cross-origin\" allowfullscreen><\/iframe><\/div>\n<\/div><\/figure>","protected":false},"excerpt":{"rendered":"<ul class=\"wp-block-list\">\n<li>Adequado para acabamento de facas, tesouras, ferramentas de carpintaria e outras, bem como para acabamento com form\u00f5es.<\/li>\n<li>Dimens\u00f5es aprox.: 165x105x37 mm<\/li>\n<li>Peso: 1450 g<\/li>\n<li>Dureza: Lv 3.7<\/li>\n<li>Linhas seguras<\/li>\n<li>Recomendamos usar \u00e1gua morna para afiar ao trabalhar com qualquer pedra, pois a \u00e1gua fria prejudica a velocidade e a resposta do amolador.<\/li>\n<\/ul>","protected":false},"featured_media":4136,"comment_status":"open","ping_status":"closed","template":"","meta":[],"product_brand":[],"product_cat":[22],"product_tag":[179,50],"class_list":{"0":"post-4135","1":"product","2":"type-product","3":"status-publish","4":"has-post-thumbnail","6":"product_cat-jnats","7":"product_tag-nisshoyama","8":"product_tag-suita","9":"product_shipping_class-iprastas","11":"first","12":"outofstock","13":"shipping-taxable","14":"purchasable","15":"product-type-simple"},"_links":{"self":[{"href":"https:\/\/jnats.eu\/pt\/wp-json\/wp\/v2\/product\/4135","targetHints":{"allow":["GET"]}}],"collection":[{"href":"https:\/\/jnats.eu\/pt\/wp-json\/wp\/v2\/product"}],"about":[{"href":"https:\/\/jnats.eu\/pt\/wp-json\/wp\/v2\/types\/product"}],"replies":[{"embeddable":true,"href":"https:\/\/jnats.eu\/pt\/wp-json\/wp\/v2\/comments?post=4135"}],"wp:featuredmedia":[{"embeddable":true,"href":"https:\/\/jnats.eu\/pt\/wp-json\/wp\/v2\/media\/4136"}],"wp:attachment":[{"href":"https:\/\/jnats.eu\/pt\/wp-json\/wp\/v2\/media?parent=4135"}],"wp:term":[{"taxonomy":"product_brand","embeddable":true,"href":"https:\/\/jnats.eu\/pt\/wp-json\/wp\/v2\/product_brand?post=4135"},{"taxonomy":"product_cat","embeddable":true,"href":"https:\/\/jnats.eu\/pt\/wp-json\/wp\/v2\/product_cat?post=4135"},{"taxonomy":"product_tag","embeddable":true,"href":"https:\/\/jnats.eu\/pt\/wp-json\/wp\/v2\/product_tag?post=4135"}],"curies":[{"name":"wp","href":"https:\/\/api.w.org\/{rel}","templated":true}]}}