{"id":415,"date":"2024-03-04T15:10:19","date_gmt":"2024-03-04T13:10:19","guid":{"rendered":"http:\/\/jnats.eu\/?post_type=product&#038;p=415"},"modified":"2025-09-29T16:19:30","modified_gmt":"2025-09-29T13:19:30","slug":"otaniyama-hondo-daigokujo-finishing-natural-whetstone","status":"publish","type":"product","link":"https:\/\/jnats.eu\/pt\/produto-2\/otaniyama-hondo-daigokujo-finishing-natural-whetstone\/","title":{"rendered":"Pedra de amolar natural para acabamento de l\u00e2minas de barbear Otaniyama Hondo Daigokujo"},"content":{"rendered":"<p>Hondo Daigokujo s\u00e3o as pedras de afiar da mais alta qualidade entre as pedras Otaniyama. O Monte Otani situa-se a cerca de 10 quil\u00f3metros a noroeste do centro da C\u00e2mara Municipal de Kameoka e \u00e9 o nome comum de muitas montanhas. Trata-se de uma camada de pedra de amolar que cont\u00e9m muitas part\u00edculas abrasivas e parece ter sido extra\u00edda durante a era Showa, uma vez que a cor preta era considerada um azar e era evitada no per\u00edodo Edo. <\/p>\n\n\n\n<p>A qualidade das pedras \u00e9 boa, mas n\u00e3o s\u00e3o muito conhecidas porque n\u00e3o foram autorizadas a aderir \u00e0 Associa\u00e7\u00e3o de Pedras Naturais de Quioto, porque esta n\u00e3o gostava das pedras baratas e de alta qualidade existentes no mercado. Um homem de neg\u00f3cios, que importava e vendia sobretudo lubrificantes, varas, ferros, etc., descobriu esta pedra de amolar e vendeu-a de porta em porta aos cabeleireiros de todo o Jap\u00e3o, tendo-se espalhado gradualmente. <\/p>\n\n\n\n<p>Esta pedra \u00e9 uma mistura de Hondo-mae e Shiki-tomae, que d\u00e1 o melhor acabamento. Pode ser comparada com o acabamento Nakayama.<\/p>\n\n\n\n<p>Na altura, era vendida pelo mesmo pre\u00e7o que o sal\u00e1rio inicial de um licenciado, mas como se trata de uma pedra preta, nem toda a gente pensa que vale tanto. Quanto a esta pedra de amolar, \u00e9 ligeiramente macia, pelo que tamb\u00e9m pode ser utilizada para o acabamento de facas.<\/p>\n\n\n\n<p>A sua espessura \u00e9 suficiente para durar uma vida inteira. Como o nome sugere, \u00e9 uma pedra de amolar vers\u00e1til que pode ser utilizada n\u00e3o s\u00f3 para facas, mas tamb\u00e9m para o acabamento de l\u00e2minas de barbear, facas pequenas, tesouras, limas, cinz\u00e9is, etc. O atrativo da Otaniyama \u00e9 o facto de o resultado ser semelhante ao das pedras de afiar da mais alta qualidade.<\/p>\n\n\n\n<p>A \u00e1gua fria prejudica significativamente a rea\u00e7\u00e3o do a\u00e7o ao longo do tempo, pelo que \u00e9 prefer\u00edvel utilizar \u00e1gua quente a cerca de 42 graus Celsius para afiar.<\/p>\n\n\n\n<figure class=\"wp-block-embed is-type-video is-provider-youtube wp-block-embed-youtube wp-embed-aspect-16-9 wp-has-aspect-ratio\"><div class=\"wp-block-embed__wrapper\">\nhttps:\/\/youtu.be\/6k_XyH2uSsI\n<\/div><\/figure>","protected":false},"excerpt":{"rendered":"<ul>\n<li>Tamanho aproximado: 20,6 x 7,8 x 3,5 cm<\/li>\n<li>\u00a0Peso aprox.: 1450 g<\/li>\n<li>Dureza Lv 4<\/li>\n<li>Funciona rapidamente e proporciona um barbear suave. Corta o pelo em conjunto ap\u00f3s o acabamento na pedra. N\u00e3o \u00e9 necess\u00e1rio usar Nagura ou placa de diamante.<\/li>\n<li>Uma das melhores pedras de barbear que j\u00e1 vi. N\u00e3o \u00e9 muito bonita, mas funciona bem.<\/li>\n<\/ul>","protected":false},"featured_media":420,"comment_status":"open","ping_status":"closed","template":"","meta":[],"product_brand":[],"product_cat":[22],"product_tag":[74,71,95,90,70],"class_list":{"0":"post-415","1":"product","2":"type-product","3":"status-publish","4":"has-post-thumbnail","6":"product_cat-jnats","7":"product_tag-daigokujo","8":"product_tag-finishing","9":"product_tag-hondo","10":"product_tag-natural-whetstone","11":"product_tag-otaniyama","12":"product_shipping_class-iprastas","14":"first","15":"outofstock","16":"sale","17":"shipping-taxable","18":"purchasable","19":"product-type-simple"},"_links":{"self":[{"href":"https:\/\/jnats.eu\/pt\/wp-json\/wp\/v2\/product\/415","targetHints":{"allow":["GET"]}}],"collection":[{"href":"https:\/\/jnats.eu\/pt\/wp-json\/wp\/v2\/product"}],"about":[{"href":"https:\/\/jnats.eu\/pt\/wp-json\/wp\/v2\/types\/product"}],"replies":[{"embeddable":true,"href":"https:\/\/jnats.eu\/pt\/wp-json\/wp\/v2\/comments?post=415"}],"wp:featuredmedia":[{"embeddable":true,"href":"https:\/\/jnats.eu\/pt\/wp-json\/wp\/v2\/media\/420"}],"wp:attachment":[{"href":"https:\/\/jnats.eu\/pt\/wp-json\/wp\/v2\/media?parent=415"}],"wp:term":[{"taxonomy":"product_brand","embeddable":true,"href":"https:\/\/jnats.eu\/pt\/wp-json\/wp\/v2\/product_brand?post=415"},{"taxonomy":"product_cat","embeddable":true,"href":"https:\/\/jnats.eu\/pt\/wp-json\/wp\/v2\/product_cat?post=415"},{"taxonomy":"product_tag","embeddable":true,"href":"https:\/\/jnats.eu\/pt\/wp-json\/wp\/v2\/product_tag?post=415"}],"curies":[{"name":"wp","href":"https:\/\/api.w.org\/{rel}","templated":true}]}}