{"id":4216,"date":"2025-03-21T10:45:10","date_gmt":"2025-03-21T08:45:10","guid":{"rendered":"https:\/\/jnats.eu\/?post_type=product&#038;p=4216"},"modified":"2026-04-16T13:42:38","modified_gmt":"2026-04-16T10:42:38","slug":"nos-new-kinmoji-kamisori","status":"publish","type":"product","link":"https:\/\/jnats.eu\/pt\/produto-2\/nos-new-kinmoji-kamisori\/","title":{"rendered":"NOS Novo Kinmoji Camisori"},"content":{"rendered":"<p><strong>Kamisori<\/strong> \u2013 s\u00e3o navalhas japonesas que se diferenciam das ocidentais pelo design assim\u00e9trico da l\u00e2mina e pelo cabo mais simples. Eles s\u00e3o frequentemente usados no barbear tradicional japon\u00eas e s\u00e3o valorizados por sua precis\u00e3o.<\/p>\n\n\n\n<figure class=\"wp-block-embed is-type-video is-provider-youtube wp-block-embed-youtube wp-embed-aspect-16-9 wp-has-aspect-ratio\"><div class=\"wp-block-embed__wrapper\">\n<div class=\"video-container\"><iframe title=\"NOS Novo Kinmoji Camisori\" width=\"1170\" height=\"658\" src=\"https:\/\/www.youtube.com\/embed\/KNuzSOG5IiQ?feature=oembed\" frameborder=\"0\" allow=\"accelerometer; autoplay; clipboard-write; encrypted-media; gyroscope; picture-in-picture; web-share\" referrerpolicy=\"strict-origin-when-cross-origin\" allowfullscreen><\/iframe><\/div>\n<\/div><\/figure>\n\n\n\n<p><strong>Novo Kinmoji<\/strong> \u2013 \u00e9 uma marca que produz esse tipo de l\u00e2mina. O nome significa &quot;Nova Escrita Dourada&quot; (\u91d1\u6587\u5b57 - &quot;Kinmoji&quot; significa &quot;letras douradas&quot; em japon\u00eas). <\/p>\n\n\n\n<p><strong>L\u00e2mina de a\u00e7o<\/strong> \u2013 essas l\u00e2minas s\u00e3o feitas de a\u00e7o carbono de alta qualidade, considerado particularmente adequado para barbear devido \u00e0 sua nitidez e durabilidade. As pe\u00e7as de a\u00e7o duro s\u00e3o soldadas em uma linha ondulada a uma estrutura de a\u00e7o mais macio.<\/p>","protected":false},"excerpt":{"rendered":"<p><strong>As dimens\u00f5es de todos os Kamisori s\u00e3o ligeiramente diferentes porque s\u00e3o feitos \u00e0 m\u00e3o!<\/strong><\/p>\n<ul>\n<li>Existem vest\u00edgios de tempo e ferrugem. Veja atentamente as fotografias e o v\u00eddeo.<\/li>\n<li>N\u00ba 1 usado e os outros tr\u00eas sem uso.<\/li>\n<li>Comprimento total aproximadamente 150 mm<\/li>\n<li>Altura aproximadamente 19 mm (usado \u2013 18 mm)<\/li>\n<li>Comprimento da l\u00e2mina de corte aprox. 41 mil\u00edmetros<\/li>\n<li>A espessura da l\u00e2mina \u00e9 de aproximadamente 5 mm.<\/li>\n<li>peso aproximado de 37 g.<\/li>\n<li>Cabo de pl\u00e1stico macio<\/li>\n<li><strong>Feito no Jap\u00e3o em meados de maio<\/strong><\/li>\n<\/ul>","protected":false},"featured_media":4218,"comment_status":"open","ping_status":"closed","template":"","meta":[],"product_brand":[],"product_cat":[23],"product_tag":[25,327,55],"class_list":{"0":"post-4216","1":"product","2":"type-product","3":"status-publish","4":"has-post-thumbnail","6":"product_cat-razors","7":"product_tag-kamisori","8":"product_tag-new-kinmoji","9":"product_tag-nos","10":"product_shipping_class-light","12":"first","13":"outofstock","14":"shipping-taxable","15":"product-type-variable"},"_links":{"self":[{"href":"https:\/\/jnats.eu\/pt\/wp-json\/wp\/v2\/product\/4216","targetHints":{"allow":["GET"]}}],"collection":[{"href":"https:\/\/jnats.eu\/pt\/wp-json\/wp\/v2\/product"}],"about":[{"href":"https:\/\/jnats.eu\/pt\/wp-json\/wp\/v2\/types\/product"}],"replies":[{"embeddable":true,"href":"https:\/\/jnats.eu\/pt\/wp-json\/wp\/v2\/comments?post=4216"}],"wp:featuredmedia":[{"embeddable":true,"href":"https:\/\/jnats.eu\/pt\/wp-json\/wp\/v2\/media\/4218"}],"wp:attachment":[{"href":"https:\/\/jnats.eu\/pt\/wp-json\/wp\/v2\/media?parent=4216"}],"wp:term":[{"taxonomy":"product_brand","embeddable":true,"href":"https:\/\/jnats.eu\/pt\/wp-json\/wp\/v2\/product_brand?post=4216"},{"taxonomy":"product_cat","embeddable":true,"href":"https:\/\/jnats.eu\/pt\/wp-json\/wp\/v2\/product_cat?post=4216"},{"taxonomy":"product_tag","embeddable":true,"href":"https:\/\/jnats.eu\/pt\/wp-json\/wp\/v2\/product_tag?post=4216"}],"curies":[{"name":"wp","href":"https:\/\/api.w.org\/{rel}","templated":true}]}}