{"id":422,"date":"2024-03-04T15:16:08","date_gmt":"2024-03-04T13:16:08","guid":{"rendered":"http:\/\/jnats.eu\/?post_type=product&#038;p=422"},"modified":"2024-11-03T18:25:28","modified_gmt":"2024-11-03T16:25:28","slug":"otaniyama-daigokujo-finishing-natural-whetstone","status":"publish","type":"product","link":"https:\/\/jnats.eu\/pt\/produto-2\/otaniyama-daigokujo-finishing-natural-whetstone\/","title":{"rendered":"Pedra de amolar natural para acabamento de l\u00e2minas de barbear Otaniyama Daigokujo"},"content":{"rendered":"<p>Hondo Daigokujo s\u00e3o as pedras de afiar da mais alta qualidade entre as Otaniyama. O Monte Otani est\u00e1 localizado a cerca de 10 quil\u00f3metros a noroeste do centro da C\u00e2mara Municipal de Kameoka e \u00e9 o nome comum de muitas montanhas. Trata-se de uma camada de pedra de amolar que cont\u00e9m muitas part\u00edculas abrasivas e parece ter sido extra\u00edda durante a era Showa, uma vez que a cor preta era considerada um azar e era evitada no per\u00edodo Edo.<\/p>\n\n\n\n<p>A qualidade das pedras \u00e9 boa, mas n\u00e3o s\u00e3o muito conhecidas porque n\u00e3o foram autorizadas a aderir \u00e0 Associa\u00e7\u00e3o de Pedras Naturais de Quioto, porque esta n\u00e3o gostou das pedras baratas e de alta qualidade existentes no mercado. Seguiu-se um empres\u00e1rio que se dedicava principalmente<br>importava e vendia lubrificantes, varetas, ferros, etc., que se encontravam nesta m\u00f3 e<br>eram vendidos de porta em porta a cabeleireiros em todo o Jap\u00e3o e espalharam-se gradualmente.<\/p>\n\n\n\n<p>Esta pedra \u00e9 uma mistura de Hondo-mae e Shiki-tomae, que d\u00e1 o melhor acabamento. Pode ser comparada com o acabamento Nakayama.<\/p>\n\n\n\n<p>Na altura, era vendida pelo mesmo pre\u00e7o que o sal\u00e1rio inicial de um licenciado, mas como se trata de uma pedra preta, nem toda a gente pensa que vale tanto. Quanto a esta pedra de amolar, \u00e9 ligeiramente macia, pelo que tamb\u00e9m pode ser utilizada para o acabamento de facas. <\/p>\n\n\n\n<p>A pedra \u00e9 suficientemente espessa para durar uma vida inteira. Como o nome sugere, \u00e9 uma pedra de amolar vers\u00e1til que pode ser utilizada n\u00e3o s\u00f3 para facas, mas tamb\u00e9m para o acabamento de l\u00e2minas de barbear, pequenas facas, tesouras, limas, cinz\u00e9is, etc. O atrativo da Otaniyama \u00e9 que o acabamento \u00e9 semelhante ao das pedras de amolar da mais alta qualidade.<\/p>\n\n\n\n<p>A \u00e1gua fria prejudica significativamente a rea\u00e7\u00e3o do a\u00e7o ao longo do tempo, pelo que \u00e9 prefer\u00edvel utilizar \u00e1gua quente a cerca de 42 graus Celsius para afiar.<\/p>\n\n\n\n<figure class=\"wp-block-embed is-type-video is-provider-youtube wp-block-embed-youtube wp-embed-aspect-16-9 wp-has-aspect-ratio\"><div class=\"wp-block-embed__wrapper\">\n<div class=\"video-container\"><iframe title=\"Otaniyama Daigokujo - A melhor pedra de amolar natural para l\u00e2minas de barbear\" width=\"1170\" height=\"658\" src=\"https:\/\/www.youtube.com\/embed\/6k_XyH2uSsI?feature=oembed\" frameborder=\"0\" allow=\"accelerometer; autoplay; clipboard-write; encrypted-media; gyroscope; picture-in-picture; web-share\" referrerpolicy=\"strict-origin-when-cross-origin\" allowfullscreen><\/iframe><\/div>\n<\/div><\/figure>","protected":false},"excerpt":{"rendered":"<ul>\n<li>Tamanho aproximado: 20,0 x 7,0 x 2,4 cm<\/li>\n<li>\u00a0Peso aprox.: 820 g<\/li>\n<li>Dureza Lv 4<\/li>\n<li>Funciona rapidamente e proporciona um barbear suave. Corta o pelo imediatamente ap\u00f3s o acabamento na pedra. N\u00e3o \u00e9 necess\u00e1rio usar Nagura ou placa de diamante.<\/li>\n<li>Uma das melhores pedras de barbear que j\u00e1 vi. N\u00e3o \u00e9 muito bonita, mas funciona bem.<\/li>\n<\/ul>","protected":false},"featured_media":1259,"comment_status":"open","ping_status":"closed","template":"","meta":[],"product_brand":[],"product_cat":[22],"product_tag":[74,71,90,70],"class_list":{"0":"post-422","1":"product","2":"type-product","3":"status-publish","4":"has-post-thumbnail","6":"product_cat-jnats","7":"product_tag-daigokujo","8":"product_tag-finishing","9":"product_tag-natural-whetstone","10":"product_tag-otaniyama","11":"product_shipping_class-iprastas","13":"first","14":"outofstock","15":"sale","16":"shipping-taxable","17":"purchasable","18":"product-type-simple"},"_links":{"self":[{"href":"https:\/\/jnats.eu\/pt\/wp-json\/wp\/v2\/product\/422","targetHints":{"allow":["GET"]}}],"collection":[{"href":"https:\/\/jnats.eu\/pt\/wp-json\/wp\/v2\/product"}],"about":[{"href":"https:\/\/jnats.eu\/pt\/wp-json\/wp\/v2\/types\/product"}],"replies":[{"embeddable":true,"href":"https:\/\/jnats.eu\/pt\/wp-json\/wp\/v2\/comments?post=422"}],"wp:featuredmedia":[{"embeddable":true,"href":"https:\/\/jnats.eu\/pt\/wp-json\/wp\/v2\/media\/1259"}],"wp:attachment":[{"href":"https:\/\/jnats.eu\/pt\/wp-json\/wp\/v2\/media?parent=422"}],"wp:term":[{"taxonomy":"product_brand","embeddable":true,"href":"https:\/\/jnats.eu\/pt\/wp-json\/wp\/v2\/product_brand?post=422"},{"taxonomy":"product_cat","embeddable":true,"href":"https:\/\/jnats.eu\/pt\/wp-json\/wp\/v2\/product_cat?post=422"},{"taxonomy":"product_tag","embeddable":true,"href":"https:\/\/jnats.eu\/pt\/wp-json\/wp\/v2\/product_tag?post=422"}],"curies":[{"name":"wp","href":"https:\/\/api.w.org\/{rel}","templated":true}]}}