{"id":4313,"date":"2025-04-09T11:32:24","date_gmt":"2025-04-09T08:32:24","guid":{"rendered":"https:\/\/jnats.eu\/?post_type=product&#038;p=4313"},"modified":"2026-04-20T01:04:40","modified_gmt":"2026-04-19T22:04:40","slug":"kamisori-henkotsu-hureka-kobayashi-kinsei-ippon-renda","status":"publish","type":"product","link":"https:\/\/jnats.eu\/pt\/produto-2\/kamisori-henkotsu-hureka-kobayashi-kinsei-ippon-renda\/","title":{"rendered":"Kamisori Henkotsu, Hureka, Kobayashi Kinsei, Ippon Renda"},"content":{"rendered":"<figure class=\"wp-block-embed is-type-video is-provider-youtube wp-block-embed-youtube wp-embed-aspect-16-9 wp-has-aspect-ratio\"><div class=\"wp-block-embed__wrapper\">\n<div class=\"video-container\"><iframe title=\"Kamisori Henkotsu, Hureka, Kobayashi Kinsei, Ippon Renda\" width=\"1170\" height=\"658\" src=\"https:\/\/www.youtube.com\/embed\/UGGiu8uU1nI?feature=oembed\" frameborder=\"0\" allow=\"accelerometer; autoplay; clipboard-write; encrypted-media; gyroscope; picture-in-picture; web-share\" referrerpolicy=\"strict-origin-when-cross-origin\" allowfullscreen><\/iframe><\/div>\n<\/div><\/figure>\n\n\n\n<p>Semelhantes a uma espada de samurai tradicional, esses Kamisori eram forjados \u00e0 m\u00e3o a partir de duas camadas: a parte cortante feita de a\u00e7o de alto carbono e a camada de suporte de uma mais simples. A camada de a\u00e7o \u00e9 quebradi\u00e7a e dura, enquanto a casca fornece a flexibilidade e a resist\u00eancia necess\u00e1rias \u00e0 quebra.<\/p>\n\n\n\n<p>Nenhuma das camadas \u00e9 \u00e0 prova de ferrugem, portanto, mantenha sempre o aparelho seco ap\u00f3s o barbear e proteja-o com uma fina camada de \u00f3leo ou lubrificante n\u00e3o t\u00f3xico (por exemplo, Balistol). Por que esta faca est\u00e1 enferrujando? Facas de a\u00e7o inoxid\u00e1vel s\u00e3o feitas de uma liga que evita a forma\u00e7\u00e3o de pontos de corros\u00e3o, mas tamb\u00e9m s\u00e3o menos duras. A\u00e7o de alto carbono, como a camada de corte deste Kamisori, proporciona uma dureza muito maior e mant\u00e9m um barbear suave por muito mais tempo antes de precisar ser afiado novamente!<\/p>\n\n\n\n<p>Kamisori s\u00e3o l\u00e2minas de barbear japonesas de alta qualidade, feitas por mestres em sua arte. Esses kamisori s\u00e3o muito valorizados na comunidade tradicional de barbear japonesa pelos seguintes motivos:<\/p>\n\n\n\n<hr class=\"wp-block-separator has-alpha-channel-opacity\"\/>\n\n\n\n<h3 class=\"wp-block-heading\"> <strong>O que \u00e9 uma camisola?<\/strong><\/h3>\n\n\n\n<ul class=\"wp-block-list\">\n<li>Kamisori \u00e9 uma l\u00e2mina de barbear tradicional japonesa que difere das l\u00e2minas ocidentais. <em>navalha<\/em> pois geralmente apresentam uma inclina\u00e7\u00e3o de l\u00e2mina assim\u00e9trica (um lado \u00e9 reto, o outro \u00e9 curvo).<\/li>\n\n\n\n<li>Utilizado para barbear sem l\u00e2minas substitu\u00edveis, \u00e9 uma ferramenta de a\u00e7o s\u00f3lido que requer afia\u00e7\u00e3o e manuten\u00e7\u00e3o.<\/li>\n<\/ul>\n\n\n\n<hr class=\"wp-block-separator has-alpha-channel-opacity\"\/>\n\n\n\n<h3 class=\"wp-block-heading\"><strong>Caracter\u00edsticas \u00fanicas do Kamisori:<\/strong><\/h3>\n\n\n\n<ol class=\"wp-block-list\">\n<li><strong>Feito \u00e0 m\u00e3o<\/strong> \u2013 cada l\u00e2mina \u00e9 feita \u00e0 m\u00e3o por um mestre usando t\u00e9cnicas tradicionais de ferraria.<\/li>\n\n\n\n<li><strong>A\u00e7o de alta qualidade<\/strong> \u2013 frequentemente usado <em>Shirogami<\/em> (A\u00e7o de Papel Branco) ou <em>Aogami<\/em> (A\u00e7o de Papel Azul) a\u00e7o que mant\u00e9m seu fio perfeitamente.<\/li>\n\n\n\n<li><strong>Design assim\u00e9trico<\/strong> \u2013 t\u00edpico das camisolas tradicionais, permite um barbear extremamente preciso.<\/li>\n\n\n\n<li><strong>Est\u00e9tica<\/strong> \u2013 geralmente tem detalhes gravados artisticamente (por exemplo, caracteres kanji), eleg\u00e2ncia no estilo japon\u00eas.<\/li>\n\n\n\n<li><strong>Reputa\u00e7\u00e3o<\/strong> \u2013 Os artes\u00e3os japoneses est\u00e3o entre os fabricantes mais famosos de ferramentas de barbear vintage.<\/li>\n<\/ol>\n\n\n\n<p><\/p>\n\n\n\n<p>Henkotsu kamisori \u00e9 outro nome muito respeitado no mundo das l\u00e2minas de barbear tradicionais japonesas. Esse <strong>vintage (antigo)<\/strong> facas kamisori, feitas principalmente no s\u00e9culo XX. no in\u00edcio ou durante a guerra (bem como no per\u00edodo p\u00f3s-guerra) e agora se tornaram objetos cobi\u00e7ados entre colecionadores e entusiastas do barbear.<\/p>\n\n\n\n<hr class=\"wp-block-separator has-alpha-channel-opacity\"\/>\n\n\n\n<h3 class=\"wp-block-heading\"><strong>O que \u00e9 Henkotsu?<\/strong><\/h3>\n\n\n\n<ul class=\"wp-block-list\">\n<li><strong>&quot;Henkotsu&quot; (osso morto)<\/strong> pode significar literalmente &quot;teimoso&quot; ou &quot;exc\u00eantrico&quot;, mas no mundo do barbear \u00e9 <strong>marca do fabricante (ou artes\u00e3o)<\/strong>, que foi gravado na l\u00e2mina do kamisori.<\/li>\n\n\n\n<li>Essas l\u00e2minas foram fabricadas <strong>Per\u00edodo Showa (c. 1926\u20131989)<\/strong>, e alguns at\u00e9 mais cedo \u2013 <strong>Taisho (1912\u20131926)<\/strong> ou mesmo <strong>Meiji (1868\u20131912)<\/strong> per\u00edodo.<\/li>\n\n\n\n<li>A maioria deles foi produzida <strong>Em Osaka ou T\u00f3quio<\/strong>, em famosos distritos de fabrica\u00e7\u00e3o de facas.<\/li>\n<\/ul>\n\n\n\n<hr class=\"wp-block-separator has-alpha-channel-opacity\"\/>\n\n\n\n<h3 class=\"wp-block-heading\"><strong>O que torna Henkotsu Kamisori t\u00e3o especial?<\/strong><\/h3>\n\n\n\n<ol class=\"wp-block-list\">\n<li><strong>Aut\u00eantico e vintage<\/strong> \u2013 s\u00e3o instrumentos de barbear hist\u00f3ricos, frequentemente caracterizados por <em>wabi sabi<\/em> est\u00e9tica (simplicidade, antiguidade, forma n\u00e3o ideal).<\/li>\n\n\n\n<li><strong>A\u00e7o de alta qualidade<\/strong> \u2013 os antigos kamisori foram forjados a partir de armas tradicionais japonesas <em>tamahagane<\/em> ou a\u00e7o carbono duro.<\/li>\n\n\n\n<li><strong>Forma \u00fanica<\/strong> \u2013 um design de camisola cl\u00e1ssico e minimalista, geralmente sem al\u00e7as, com relevo sutil de kanji.<\/li>\n\n\n\n<li><strong>Boa reputa\u00e7\u00e3o entre colecionadores<\/strong> \u2013 O nome Henkotsu \u00e9 frequentemente comparado a outros fabricantes vintage famosos, como Iwasaki ou Tanifuji.<\/li>\n\n\n\n<li><strong>Perfeitamente afiado<\/strong> \u2013 As facas Henkotsu quando bem conservadas mant\u00eam um corte muito afiado e suave.<\/li>\n<\/ol>","protected":false},"excerpt":{"rendered":"<ol>\n<li>Henkotsu<\/li>\n<li>Henkotsu<\/li>\n<li>Hurrek<\/li>\n<li>Kobayashi Kinsei<\/li>\n<li>Ippon Renda<\/li>\n<li>Ippon Renda<\/li>\n<li>Ippon Renda<\/li>\n<li>Ippon Renda<\/li>\n<li>Ippon Renda<\/li>\n<\/ol>\n<p><!-- wp:paragraph --><\/p>\n<p><strong>Utilize-o e n\u00e3o pense duas vezes.<\/strong> Ligeiramente afetado pela corros\u00e3o.<\/p>\n<p><!-- \/wp:paragraph --><\/p>\n<p><!-- wp:paragraph --><\/p>\n<p>Se voc\u00ea n\u00e3o vir o n\u00famero na lista, isso significa que o item foi vendido.<\/p>\n<p><!-- \/wp:paragraph --><\/p>","protected":false},"featured_media":4315,"comment_status":"open","ping_status":"closed","template":"","meta":[],"product_brand":[],"product_cat":[23],"product_tag":[314,328,330,25,329],"class_list":{"0":"post-4313","1":"product","2":"type-product","3":"status-publish","4":"has-post-thumbnail","6":"product_cat-razors","7":"product_tag-henkotsu","8":"product_tag-hureka","9":"product_tag-ippon-renda","10":"product_tag-kamisori","11":"product_tag-kobayashi-kinsei","12":"product_shipping_class-light","14":"first","15":"instock","16":"shipping-taxable","17":"purchasable","18":"product-type-variable"},"_links":{"self":[{"href":"https:\/\/jnats.eu\/pt\/wp-json\/wp\/v2\/product\/4313","targetHints":{"allow":["GET"]}}],"collection":[{"href":"https:\/\/jnats.eu\/pt\/wp-json\/wp\/v2\/product"}],"about":[{"href":"https:\/\/jnats.eu\/pt\/wp-json\/wp\/v2\/types\/product"}],"replies":[{"embeddable":true,"href":"https:\/\/jnats.eu\/pt\/wp-json\/wp\/v2\/comments?post=4313"}],"wp:featuredmedia":[{"embeddable":true,"href":"https:\/\/jnats.eu\/pt\/wp-json\/wp\/v2\/media\/4315"}],"wp:attachment":[{"href":"https:\/\/jnats.eu\/pt\/wp-json\/wp\/v2\/media?parent=4313"}],"wp:term":[{"taxonomy":"product_brand","embeddable":true,"href":"https:\/\/jnats.eu\/pt\/wp-json\/wp\/v2\/product_brand?post=4313"},{"taxonomy":"product_cat","embeddable":true,"href":"https:\/\/jnats.eu\/pt\/wp-json\/wp\/v2\/product_cat?post=4313"},{"taxonomy":"product_tag","embeddable":true,"href":"https:\/\/jnats.eu\/pt\/wp-json\/wp\/v2\/product_tag?post=4313"}],"curies":[{"name":"wp","href":"https:\/\/api.w.org\/{rel}","templated":true}]}}