{"id":4387,"date":"2025-11-10T11:41:48","date_gmt":"2025-11-10T09:41:48","guid":{"rendered":"https:\/\/jnats.eu\/?post_type=product&#038;p=4387"},"modified":"2026-04-07T07:43:19","modified_gmt":"2026-04-07T04:43:19","slug":"aizu-medium-naturalus-japoniskas-galandimo-akmuo","status":"publish","type":"product","link":"https:\/\/jnats.eu\/pt\/produto-2\/aizu-medium-naturalus-japoniskas-galandimo-akmuo\/","title":{"rendered":"Pedra de afiar japonesa natural Aizu m\u00e9dia fina e extra fina"},"content":{"rendered":"<p>Aizu s\u00e3o pedras de afiar naturais japonesas, valorizadas pela sua qualidade e efic\u00e1cia na afia\u00e7\u00e3o de facas e outras ferramentas afiadas. S\u00e3o formadas a partir de rochas naturais extra\u00eddas na regi\u00e3o de Aizu, na prefeitura de Fukushima, Jap\u00e3o. Estas pedras t\u00eam uma dureza m\u00e9dia e uma estrutura de gr\u00e3o fino, o que as torna adequadas tanto para a afia\u00e7\u00e3o inicial como para o acabamento de l\u00e2minas.<\/p>\n\n\n\n<figure class=\"wp-block-embed is-type-video is-provider-youtube wp-block-embed-youtube wp-embed-aspect-16-9 wp-has-aspect-ratio\"><div class=\"wp-block-embed__wrapper\">\n<div class=\"video-container\"><iframe title=\"Pedras de amolar m\u00e9dias naturais japonesas: finas e extra-finas Aizu + Sh\u014dhon&#039;yama Shiroto\" width=\"1170\" height=\"658\" src=\"https:\/\/www.youtube.com\/embed\/AUi6ntDU60U?feature=oembed\" frameborder=\"0\" allow=\"accelerometer; autoplay; clipboard-write; encrypted-media; gyroscope; picture-in-picture; web-share\" referrerpolicy=\"strict-origin-when-cross-origin\" allowfullscreen><\/iframe><\/div>\n<\/div><\/figure>\n\n\n\n<h3 class=\"wp-block-heading\">Carater\u00edsticas principais:<\/h3>\n\n\n\n<ul class=\"wp-block-list\">\n<li><strong>Granula\u00e7\u00e3o<\/strong>R: As pedras Aizu s\u00e3o geralmente de gr\u00e3o m\u00e9dio, normalmente \u00e0 volta de #800-#2000, o que as torna ideais para a afia\u00e7\u00e3o quotidiana de facas, para remover pequenos defeitos e afiar a l\u00e2mina.<\/li>\n\n\n\n<li><strong>Dureza<\/strong>Dureza m\u00e9dia: S\u00e3o geralmente de dureza m\u00e9dia, pelo que se desgastam suficientemente devagar, mas requerem um pouco mais de per\u00edcia para obter um resultado \u00f3timo.<\/li>\n\n\n\n<li><strong>Uso<\/strong>A pedra deve ser humedecida com \u00e1gua antes da utiliza\u00e7\u00e3o para garantir que est\u00e1 bem molhada. Durante a afia\u00e7\u00e3o, a \u00e1gua actua como um lubrificante, reduzindo a fric\u00e7\u00e3o e ajudando a manter a superf\u00edcie limpa.<\/li>\n\n\n\n<li><strong>Prop\u00f3sito<\/strong>Para facas de cozinha, ferramentas de trinchar e outras l\u00e2minas pequenas. Muitas vezes utilizado em combina\u00e7\u00e3o com pedras de gr\u00e3o mais fino (por exemplo, #3000 ou mais) para o polimento final.<\/li>\n<\/ul>\n\n\n\n<h3 class=\"wp-block-heading\">Benef\u00edcios:<\/h3>\n\n\n\n<ul class=\"wp-block-list\">\n<li>Proporciona uma afia\u00e7\u00e3o suave e controlada.<\/li>\n\n\n\n<li>A composi\u00e7\u00e3o natural garante um acabamento delicado da l\u00e2mina, evitando uma remo\u00e7\u00e3o demasiado agressiva do metal.<\/li>\n\n\n\n<li>Longa dura\u00e7\u00e3o se a manuten\u00e7\u00e3o for correta.<\/li>\n<\/ul>\n\n\n\n<h3 class=\"wp-block-heading\">Desvantagens:<\/h3>\n\n\n\n<ul class=\"wp-block-list\">\n<li>As pedras naturais de Aizu podem ser mais caras do que as suas cong\u00e9neres sint\u00e9ticas.<\/li>\n\n\n\n<li>Em compara\u00e7\u00e3o com as pedras sint\u00e9ticas, pode ser menos tolerante para os principiantes.<\/li>\n\n\n\n<li>Por vezes, a superf\u00edcie da pedra pode apresentar irregularidades naturais, o que exige uma manuten\u00e7\u00e3o regular (por exemplo, alisamento com uma pedra de alisamento especial ou vidro com carboneto de sil\u00edcio).<\/li>\n<\/ul>\n\n\n\n<h3 class=\"wp-block-heading\">Manuten\u00e7\u00e3o:<\/h3>\n\n\n\n<ul class=\"wp-block-list\">\n<li>Ap\u00f3s a utiliza\u00e7\u00e3o, a pedra deve ser lavada e seca para remover as part\u00edculas met\u00e1licas e a lama.<\/li>\n\n\n\n<li>Conservar num local seco para evitar fissuras ou bolor.<\/li>\n<\/ul>\n\n\n\n<p>As pedras Aizu s\u00e3o muito apreciadas pelos entusiastas e profissionais da afia\u00e7\u00e3o, especialmente os que preferem as ferramentas tradicionais japonesas.<\/p>","protected":false},"excerpt":{"rendered":"<ul class=\"wp-block-list\">\n<li>Adequado para afia\u00e7\u00e3o intermedi\u00e1ria ou final de facas, tesouras, ferramentas de carpintaria e outras ferramentas.<\/li>\n<li>Dimens\u00f5es: fino 213x63x80 mm, extrafino 194x59x68<\/li>\n<li>Peso: fino 2400 g, extrafino 1740 g.<\/li>\n<li>Gr\u00e3o aproximadamente fino 3000, extra fino 5000<\/li>\n<li>Dureza: Lv 4.5<\/li>\n<li>Extra\u00edda em meados do s\u00e9culo passado, a pedra vintage caracteriza-se por uma boa velocidade e suavidade.<\/li>\n<li>Um lado \u00e9 alisado e pronto para o trabalho.<\/li>\n<li><strong>Voc\u00ea pode assistir ao trabalho no v\u00eddeo abaixo.<\/strong><\/li>\n<\/ul>","protected":false},"featured_media":5418,"comment_status":"open","ping_status":"closed","template":"","meta":[],"product_brand":[],"product_cat":[22],"product_tag":[299,362,363],"class_list":{"0":"post-4387","1":"product","2":"type-product","3":"status-publish","4":"has-post-thumbnail","6":"product_cat-jnats","7":"product_tag-aizu","8":"product_tag-jnats","9":"product_tag-nakatoishi","10":"product_shipping_class-iprastas","12":"first","13":"outofstock","14":"shipping-taxable","15":"product-type-variable"},"_links":{"self":[{"href":"https:\/\/jnats.eu\/pt\/wp-json\/wp\/v2\/product\/4387","targetHints":{"allow":["GET"]}}],"collection":[{"href":"https:\/\/jnats.eu\/pt\/wp-json\/wp\/v2\/product"}],"about":[{"href":"https:\/\/jnats.eu\/pt\/wp-json\/wp\/v2\/types\/product"}],"replies":[{"embeddable":true,"href":"https:\/\/jnats.eu\/pt\/wp-json\/wp\/v2\/comments?post=4387"}],"wp:featuredmedia":[{"embeddable":true,"href":"https:\/\/jnats.eu\/pt\/wp-json\/wp\/v2\/media\/5418"}],"wp:attachment":[{"href":"https:\/\/jnats.eu\/pt\/wp-json\/wp\/v2\/media?parent=4387"}],"wp:term":[{"taxonomy":"product_brand","embeddable":true,"href":"https:\/\/jnats.eu\/pt\/wp-json\/wp\/v2\/product_brand?post=4387"},{"taxonomy":"product_cat","embeddable":true,"href":"https:\/\/jnats.eu\/pt\/wp-json\/wp\/v2\/product_cat?post=4387"},{"taxonomy":"product_tag","embeddable":true,"href":"https:\/\/jnats.eu\/pt\/wp-json\/wp\/v2\/product_tag?post=4387"}],"curies":[{"name":"wp","href":"https:\/\/api.w.org\/{rel}","templated":true}]}}