{"id":4416,"date":"2025-04-17T09:44:20","date_gmt":"2025-04-17T06:44:20","guid":{"rendered":"https:\/\/jnats.eu\/?post_type=product&#038;p=4416"},"modified":"2025-12-16T13:35:50","modified_gmt":"2025-12-16T11:35:50","slug":"nakayama-tomae","status":"publish","type":"product","link":"https:\/\/jnats.eu\/pt\/produto-2\/nakayama-tomae\/","title":{"rendered":"Nakayama Tomae"},"content":{"rendered":"<figure class=\"wp-block-embed is-type-video is-provider-youtube wp-block-embed-youtube wp-embed-aspect-16-9 wp-has-aspect-ratio\"><div class=\"wp-block-embed__wrapper\">\n<div class=\"video-container\"><iframe title=\"Nakayama Tomae, Gosa, Maruka, Ohira contra C.V. Heljestrand N.\u00ba 133\" width=\"1170\" height=\"658\" src=\"https:\/\/www.youtube.com\/embed\/BxxCe3bcOhE?start=485&#038;feature=oembed\" frameborder=\"0\" allow=\"accelerometer; autoplay; clipboard-write; encrypted-media; gyroscope; picture-in-picture; web-share\" referrerpolicy=\"strict-origin-when-cross-origin\" allowfullscreen><\/iframe><\/div>\n<\/div><\/figure>\n\n\n\n<p>Nakayama Tomae \u00e9 uma pedra de afiar natural japonesa de alta qualidade, proveniente da mina de Nakayama, na parte oriental do Jap\u00e3o, perto de Quioto. Estas pedras s\u00e3o muito apreciadas pelos afiadores de facas, l\u00e2minas de barbear e outras ferramentas afiadas devido \u00e0s suas propriedades \u00fanicas e excelente desempenho. Eis algumas informa\u00e7\u00f5es b\u00e1sicas sobre a Nakayama Tomae:<\/p>\n\n\n\n<h3 class=\"wp-block-heading\">Caracter\u00edsticas:<\/h3>\n\n\n\n<ol class=\"wp-block-list\">\n<li><strong>Origem e composi\u00e7\u00e3o<\/strong>:\n<ul class=\"wp-block-list\">\n<li>As pedras Nakayama Tomae s\u00e3o extra\u00eddas da mina de Nakayama, que \u00e9 famosa pelas suas pedras awasedo (acabamento para afiar).<\/li>\n<\/ul>\n<\/li>\n\n\n\n<li>As pedras s\u00e3o muito duras e de gr\u00e3o fino, o que as torna ideais para o polimento final e a afia\u00e7\u00e3o.<\/li>\n\n\n\n<li><strong>Uso<\/strong>:\n<ul class=\"wp-block-list\">\n<li>As pedras Nakayama Tomae s\u00e3o utilizadas principalmente como pedras de acabamento no processo de afia\u00e7\u00e3o, dando \u00e0 l\u00e2mina um gume muito afiado e polido.<\/li>\n\n\n\n<li>S\u00e3o particularmente populares para afiar facas japonesas (por exemplo, Yanagiba, Deba), l\u00e2minas de barbear e ferramentas para trabalhar madeira.<\/li>\n\n\n\n<li>Gra\u00e7as \u00e0 sua dureza e textura fina, obt\u00eam-se uma superf\u00edcie de l\u00e2mina espelhada, n\u00e3o s\u00f3 afiada, mas tamb\u00e9m esteticamente agrad\u00e1vel.<\/li>\n<\/ul>\n<\/li>\n\n\n\n<li><strong>Sensa\u00e7\u00e3o de afia\u00e7\u00e3o<\/strong>:\n<ul class=\"wp-block-list\">\n<li>As pedras Nakayama s\u00e3o conhecidas pela sua agrad\u00e1vel sensa\u00e7\u00e3o de afia\u00e7\u00e3o - proporcionam um contacto suave e \"sedoso\" com a l\u00e2mina em compara\u00e7\u00e3o com outras pedras naturais.<\/li>\n\n\n\n<li>A sua superf\u00edcie permite um controlo preciso do processo de afia\u00e7\u00e3o, o que \u00e9 particularmente importante para os profissionais.<\/li>\n<\/ul>\n<\/li>\n\n\n\n<li><strong>Rupum<\/strong>:\n<ul class=\"wp-block-list\">\n<li>As pedras Nakayama Tomae n\u00e3o t\u00eam uma classifica\u00e7\u00e3o padr\u00e3o de \"gr\u00e3o\" (aspereza) como as pedras sint\u00e9ticas, mas s\u00e3o geralmente consideradas muito finas, com um gr\u00e3o de cerca de 8000-12000+.<\/li>\n\n\n\n<li>S\u00e3o frequentemente utilizadas depois de pedras maiores (por exemplo, gr\u00e3o 1000-6000) para completar o processo de afia\u00e7\u00e3o.<\/li>\n<\/ul>\n<\/li>\n<\/ol>\n\n\n\n<h3 class=\"wp-block-heading\">Manuten\u00e7\u00e3o e utiliza\u00e7\u00e3o:<\/h3>\n\n\n\n<ul class=\"wp-block-list\">\n<li><strong>Prepara\u00e7\u00e3o<\/strong>A superf\u00edcie da pedra deve ser humedecida com \u00e1gua antes da utiliza\u00e7\u00e3o. A pedra deve estar molhada durante a afia\u00e7\u00e3o para permitir que a \u00e1gua actue como um lubrificante.<\/li>\n\n\n\n<li><strong>Tecnologia<\/strong>A faca \u00e9 mantida num \u00e2ngulo de 15-30\u00b0 durante a afia\u00e7\u00e3o, com movimentos diagonais para a frente e para tr\u00e1s sobre a superf\u00edcie da pedra. Ap\u00f3s a utiliza\u00e7\u00e3o, a pedra \u00e9 limpa com uma escova macia e seca numa \u00e1rea ventilada.<\/li>\n\n\n\n<li><strong>Avisos<\/strong>N\u00e3o \u00e9 adequado para afiar facas serrilhadas ou tesouras. A pedra \u00e9 fr\u00e1gil e deve ser protegida de choques ou quedas.<\/li>\n<\/ul>\n\n\n\n<h3 class=\"wp-block-heading\">Aspectos do mercado:<\/h3>\n\n\n\n<ul class=\"wp-block-list\">\n<li><strong>Raridade<\/strong>: A mina de Nakayama est\u00e1 encerrada, pelo que a oferta destas pedras \u00e9 limitada, o que as torna caras e desej\u00e1veis para coleccionadores e profissionais.<\/li>\n\n\n\n<li><strong>Pre\u00e7o<\/strong>: O pre\u00e7o das pedras Nakayama Tomae pode variar entre algumas centenas e milhares de euros, consoante o tamanho, a qualidade e a cor (por exemplo, as Kiita amarelas s\u00e3o muito caras).<\/li>\n<\/ul>\n\n\n\n<h3 class=\"wp-block-heading\">Porque \u00e9 que Nakayama Tomae \u00e9 especial?<\/h3>\n\n\n\n<ul class=\"wp-block-list\">\n<li>As pedras Nakayama, especialmente as Tomae, s\u00e3o consideradas entre as melhores pedras de afiar naturais do mundo devido \u00e0 sua dureza, textura fina e propriedades minerais \u00fanicas.<\/li>\n\n\n\n<li>A sua capacidade de criar um gume muito afiado e polido torna-os indispens\u00e1veis para a afia\u00e7\u00e3o tradicional japonesa, onde a est\u00e9tica e a funcionalidade s\u00e3o importantes.<\/li>\n<\/ul>","protected":false},"excerpt":{"rendered":"<ul>\n<li>Adequado para facas de acabamento, tesouras, ferramentas de carpintaria e outras ferramentas.<\/li>\n<li>Dimens\u00f5es: 210x80x33 mm<\/li>\n<li>Peso com suporte: 1680 g<\/li>\n<li>Dureza: Lv 4.8<\/li>\n<li>A superf\u00edcie \u00e9 lisa e est\u00e1 pronta a ser utilizada.<\/li>\n<\/ul>","protected":false},"featured_media":4760,"comment_status":"open","ping_status":"closed","template":"","meta":[],"product_brand":[],"product_cat":[22],"product_tag":[49,67],"class_list":{"0":"post-4416","1":"product","2":"type-product","3":"status-publish","4":"has-post-thumbnail","6":"product_cat-jnats","7":"product_tag-nakayama","8":"product_tag-tomae","9":"product_shipping_class-iprastas","11":"first","12":"outofstock","13":"shipping-taxable","14":"purchasable","15":"product-type-simple"},"_links":{"self":[{"href":"https:\/\/jnats.eu\/pt\/wp-json\/wp\/v2\/product\/4416","targetHints":{"allow":["GET"]}}],"collection":[{"href":"https:\/\/jnats.eu\/pt\/wp-json\/wp\/v2\/product"}],"about":[{"href":"https:\/\/jnats.eu\/pt\/wp-json\/wp\/v2\/types\/product"}],"replies":[{"embeddable":true,"href":"https:\/\/jnats.eu\/pt\/wp-json\/wp\/v2\/comments?post=4416"}],"wp:featuredmedia":[{"embeddable":true,"href":"https:\/\/jnats.eu\/pt\/wp-json\/wp\/v2\/media\/4760"}],"wp:attachment":[{"href":"https:\/\/jnats.eu\/pt\/wp-json\/wp\/v2\/media?parent=4416"}],"wp:term":[{"taxonomy":"product_brand","embeddable":true,"href":"https:\/\/jnats.eu\/pt\/wp-json\/wp\/v2\/product_brand?post=4416"},{"taxonomy":"product_cat","embeddable":true,"href":"https:\/\/jnats.eu\/pt\/wp-json\/wp\/v2\/product_cat?post=4416"},{"taxonomy":"product_tag","embeddable":true,"href":"https:\/\/jnats.eu\/pt\/wp-json\/wp\/v2\/product_tag?post=4416"}],"curies":[{"name":"wp","href":"https:\/\/api.w.org\/{rel}","templated":true}]}}