{"id":4422,"date":"2025-04-17T09:52:42","date_gmt":"2025-04-17T06:52:42","guid":{"rendered":"https:\/\/jnats.eu\/?post_type=product&#038;p=4422"},"modified":"2025-06-16T07:11:07","modified_gmt":"2025-06-16T04:11:07","slug":"nakayama-gosa","status":"publish","type":"product","link":"https:\/\/jnats.eu\/pt\/produto-2\/nakayama-gosa\/","title":{"rendered":"Nakayama Gosa"},"content":{"rendered":"<figure class=\"wp-block-embed is-type-video is-provider-youtube wp-block-embed-youtube wp-embed-aspect-16-9 wp-has-aspect-ratio\"><div class=\"wp-block-embed__wrapper\">\n<div class=\"video-container\"><iframe title=\"Nakayama Tomae, Gosa, Maruka, Ohira contra C.V. Heljestrand N.\u00ba 133\" width=\"1170\" height=\"658\" src=\"https:\/\/www.youtube.com\/embed\/BxxCe3bcOhE?start=826&#038;feature=oembed\" frameborder=\"0\" allow=\"accelerometer; autoplay; clipboard-write; encrypted-media; gyroscope; picture-in-picture; web-share\" referrerpolicy=\"strict-origin-when-cross-origin\" allowfullscreen><\/iframe><\/div>\n<\/div><\/figure>\n\n\n\n<p>A Nakayama Gosa \u00e9 uma pedra de amolar natural japonesa extra\u00edda da famosa mina de Nakayama, perto de Quioto, no Jap\u00e3o. Estas pedras pertencem \u00e0 categoria \"awasedo\", ou seja, pedras de acabamento, e s\u00e3o muito apreciadas pelos entusiastas da afia\u00e7\u00e3o de facas, l\u00e2minas e ferramentas pelas suas propriedades excepcionais. No entanto, a Gosa \u00e9 um tipo espec\u00edfico de pedra Nakayama que difere de outras, como a Tomae, na sua composi\u00e7\u00e3o mineral e carater\u00edsticas de afia\u00e7\u00e3o.<\/p>\n\n\n\n<h3 class=\"wp-block-heading\">Informa\u00e7\u00f5es b\u00e1sicas sobre Nakayama Gosa:<\/h3>\n\n\n\n<ol class=\"wp-block-list\">\n<li><strong>Origem e composi\u00e7\u00e3o<\/strong>:\n<ul class=\"wp-block-list\">\n<li>As pedras de Nakayama Gosa s\u00e3o extra\u00eddas da mina de Nakayama, atualmente encerrada, o que torna estas pedras raras e preciosas.<\/li>\n\n\n\n<li>\"As pedras gosa t\u00eam frequentemente uma tonalidade avermelhada, acinzentada ou amarelada, por vezes com padr\u00f5es \u00fanicos chamados \"Iromono\". A sua cor e textura dependem da composi\u00e7\u00e3o de minerais como o quartzo e a argila.<\/li>\n\n\n\n<li>As gossas s\u00e3o muito semelhantes \u00e0s de Nakayama Tomae ou tamb\u00e9m de gr\u00e3o muito fino, ideais para o polimento final.<\/li>\n<\/ul>\n<\/li>\n\n\n\n<li><strong>Uso<\/strong>:\n<ul class=\"wp-block-list\">\n<li>As pedras Nakayama Gosa s\u00e3o utilizadas como pedras de acabamento, dando \u00e0 l\u00e2mina um gume muito afiado e espelhado. S\u00e3o frequentemente escolhidas para afiar facas japonesas (por exemplo, Santoku, Gyuto), l\u00e2minas de barbear ou ferramentas para trabalhar madeira.<\/li>\n\n\n\n<li>S\u00e3o particularmente adequados para aqueles que pretendem uma sensa\u00e7\u00e3o de afia\u00e7\u00e3o equilibrada - n\u00e3o demasiado dura, mas suficientemente eficaz para moldar o gume.<\/li>\n<\/ul>\n<\/li>\n\n\n\n<li><strong>Sensa\u00e7\u00e3o de afia\u00e7\u00e3o<\/strong>:\n<ul class=\"wp-block-list\">\n<li>As pedras Nakayama Gosa s\u00e3o conhecidas pela sua sensa\u00e7\u00e3o de afia\u00e7\u00e3o \"cremosa\" ou \"suave\", que \u00e9 mais agrad\u00e1vel do que muitas pedras duras.<\/li>\n\n\n\n<li>Permitem um controlo preciso do processo de afia\u00e7\u00e3o e a sua superf\u00edcie adapta-se rapidamente \u00e0 l\u00e2mina, garantindo um contacto suave.<\/li>\n<\/ul>\n<\/li>\n\n\n\n<li><strong>Rupum<\/strong>:\n<ul class=\"wp-block-list\">\n<li>Embora as pedras naturais n\u00e3o tenham a mesma classifica\u00e7\u00e3o exacta de \"gr\u00e3o\" que as pedras sint\u00e9ticas, o Nakayama Gosa \u00e9 geralmente considerado como estando na gama de 8000-10.000+ gr\u00e3os, dependendo da finura da pedra.<\/li>\n\n\n\n<li>S\u00e3o frequentemente utilizadas ap\u00f3s pedras de gr\u00e3o m\u00e9dio (por exemplo, gr\u00e3o 4000-6000) para completar o processo de afia\u00e7\u00e3o e obter um gume muito afiado.<\/li>\n<\/ul>\n<\/li>\n<\/ol>\n\n\n\n<h3 class=\"wp-block-heading\">Porque \u00e9 que a Nakayama Gosa \u00e9 especial?<\/h3>\n\n\n\n<p>As pedras Nakayama Gosa s\u00e3o valorizadas pelo seu equil\u00edbrio entre suavidade e finura, permitindo um resultado de afia\u00e7\u00e3o profissional com um processo agrad\u00e1vel. A sua raridade e propriedades minerais \u00fanicas tornam-nas cobi\u00e7adas pelos amantes da tradi\u00e7\u00e3o japonesa de afiar.<\/p>","protected":false},"excerpt":{"rendered":"<div class=\"woocommerce-product-details__short-description\">\n<ul>\n<li>Ideal para o acabamento de l\u00e2minas de barbear, facas, tesouras, ferramentas de carpintaria e outras.<\/li>\n<li>Dimens\u00f5es: 208x76x27 mm<\/li>\n<li>Peso: 1120 g<\/li>\n<li>Dureza: Lv 5<\/li>\n<li>A superf\u00edcie \u00e9 lisa e est\u00e1 pronta a ser utilizada.<\/li>\n<\/ul>\n<\/div>","protected":false},"featured_media":4762,"comment_status":"open","ping_status":"closed","template":"","meta":[],"product_brand":[],"product_cat":[22],"product_tag":[335,49],"class_list":{"0":"post-4422","1":"product","2":"type-product","3":"status-publish","4":"has-post-thumbnail","6":"product_cat-jnats","7":"product_tag-gosa","8":"product_tag-nakayama","9":"product_shipping_class-iprastas","11":"first","12":"instock","13":"shipping-taxable","14":"purchasable","15":"product-type-simple"},"_links":{"self":[{"href":"https:\/\/jnats.eu\/pt\/wp-json\/wp\/v2\/product\/4422","targetHints":{"allow":["GET"]}}],"collection":[{"href":"https:\/\/jnats.eu\/pt\/wp-json\/wp\/v2\/product"}],"about":[{"href":"https:\/\/jnats.eu\/pt\/wp-json\/wp\/v2\/types\/product"}],"replies":[{"embeddable":true,"href":"https:\/\/jnats.eu\/pt\/wp-json\/wp\/v2\/comments?post=4422"}],"wp:featuredmedia":[{"embeddable":true,"href":"https:\/\/jnats.eu\/pt\/wp-json\/wp\/v2\/media\/4762"}],"wp:attachment":[{"href":"https:\/\/jnats.eu\/pt\/wp-json\/wp\/v2\/media?parent=4422"}],"wp:term":[{"taxonomy":"product_brand","embeddable":true,"href":"https:\/\/jnats.eu\/pt\/wp-json\/wp\/v2\/product_brand?post=4422"},{"taxonomy":"product_cat","embeddable":true,"href":"https:\/\/jnats.eu\/pt\/wp-json\/wp\/v2\/product_cat?post=4422"},{"taxonomy":"product_tag","embeddable":true,"href":"https:\/\/jnats.eu\/pt\/wp-json\/wp\/v2\/product_tag?post=4422"}],"curies":[{"name":"wp","href":"https:\/\/api.w.org\/{rel}","templated":true}]}}