{"id":4428,"date":"2025-04-25T10:10:17","date_gmt":"2025-04-25T07:10:17","guid":{"rendered":"https:\/\/jnats.eu\/?post_type=product&#038;p=4428"},"modified":"2025-06-06T23:21:16","modified_gmt":"2025-06-06T20:21:16","slug":"nakayama-maruka","status":"publish","type":"product","link":"https:\/\/jnats.eu\/pt\/produto-2\/nakayama-maruka\/","title":{"rendered":"Nakayama Maruka Lv 5"},"content":{"rendered":"<figure class=\"wp-block-embed is-type-video is-provider-youtube wp-block-embed-youtube wp-embed-aspect-16-9 wp-has-aspect-ratio\"><div class=\"wp-block-embed__wrapper\">\n<div class=\"video-container\"><iframe title=\"Revis\u00e3o das pedras de afiar naturais japonesas: Nakayama Maruka, Nishiyama Suita, Shobudani Kiita\" width=\"1170\" height=\"658\" src=\"https:\/\/www.youtube.com\/embed\/OiljG67gTz8?start=645&#038;feature=oembed\" frameborder=\"0\" allow=\"accelerometer; autoplay; clipboard-write; encrypted-media; gyroscope; picture-in-picture; web-share\" referrerpolicy=\"strict-origin-when-cross-origin\" allowfullscreen><\/iframe><\/div>\n<\/div><\/figure>\n\n\n\n<p>Nakayama Maruka s\u00e3o pedras de afiar naturais japonesas provenientes da mina de Nakayama, perto de Quioto, Jap\u00e3o, sob a marca Maruka. Estas pedras pertencem \u00e0 categoria \"awasedo\" (pedras de acabamento) e s\u00e3o muito apreciadas pela sua qualidade e propriedades de afia\u00e7\u00e3o. <\/p>\n\n\n\n<h3 class=\"wp-block-heading\">Carater\u00edsticas principais:<\/h3>\n\n\n\n<ol class=\"wp-block-list\">\n<li><strong>Origem e sinal de Maruca<\/strong>:\n<ul class=\"wp-block-list\">\n<li>As pedras Nakayama Maruka est\u00e3o associadas a Kato Mutsuyama, que era o propriet\u00e1rio da marca Maruka com a letra \"ka\" e o selo Seihonzan (\u32d5\u6b63\u672c\u5c71). Este selo tornou-se um s\u00edmbolo da qualidade das pedras Nakayama.<\/li>\n\n\n\n<li>Nem todas as pedras Nakayama t\u00eam a marca \"Maruka\". Por exemplo, as pedras de tamanho irregular, grandes ou em bruto, muitas vezes n\u00e3o tinham um carimbo. Mais tarde, durante o processamento, algumas pedras foram carimbadas com a marca Maruka, mesmo que n\u00e3o a tivessem originalmente.<\/li>\n\n\n\n<li>As pedras vendidas antes do per\u00edodo de marca\u00e7\u00e3o Maruka (antes de 1952) tamb\u00e9m n\u00e3o ostentam este selo. No entanto, se a pedra for proveniente da mina de Kato Mutsuyama, \u00e9 considerada uma pedra Nakayama aut\u00eantica, com ou sem a marca \"Maruka\".<a href=\"https:\/\/jnats.eu\/it\/prodotto-2\/nakayama-maruka-8-sluoksniu-japoniskas-naturalus-akmuo-galandimui\/\" target=\"_blank\" rel=\"noreferrer noopener\"><\/a><a href=\"https:\/\/jnats.eu\/en\/product-2\/nakayama-maruka-8-layer-japanese-natural-stone-for-sharpening\/\" target=\"_blank\" rel=\"noreferrer noopener\"><\/a><\/li>\n<\/ul>\n<\/li>\n\n\n\n<li><strong>Composi\u00e7\u00e3o mineral e aspeto<\/strong>:\n<ul class=\"wp-block-list\">\n<li>As pedras Nakayama Maruka t\u00eam frequentemente uma estrutura de v\u00e1rias camadas (por exemplo, 8 camadas, como em Nakayama Maruka 8 Ply), o que lhes confere propriedades de afia\u00e7\u00e3o \u00fanicas.<\/li>\n\n\n\n<li>As cores podem ser amarelo, rosa, cinzento ou mesmo \"Iromono\" (padr\u00f5es coloridos). As variedades mais populares s\u00e3o o \"Hondomae\", o \"Shikitomae\" ou o \"Kiita\" (pedras amareladas).<\/li>\n\n\n\n<li>As pedras s\u00e3o de gr\u00e3o fino, muito duras, mas t\u00eam uma agrad\u00e1vel sensa\u00e7\u00e3o de afia\u00e7\u00e3o, descrita como \"sedosa\" ou \"cremosa\".<\/li>\n<\/ul>\n<\/li>\n\n\n\n<li><strong>Uso<\/strong>:\n<ul class=\"wp-block-list\">\n<li>As pedras Nakayama Maruka s\u00e3o utilizadas para a afia\u00e7\u00e3o final de facas, l\u00e2minas de barbear e ferramentas de carpintaria para obter um rebordo espelhado.<\/li>\n\n\n\n<li>A sua finura \u00e9 equivalente a pedras sint\u00e9ticas de gr\u00e3o 8000-12000+, o que as torna ideais para polir depois de pedras maiores (por exemplo, gr\u00e3o 4000-6000).<\/li>\n\n\n\n<li>Devido \u00e0 sua estrutura, produzem uma ligeira lama abrasiva que ajuda a afiar eficazmente.<\/li>\n<\/ul>\n<\/li>\n\n\n\n<li><strong>Sensa\u00e7\u00e3o de afia\u00e7\u00e3o<\/strong>:\n<ul class=\"wp-block-list\">\n<li>As pedras Nakayama Maruka s\u00e3o conhecidas pela sua sensa\u00e7\u00e3o de afia\u00e7\u00e3o extremamente agrad\u00e1vel, que \u00e9 mais suave e mais r\u00e1pida do que muitas outras pedras naturais.<\/li>\n\n\n\n<li>A sua superf\u00edcie permite um controlo preciso do processo de afia\u00e7\u00e3o, o que \u00e9 particularmente importante para os profissionais.<\/li>\n<\/ul>\n<\/li>\n<\/ol>\n\n\n\n<h3 class=\"wp-block-heading\">Aspectos do mercado:<\/h3>\n\n\n\n<ul class=\"wp-block-list\">\n<li><strong>Raridade<\/strong>: A mina de Nakayama est\u00e1 encerrada, pelo que as pedras de Maruka s\u00e3o muito raras. A sua oferta no mercado est\u00e1 a diminuir, o que faz subir os pre\u00e7os.<\/li>\n\n\n\n<li><strong>Autenticidade<\/strong>R: Devido \u00e0 raridade e popularidade da marca Maruka, existem contrafac\u00e7\u00f5es no mercado. \"O selo Seihonzan n\u00e3o garante a qualidade, pelo que \u00e9 necess\u00e1rio julgar uma pedra pelo seu aspeto, textura e reputa\u00e7\u00e3o de fornecedor fi\u00e1vel. Recomenda-se a compra em lojas especializadas.<a href=\"https:\/\/jnats.eu\/it\/prodotto-2\/nakayama-maruka-8-sluoksniu-japoniskas-naturalus-akmuo-galandimui\/\" target=\"_blank\" rel=\"noreferrer noopener\"><\/a><a href=\"https:\/\/jnats.eu\/en\/product-2\/nakayama-maruka-8-layer-japanese-natural-stone-for-sharpening\/\" target=\"_blank\" rel=\"noreferrer noopener\"><\/a><\/li>\n\n\n\n<li><strong>Hist\u00f3ria<\/strong>: Ap\u00f3s a Segunda Guerra Mundial, o com\u00e9rcio de pedra Nakayama era controlado por v\u00e1rios comerciantes de Quioto, incluindo a Hatanaka Whetstone. Em 1952, Hatanaka registou a marca \"Junshin Honzan\" e, ap\u00f3s 1980, adquiriu os direitos da mina de Nakayama e a marca \"Maruka\". No entanto, as pedras eram tamb\u00e9m distribu\u00eddas atrav\u00e9s de outros canais, pelo que nem todas ostentam o selo Maruka.<a href=\"https:\/\/jnats.eu\/it\/prodotto-2\/nakayama-maruka-8-sluoksniu-japoniskas-naturalus-akmuo-galandimui\/\" target=\"_blank\" rel=\"noreferrer noopener\"><\/a><a href=\"https:\/\/jnats.eu\/ru\/%25D0%25BF%25D1%2580%25D0%25BE%25D0%25B4%25D1%2583%25D0%25BA%25D1%2582\/nakayama-maruka-8-sluoksniu-japoniskas-naturalus-akmuo-galandimui\/\" target=\"_blank\" rel=\"noreferrer noopener\"><\/a><\/li>\n<\/ul>\n\n\n\n<h3 class=\"wp-block-heading\">Porque \u00e9 que o Nakayama Maruka \u00e9 especial?<\/h3>\n\n\n\n<ul class=\"wp-block-list\">\n<li><strong>Qualidade<\/strong>R: As pedras Nakayama Maruka s\u00e3o consideradas entre as melhores pedras de afiar naturais do mundo devido \u00e0 sua finura, dureza e resposta de afia\u00e7\u00e3o \u00fanica.<\/li>\n\n\n\n<li><strong>Diversidade<\/strong>Cada pedra \u00e9 \u00fanica, com padr\u00f5es e carater\u00edsticas diferentes que as tornam desej\u00e1veis tanto para coleccionadores como para profissionais.<\/li>\n\n\n\n<li><strong>Tradi\u00e7\u00e3o<\/strong>A marca Maruka \u00e9 um s\u00edmbolo da cultura japonesa de afia\u00e7\u00e3o, associada \u00e0s pedras da mais alta qualidade.<\/li>\n<\/ul>","protected":false},"excerpt":{"rendered":"<div class=\"woocommerce-product-details__short-description\">\n<ul>\n<li>Adequado para o acabamento de l\u00e2minas de barbear, facas, tesouras, ferramentas de carpintaria e outras.<\/li>\n<li>Dimens\u00f5es: 198x68x22 mm<\/li>\n<li>Peso: 660 g<\/li>\n<li>Dureza: Lv 5<\/li>\n<li>Uma pedra r\u00e1pida para o acabamento de l\u00e2minas de barbear. Marca Maruka preservada mas esbatida. Esta \u00e9 verdadeiramente uma pedra de primeira classe. Pode ver com os seus pr\u00f3prios olhos no v\u00eddeo abaixo.<\/li>\n<\/ul>\n<\/div>","protected":false},"featured_media":4483,"comment_status":"open","ping_status":"closed","template":"","meta":[],"product_brand":[],"product_cat":[22],"product_tag":[58,49],"class_list":{"0":"post-4428","1":"product","2":"type-product","3":"status-publish","4":"has-post-thumbnail","6":"product_cat-jnats","7":"product_tag-maruka","8":"product_tag-nakayama","9":"product_shipping_class-iprastas","11":"first","12":"outofstock","13":"shipping-taxable","14":"purchasable","15":"product-type-simple"},"_links":{"self":[{"href":"https:\/\/jnats.eu\/pt\/wp-json\/wp\/v2\/product\/4428","targetHints":{"allow":["GET"]}}],"collection":[{"href":"https:\/\/jnats.eu\/pt\/wp-json\/wp\/v2\/product"}],"about":[{"href":"https:\/\/jnats.eu\/pt\/wp-json\/wp\/v2\/types\/product"}],"replies":[{"embeddable":true,"href":"https:\/\/jnats.eu\/pt\/wp-json\/wp\/v2\/comments?post=4428"}],"wp:featuredmedia":[{"embeddable":true,"href":"https:\/\/jnats.eu\/pt\/wp-json\/wp\/v2\/media\/4483"}],"wp:attachment":[{"href":"https:\/\/jnats.eu\/pt\/wp-json\/wp\/v2\/media?parent=4428"}],"wp:term":[{"taxonomy":"product_brand","embeddable":true,"href":"https:\/\/jnats.eu\/pt\/wp-json\/wp\/v2\/product_brand?post=4428"},{"taxonomy":"product_cat","embeddable":true,"href":"https:\/\/jnats.eu\/pt\/wp-json\/wp\/v2\/product_cat?post=4428"},{"taxonomy":"product_tag","embeddable":true,"href":"https:\/\/jnats.eu\/pt\/wp-json\/wp\/v2\/product_tag?post=4428"}],"curies":[{"name":"wp","href":"https:\/\/api.w.org\/{rel}","templated":true}]}}