{"id":4436,"date":"2025-04-17T10:08:55","date_gmt":"2025-04-17T07:08:55","guid":{"rendered":"https:\/\/jnats.eu\/?post_type=product&#038;p=4436"},"modified":"2025-06-13T12:43:54","modified_gmt":"2025-06-13T09:43:54","slug":"ohira-tomae","status":"publish","type":"product","link":"https:\/\/jnats.eu\/pt\/produto-2\/ohira-tomae\/","title":{"rendered":"Ohira Tomae"},"content":{"rendered":"<figure class=\"wp-block-embed is-type-video is-provider-youtube wp-block-embed-youtube wp-embed-aspect-16-9 wp-has-aspect-ratio\"><div class=\"wp-block-embed__wrapper\">\n<div class=\"video-container\"><iframe title=\"Nakayama Tomae, Gosa, Maruka, Ohira contra C.V. Heljestrand N.\u00ba 133\" width=\"1170\" height=\"658\" src=\"https:\/\/www.youtube.com\/embed\/BxxCe3bcOhE?start=276&#038;feature=oembed\" frameborder=\"0\" allow=\"accelerometer; autoplay; clipboard-write; encrypted-media; gyroscope; picture-in-picture; web-share\" referrerpolicy=\"strict-origin-when-cross-origin\" allowfullscreen><\/iframe><\/div>\n<\/div><\/figure>\n\n\n\n<p>Ohira Tomae \u00e9 um dos mais famosos e apreciados tipos de pedras de afiar japonesas naturais do Monte Ohira (\u5927\u5e73\u5c71) em Quioto. <\/p>\n\n\n\n<h3 class=\"wp-block-heading\"><strong>Carater\u00edsticas gerais<\/strong><\/h3>\n\n\n\n<ul class=\"wp-block-list\">\n<li><strong>Tipo:<\/strong> Pedra de acabamento natural.<\/li>\n\n\n\n<li><strong>Rugosidade:<\/strong> Elevado - muitas vezes considerado como estando muito pr\u00f3ximo ou mesmo acima da granulometria sint\u00e9tica 8000+, embora as pedras naturais n\u00e3o tenham uma granulometria normalizada.<\/li>\n\n\n\n<li><strong>Utiliza\u00e7\u00e3o:<\/strong> Utilizado para o polimento final de l\u00e2minas (facas, cinz\u00e9is, espadas, etc.). Particularmente apreciado pela sua capacidade de conferir uma superf\u00edcie espelhada e de real\u00e7ar o efeito \"kasumi\" (contraste mate\/espelhado).<\/li>\n\n\n\n<li><strong>Sentimento:<\/strong> A maior parte das vezes, uma sensa\u00e7\u00e3o suave e \"amanteigada\" ao lixar.<\/li>\n<\/ul>\n\n\n\n<h3 class=\"wp-block-heading\"><strong>Classifica\u00e7\u00e3o de Tomae<\/strong><\/h3>\n\n\n\n<ul class=\"wp-block-list\">\n<li>\"Tomae\" (\u6238\u524d) refere-se a uma camada espec\u00edfica ou tipo de pedra encontrada em algumas montanhas, incluindo Ohira. \u00c9 uma das principais categorias de pedras de afiar naturais, juntamente com Asagi, Kiita, Shiro Suita, etc.<\/li>\n\n\n\n<li>As pedras Tomae do Monte Ohira s\u00e3o normalmente consideradas <strong>alta qualidade<\/strong>O seu tamanho \u00e9 frequentemente adequado tanto para ferramentas como para trabalhos mais pequenos.<\/li>\n<\/ul>\n\n\n\n<h3 class=\"wp-block-heading\"><strong>Personaliza\u00e7\u00e3o<\/strong><\/h3>\n\n\n\n<ul class=\"wp-block-list\">\n<li>Os artes\u00e3os que trabalham com ferramentas ou facas tradicionais japonesas apreciam o Ohira Tomae pela sua suavidade, nitidez, controlo e qualidade da superf\u00edcie.<\/li>\n\n\n\n<li>Particularmente popular entre os que procuram um acabamento \"kasumi\" - um contraste entre o metal polido e o metal mate.<\/li>\n<\/ul>","protected":false},"excerpt":{"rendered":"<div class=\"woocommerce-product-details__short-description\">\n<ul>\n<li>Adequado para o acabamento de facas, tesouras, ferramentas de carpintaria e outras. Pr\u00e9-acabamento para l\u00e2minas de barbear.<\/li>\n<li>Dimens\u00f5es: 205x75x30 mm<\/li>\n<li>Peso: 1190 g<\/li>\n<li>Dureza: Lv 4<\/li>\n<li>A superf\u00edcie \u00e9 lisa e est\u00e1 pronta a ser utilizada.<\/li>\n<\/ul>\n<\/div>","protected":false},"featured_media":4761,"comment_status":"open","ping_status":"closed","template":"","meta":[],"product_brand":[],"product_cat":[22],"product_tag":[47,67],"class_list":{"0":"post-4436","1":"product","2":"type-product","3":"status-publish","4":"has-post-thumbnail","6":"product_cat-jnats","7":"product_tag-ohira","8":"product_tag-tomae","9":"product_shipping_class-iprastas","11":"first","12":"instock","13":"shipping-taxable","14":"purchasable","15":"product-type-simple"},"_links":{"self":[{"href":"https:\/\/jnats.eu\/pt\/wp-json\/wp\/v2\/product\/4436","targetHints":{"allow":["GET"]}}],"collection":[{"href":"https:\/\/jnats.eu\/pt\/wp-json\/wp\/v2\/product"}],"about":[{"href":"https:\/\/jnats.eu\/pt\/wp-json\/wp\/v2\/types\/product"}],"replies":[{"embeddable":true,"href":"https:\/\/jnats.eu\/pt\/wp-json\/wp\/v2\/comments?post=4436"}],"wp:featuredmedia":[{"embeddable":true,"href":"https:\/\/jnats.eu\/pt\/wp-json\/wp\/v2\/media\/4761"}],"wp:attachment":[{"href":"https:\/\/jnats.eu\/pt\/wp-json\/wp\/v2\/media?parent=4436"}],"wp:term":[{"taxonomy":"product_brand","embeddable":true,"href":"https:\/\/jnats.eu\/pt\/wp-json\/wp\/v2\/product_brand?post=4436"},{"taxonomy":"product_cat","embeddable":true,"href":"https:\/\/jnats.eu\/pt\/wp-json\/wp\/v2\/product_cat?post=4436"},{"taxonomy":"product_tag","embeddable":true,"href":"https:\/\/jnats.eu\/pt\/wp-json\/wp\/v2\/product_tag?post=4436"}],"curies":[{"name":"wp","href":"https:\/\/api.w.org\/{rel}","templated":true}]}}