{"id":4509,"date":"2025-04-30T14:47:15","date_gmt":"2025-04-30T11:47:15","guid":{"rendered":"https:\/\/jnats.eu\/?post_type=product&#038;p=4509"},"modified":"2026-02-12T09:28:34","modified_gmt":"2026-02-12T07:28:34","slug":"nakayama-kiita-lv-4","status":"publish","type":"product","link":"https:\/\/jnats.eu\/pt\/produto-2\/nakayama-kiita-lv-4\/","title":{"rendered":"Nakayama Kiita Lv 4"},"content":{"rendered":"<figure class=\"wp-block-embed is-type-video is-provider-youtube wp-block-embed-youtube wp-embed-aspect-16-9 wp-has-aspect-ratio\"><div class=\"wp-block-embed__wrapper\">\n<div class=\"video-container\"><iframe title=\"Afiar a l\u00e2mina de barbear Puma: Aizu, Aiwatani, Nakayama Kiita, Nashiji, Karasu\" width=\"1170\" height=\"658\" src=\"https:\/\/www.youtube.com\/embed\/fu4WmCwVvQU?start=416&#038;feature=oembed\" frameborder=\"0\" allow=\"accelerometer; autoplay; clipboard-write; encrypted-media; gyroscope; picture-in-picture; web-share\" referrerpolicy=\"strict-origin-when-cross-origin\" allowfullscreen><\/iframe><\/div>\n<\/div><\/figure>\n\n\n\n<p>A Nakayama Kiita Lv 4 \u00e9 uma pedra de afiar natural japonesa de alta qualidade (toishi) para facas, l\u00e2minas de barbear e ferramentas. <\/p>\n\n\n\n<ul class=\"wp-block-list\">\n<li><strong>Origem e qualidade<\/strong>: Trata-se de uma pedra da mina de Nakayama, conhecida pela sua qualidade excecional e pela sua rara cor amarela (kiita), muito apreciada no Jap\u00e3o. \u00c9 classificada como um grau de cole\u00e7\u00e3o pela sua raridade e est\u00e9tica.<a href=\"https:\/\/www.japanesenaturalstones.com\/nakayama-kiita-lv-4-5-a1225\/\" target=\"_blank\" rel=\"noreferrer noopener\"><\/a><a href=\"https:\/\/www.japanesenaturalstones.com\/nakayama-kiita-lv-4-a1845\/\" target=\"_blank\" rel=\"noreferrer noopener\"><\/a><\/li>\n\n\n\n<li><strong>Dureza e finura<\/strong>N\u00edvel de dureza: \u00e9 Lv 4, mas a finura \u00e9 de cerca de 8000 Grit, pelo que a pedra \u00e9 suficientemente fina para a afia\u00e7\u00e3o final. N\u00e3o \u00e9 considerada nem demasiado dura nem demasiado macia, o que a torna f\u00e1cil de usar, especialmente para principiantes.<a href=\"https:\/\/www.japanesenaturalstones.com\/nakayama-kiita-lv-4-a1845\/\" target=\"_blank\" rel=\"noreferrer noopener\"><\/a><\/li>\n\n\n\n<li><strong>Uso<\/strong>Ideal para afiar pequenas ferramentas ou pequenas facas. Pode ser utilizado com uma pedra nagura para melhorar os resultados da afia\u00e7\u00e3o. Para l\u00e2minas de barbear (kamisori e ocidental) - pr\u00e9-acabamento.<\/li>\n\n\n\n<li><strong>Acabamento<\/strong>Acabamento semi-espelhado: Proporciona um acabamento semi-espelhado est\u00e9tico e funcional, garantindo uma l\u00e2mina muito afiada.<a href=\"https:\/\/www.japanesenaturalstones.com\/nakayama-kiita-lv-4-5-a1225\/\" target=\"_blank\" rel=\"noreferrer noopener\"><\/a><a href=\"https:\/\/www.japanesenaturalstones.com\/nakayama-kiita-lv-4-a1845\/\" target=\"_blank\" rel=\"noreferrer noopener\"><\/a><\/li>\n\n\n\n<li><strong>Apar\u00eancia<\/strong>Cinza e amarelo: Uma combina\u00e7\u00e3o de cinza e amarelo, sem linhas t\u00f3xicas ou inclus\u00f5es, para uma afia\u00e7\u00e3o limpa e suave. <\/li>\n\n\n\n<li><strong>Carater\u00edsticas especiais<\/strong>R: A pedra \u00e9 f\u00e1cil de utilizar, permite uma r\u00e1pida remo\u00e7\u00e3o do metal e a sensa\u00e7\u00e3o de afia\u00e7\u00e3o \u00e9 extremamente suave e agrad\u00e1vel.<a href=\"https:\/\/www.japanesenaturalstones.com\/nakayama-kiita-lv-4-5-a1225\/\" target=\"_blank\" rel=\"noreferrer noopener\"><\/a><a href=\"https:\/\/www.japanesenaturalstones.com\/nakayama-sunashi-suita-kiita-lv-4-a787\/\" target=\"_blank\" rel=\"noreferrer noopener\"><\/a><\/li>\n<\/ul>\n\n\n\n<p>A pedra \u00e9 rara e apreciada tanto pelas suas propriedades pr\u00e1ticas de afia\u00e7\u00e3o como pela sua beleza, e \u00e9 frequentemente considerada uma pe\u00e7a de cole\u00e7\u00e3o. <\/p>","protected":false},"excerpt":{"rendered":"<ul>\n<li>Adequado para o acabamento de facas, tesouras, ferramentas de carpintaria e outras. Pr\u00e9-acabamento para l\u00e2minas de barbear.<\/li>\n<li>Dimens\u00f5es: 205x75x36 mm<\/li>\n<li>Peso com suporte: 1280 g<\/li>\n<li>Dureza: Lv 4<\/li>\n<li>Uma pedra r\u00e1pida e de qualidade superior para o acabamento. Marca Maruka preservada mas esbatida.<\/li>\n<\/ul>","protected":false},"featured_media":4517,"comment_status":"open","ping_status":"closed","template":"","meta":[],"product_brand":[],"product_cat":[22],"product_tag":[141,336,49],"class_list":{"0":"post-4509","1":"product","2":"type-product","3":"status-publish","4":"has-post-thumbnail","6":"product_cat-jnats","7":"product_tag-kiita","8":"product_tag-lv-4","9":"product_tag-nakayama","10":"product_shipping_class-iprastas","12":"first","13":"outofstock","14":"shipping-taxable","15":"purchasable","16":"product-type-simple"},"_links":{"self":[{"href":"https:\/\/jnats.eu\/pt\/wp-json\/wp\/v2\/product\/4509","targetHints":{"allow":["GET"]}}],"collection":[{"href":"https:\/\/jnats.eu\/pt\/wp-json\/wp\/v2\/product"}],"about":[{"href":"https:\/\/jnats.eu\/pt\/wp-json\/wp\/v2\/types\/product"}],"replies":[{"embeddable":true,"href":"https:\/\/jnats.eu\/pt\/wp-json\/wp\/v2\/comments?post=4509"}],"wp:featuredmedia":[{"embeddable":true,"href":"https:\/\/jnats.eu\/pt\/wp-json\/wp\/v2\/media\/4517"}],"wp:attachment":[{"href":"https:\/\/jnats.eu\/pt\/wp-json\/wp\/v2\/media?parent=4509"}],"wp:term":[{"taxonomy":"product_brand","embeddable":true,"href":"https:\/\/jnats.eu\/pt\/wp-json\/wp\/v2\/product_brand?post=4509"},{"taxonomy":"product_cat","embeddable":true,"href":"https:\/\/jnats.eu\/pt\/wp-json\/wp\/v2\/product_cat?post=4509"},{"taxonomy":"product_tag","embeddable":true,"href":"https:\/\/jnats.eu\/pt\/wp-json\/wp\/v2\/product_tag?post=4509"}],"curies":[{"name":"wp","href":"https:\/\/api.w.org\/{rel}","templated":true}]}}