{"id":452,"date":"2024-03-06T13:32:58","date_gmt":"2024-03-06T11:32:58","guid":{"rendered":"http:\/\/jnats.eu\/?post_type=product&#038;p=452"},"modified":"2026-02-13T00:54:17","modified_gmt":"2026-02-12T22:54:17","slug":"suncraft-elegancia-sefo-peilis-20cm","status":"publish","type":"product","link":"https:\/\/jnats.eu\/pt\/produto-2\/suncraft-elegancia-sefo-peilis-20cm\/","title":{"rendered":"Faca de chef Suncraft Elegance 20cm"},"content":{"rendered":"<figure class=\"wp-block-embed is-type-video is-provider-youtube wp-block-embed-youtube wp-embed-aspect-16-9 wp-has-aspect-ratio\"><div class=\"wp-block-embed__wrapper\">\n<div class=\"video-container\"><iframe title=\"Suncraft \u2014 SG2 falso ou a melhor faca do mundo? Afiando a Ohira Suita\" width=\"1170\" height=\"658\" src=\"https:\/\/www.youtube.com\/embed\/oKKMLcZ-l28?feature=oembed\" frameborder=\"0\" allow=\"accelerometer; autoplay; clipboard-write; encrypted-media; gyroscope; picture-in-picture; web-share\" referrerpolicy=\"strict-origin-when-cross-origin\" allowfullscreen><\/iframe><\/div>\n<\/div><\/figure>\n\n\n\n<p>A Faca de Chefe Suncraft Elegancia KSK-01 de 20 cm \u00e9 uma faca de chefe deslumbrante com uma forma elegante. \u00c9 confort\u00e1vel de segurar e ideal para cortar legumes e carne.<\/p>\n\n\n\n<p>Com a s\u00e9rie Suncraft Elegancia, a Suncraft oferece uma cole\u00e7\u00e3o de facas elegante e bonita. O Supergold2, um dos mais finos tipos de a\u00e7o em p\u00f3, foi utilizado para a produ\u00e7\u00e3o destas facas, combinado com um cabo de madeira Pakka. Esta s\u00e9rie foi concebida para uma utiliza\u00e7\u00e3o a longo prazo. A carater\u00edstica distintiva desta cole\u00e7\u00e3o \u00e9 a largura das facas. O cabo tem tamb\u00e9m uma forma especial, suavemente curvada. Isto permite que as pessoas com m\u00e3os grandes possam utilizar facilmente estas facas.<\/p>\n\n\n\n<p>As l\u00e2minas das facas Suncraft Elegancia s\u00e3o feitas de a\u00e7o em p\u00f3 SG2. Trata-se de um tipo de a\u00e7o que pode ser afiado at\u00e9 obter uma superf\u00edcie muito n\u00edtida. \u00c9 tamb\u00e9m resistente \u00e0 corros\u00e3o. A l\u00e2mina \u00e9 muito larga, permitindo espa\u00e7o suficiente sob o cabo. Isto permite que as pessoas com m\u00e3os grandes possam utilizar facilmente a s\u00e9rie Elegancia.<\/p>\n\n\n\n<p><strong>A inclina\u00e7\u00e3o da l\u00e2mina tem a forma de um convexo (lince) que penetra e desliza muito facilmente atrav\u00e9s do produto. Esta forma \u00e9, sem d\u00favida, a mais adequada para as facas de cozinha, mas, devido \u00e0 complexidade da produ\u00e7\u00e3o, raramente \u00e9 encontrada.<\/strong><\/p>\n\n\n\n<p>A Suncraft Elegancia tem um cabo \u00fanico feito de madeira pakka. Tem uma forma curva que torna estas facas muito confort\u00e1veis de segurar. O lat\u00e3o no in\u00edcio do cabo d\u00e1-lhe um aspeto refinado. Aten\u00e7\u00e3o! Estas facas n\u00e3o podem ser lavadas na m\u00e1quina de lavar loi\u00e7a!<\/p>\n\n\n\n<p>Facas de cozinha japonesas elegantes da Suncraft<br>A empresa japonesa Suncraft sabe como fazer uma faca de cozinha com estilo. Desde 1948 que fabricam facas tradicionais, de alta qualidade e de primeira qualidade na cidade de Seki, no Jap\u00e3o. A Suncraft produz uma vasta gama de facas, pelo que existe uma faca de cozinha Suncraft para todos.<\/p>\n\n\n\n<h2 class=\"wp-block-heading\">A\u00e7o SG2: Descri\u00e7\u00e3o<\/h2>\n\n\n\n<p><strong>SG2<\/strong> (Super Gold 2) \u2014 isto <strong>A\u00e7o inoxid\u00e1vel de metalurgia do p\u00f3 japonesa<\/strong>, projetado para alt\u00edssima nitidez, durabilidade e resist\u00eancia \u00e0 corros\u00e3o. \u00c9 fabricado pela <strong>Takefu Special Steel Co., Ltd.<\/strong> No Jap\u00e3o, o SG2 \u00e9 frequentemente usado em facas de cozinha de alta qualidade e ferramentas de corte de luxo devido \u00e0s suas propriedades \u00fanicas.<\/p>\n\n\n\n<hr class=\"wp-block-separator has-alpha-channel-opacity\"\/>\n\n\n\n<h2 class=\"wp-block-heading\">SG2 Composi\u00e7\u00e3o qu\u00edmica (t\u00edpica)<\/h2>\n\n\n\n<figure class=\"wp-block-table\"><table class=\"has-fixed-layout\"><thead><tr><th>Elemento<\/th><th>Quantidade (%)<\/th><\/tr><\/thead><tbody><tr><td>C (Carbono)<\/td><td>1,25\u20131,45<\/td><\/tr><tr><td>Cr (Cromo)<\/td><td>14,0\u201316,0<\/td><\/tr><tr><td>Mo (molibd\u00eanio)<\/td><td>2,3\u20133,3<\/td><\/tr><tr><td>V (Van\u00e1dio)<\/td><td>1,8\u20132,2<\/td><\/tr><\/tbody><\/table><\/figure>\n\n\n\n<p><strong>Dureza<\/strong>: ap\u00f3s o tratamento t\u00e9rmico pode atingir <strong>HRC 62\u201364<\/strong>, mantendo alta resist\u00eancia ao desgaste.<\/p>\n\n\n\n<hr class=\"wp-block-separator has-alpha-channel-opacity\"\/>\n\n\n\n<h2 class=\"wp-block-heading\">Vantagens do a\u00e7o SG2<\/h2>\n\n\n\n<p>\ud83d\udd2a <strong>N\u00edvel de nitidez extremamente alto<\/strong><br>A estrutura fina de carboneto do SG2 permite afiar facas em \u00e2ngulos muito finos e afiados. Ideal para geometrias convexas ou chanfradas finas.<\/p>\n\n\n\n<p>\ud83d\udee1\ufe0f <strong>Excelente resist\u00eancia \u00e0 corros\u00e3o<\/strong><br>Devido ao alto teor de cromo, o SG2 \u00e9 <strong>inoxid\u00e1vel<\/strong>, portanto, menos propenso a enferrujar e escurecer nas condi\u00e7\u00f5es da cozinha.<\/p>\n\n\n\n<p>\ud83e\uddf1 <strong>Muito boa resist\u00eancia \u00e0 abras\u00e3o<\/strong><br>O SG2 mant\u00e9m a nitidez por mais tempo, mesmo quando usado em produtos mais duros ou cortes mais dif\u00edceis (por exemplo, pele de peixe, nozes, vegetais com casca dura).<\/p>\n\n\n\n<p>\u2696\ufe0f <strong>Bem equilibrado entre dureza e resist\u00eancia<\/strong><br>Ao contr\u00e1rio dos a\u00e7os em p\u00f3 extremamente fr\u00e1geis, o SG2 tem elasticidade suficiente, o que o torna menos propenso a lascar em bordas muito afiadas, especialmente com a geometria correta (por exemplo, convexa).<\/p>\n\n\n\n<p>\ud83d\udee0\ufe0f <strong>Perfeito para afiar pedras naturais japonesas<\/strong><br>Devido aos carbonetos finos, o SG2 reage muito bem com <strong>pedras naturais<\/strong>, permitindo que voc\u00ea obtenha uma superf\u00edcie com nitidez semelhante \u00e0 de um espelho.<\/p>\n\n\n\n<hr class=\"wp-block-separator has-alpha-channel-opacity\"\/>\n\n\n\n<h2 class=\"wp-block-heading\">Desvantagens do SG2 (onde vale a pena saber)<\/h2>\n\n\n\n<ul class=\"wp-block-list\">\n<li><strong>Mais caro que os a\u00e7os convencionais<\/strong> devido \u00e0 tecnologia de metalurgia do p\u00f3.<\/li>\n\n\n\n<li>Se for processado incorretamente ou endurecido demais, ele pode se tornar um pouco mais quebradi\u00e7o.<\/li>\n\n\n\n<li>Embora seja altamente resistente \u00e0 corros\u00e3o, como qualquer faca de a\u00e7o inoxid\u00e1vel, ela pode manchar se deixada na umidade por muito tempo.<\/li>\n<\/ul>","protected":false},"excerpt":{"rendered":"<p>A Faca de Chefe Suncraft Elegancia KSK-01 de 20 cm \u00e9 uma faca de chefe deslumbrante com uma forma elegante. \u00c9 confort\u00e1vel de segurar e ideal para cortar legumes e carne.<\/p>\n<p><strong>A inclina\u00e7\u00e3o da l\u00e2mina tem a forma de um convexo (lince) que penetra e desliza muito facilmente atrav\u00e9s do produto. Esta forma \u00e9, sem d\u00favida, a mais adequada para as facas de cozinha, mas infelizmente \u00e9 muito rara devido \u00e0 complexidade da produ\u00e7\u00e3o.<\/strong> \u00a0<\/p>\n<p><!-- wp:list --><\/p>\n<ul class=\"wp-block-list\"><!-- wp:list-item --><\/p>\n<li><strong>Dimens\u00f5es e peso<\/strong><\/li>\n<p><!-- \/wp:list-item --><\/p>\n<p><!-- wp:list-item --><\/p>\n<li>Altura da l\u00e2mina 5,8 cm<\/li>\n<p><!-- \/wp:list-item --><\/p>\n<p><!-- wp:list-item --><\/p>\n<li>Comprimento da l\u00e2mina 21 cm<\/li>\n<p><!-- \/wp:list-item --><\/p>\n<p><!-- wp:list-item --><\/p>\n<li>Espessura da l\u00e2mina 2 mm<\/li>\n<p><!-- \/wp:list-item --><\/p>\n<p><!-- wp:list-item --><\/p>\n<li>Comprimento da pega 12 cm<\/li>\n<p><!-- \/wp:list-item --><\/p>\n<p><!-- wp:list-item --><\/p>\n<li>Comprimento total 33 cm<\/li>\n<p><!-- \/wp:list-item --><\/p>\n<p><!-- wp:list-item --><\/p>\n<li>Peso 190 g<\/li>\n<p><!-- \/wp:list-item --><\/p>\n<p><!-- wp:list-item --><\/p>\n<li>Material embalagem de madeira<\/li>\n<p><!-- \/wp:list-item --><\/p>\n<p><!-- wp:list-item --><\/p>\n<li>Tipo de a\u00e7o SG2<\/li>\n<p><!-- \/wp:list-item --><\/p>\n<p><!-- wp:list-item --><\/p>\n<li>Pode ser utilizado por pessoas destras ou canhotas<\/li>\n<p><!-- \/wp:list-item --><\/ul>\n<p><!-- \/wp:list --><\/p>","protected":false},"featured_media":454,"comment_status":"open","ping_status":"closed","template":"","meta":[],"product_brand":[],"product_cat":[24],"product_tag":[104,103],"class_list":{"0":"post-452","1":"product","2":"type-product","3":"status-publish","4":"has-post-thumbnail","6":"product_cat-knifes","7":"product_tag-elegancia","8":"product_tag-suncraft","9":"product_shipping_class-iprastas","11":"first","12":"outofstock","13":"sale","14":"shipping-taxable","15":"purchasable","16":"product-type-simple"},"_links":{"self":[{"href":"https:\/\/jnats.eu\/pt\/wp-json\/wp\/v2\/product\/452","targetHints":{"allow":["GET"]}}],"collection":[{"href":"https:\/\/jnats.eu\/pt\/wp-json\/wp\/v2\/product"}],"about":[{"href":"https:\/\/jnats.eu\/pt\/wp-json\/wp\/v2\/types\/product"}],"replies":[{"embeddable":true,"href":"https:\/\/jnats.eu\/pt\/wp-json\/wp\/v2\/comments?post=452"}],"wp:featuredmedia":[{"embeddable":true,"href":"https:\/\/jnats.eu\/pt\/wp-json\/wp\/v2\/media\/454"}],"wp:attachment":[{"href":"https:\/\/jnats.eu\/pt\/wp-json\/wp\/v2\/media?parent=452"}],"wp:term":[{"taxonomy":"product_brand","embeddable":true,"href":"https:\/\/jnats.eu\/pt\/wp-json\/wp\/v2\/product_brand?post=452"},{"taxonomy":"product_cat","embeddable":true,"href":"https:\/\/jnats.eu\/pt\/wp-json\/wp\/v2\/product_cat?post=452"},{"taxonomy":"product_tag","embeddable":true,"href":"https:\/\/jnats.eu\/pt\/wp-json\/wp\/v2\/product_tag?post=452"}],"curies":[{"name":"wp","href":"https:\/\/api.w.org\/{rel}","templated":true}]}}