{"id":4523,"date":"2025-04-30T14:52:53","date_gmt":"2025-04-30T11:52:53","guid":{"rendered":"https:\/\/jnats.eu\/?post_type=product&#038;p=4523"},"modified":"2025-06-22T11:59:20","modified_gmt":"2025-06-22T08:59:20","slug":"nakayama-karasu-lv-5","status":"publish","type":"product","link":"https:\/\/jnats.eu\/pt\/produto-2\/nakayama-karasu-lv-5\/","title":{"rendered":"Nakayama Karasu Lv 5"},"content":{"rendered":"<figure class=\"wp-block-embed is-type-video is-provider-youtube wp-block-embed-youtube wp-embed-aspect-16-9 wp-has-aspect-ratio\"><div class=\"wp-block-embed__wrapper\">\n<div class=\"video-container\"><iframe title=\"Afiar a l\u00e2mina de barbear Puma: Aizu, Aiwatani, Nakayama Kiita, Nashiji, Karasu\" width=\"1170\" height=\"658\" src=\"https:\/\/www.youtube.com\/embed\/fu4WmCwVvQU?start=963&#038;feature=oembed\" frameborder=\"0\" allow=\"accelerometer; autoplay; clipboard-write; encrypted-media; gyroscope; picture-in-picture; web-share\" referrerpolicy=\"strict-origin-when-cross-origin\" allowfullscreen><\/iframe><\/div>\n<\/div><\/figure>\n\n\n\n<p>A Nakayama Karasu Lv 5 \u00e9 uma pedra de afiar natural japonesa (toishi) de alta qualidade, muito apreciada pela sua raridade, est\u00e9tica e propriedades de afia\u00e7\u00e3o excepcionais. Segue-se uma descri\u00e7\u00e3o baseada nas informa\u00e7\u00f5es dispon\u00edveis:<\/p>\n\n\n\n<ul class=\"wp-block-list\">\n<li><strong>Origem e qualidade<\/strong>Karasu: Pedra da mina de Nakayama, famosa por produzir algumas das melhores pedras de afiar do mundo. O nome Karasu (\"corvo\") prov\u00e9m do seu padr\u00e3o \u00fanico de manchas pretas ou escuras num fundo cinzento ou azul (mizu asagi), assemelhando-se \u00e0s penas de um corvo. \u00c9 uma pedra de qualidade de colecionador e \u00e9 particularmente rara e valorizada pelos coleccionadores.<a href=\"https:\/\/www.japanesenaturalstones.com\/nakayama-san-karasu-lv-5-a265\/\" target=\"_blank\" rel=\"noreferrer noopener\"><\/a><a href=\"https:\/\/japanese-whetstones.com\/products\/nakayama-karasu-lv-5\" target=\"_blank\" rel=\"noreferrer noopener\"><\/a><\/li>\n\n\n\n<li><strong>Dureza e finura<\/strong>Dureza n\u00edvel Lv 5 (duro), finura de 1500Grit, o que torna a pedra superfina, ideal para a afia\u00e7\u00e3o final. A superf\u00edcie \u00e9 muito lisa, sem linhas t\u00f3xicas ou inclus\u00f5es, garantindo uma afia\u00e7\u00e3o limpa e precisa.<a href=\"https:\/\/www.japanesenaturalstones.com\/nakayama-karasu-lv-5-a1603\/\" target=\"_blank\" rel=\"noreferrer noopener\"><\/a><a href=\"https:\/\/zenrazorjapan.com\/products\/nakayama-asagi-karasu-hardness-5-fineness-5\" target=\"_blank\" rel=\"noreferrer noopener\"><\/a><\/li>\n\n\n\n<li><strong>Uso<\/strong>O principal objetivo \u00e9 a afia\u00e7\u00e3o final de l\u00e2minas de barbear (kamisori e ocidental), pequenas ferramentas (por exemplo, cinz\u00e9is) ou facas. Adequado para obter arestas extremamente afiadas, d\u00e1 um acabamento suave, quase espelhado. Recomenda-se a utiliza\u00e7\u00e3o com uma pedra nagura, especialmente para navalhas ocidentais, para obter resultados \u00f3ptimos mais rapidamente.<a href=\"https:\/\/www.japanesenaturalstones.com\/nakayama-san-karasu-lv-5-a265\/\" target=\"_blank\" rel=\"noreferrer noopener\"><\/a><a href=\"https:\/\/www.japanesenaturalstones.com\/nakayama-maruichi-kamisori-karasu-lv-5-a1743\/\" target=\"_blank\" rel=\"noreferrer noopener\"><\/a><\/li>\n\n\n\n<li><strong>Acabamento<\/strong>Pedra de amolar: D\u00e1 uma aresta altamente polida, afiada e lisa para o corte de precis\u00e3o ou para o fabrico de ferramentas. A pedra \u00e9 bastante abrasiva no metal.<a href=\"https:\/\/www.japanesenaturalstones.com\/nakayama-maruichi-karasu-suita-lv-4-5-a1636\/\" target=\"_blank\" rel=\"noreferrer noopener\"><\/a><\/li>\n\n\n\n<li><strong>Apar\u00eancia<\/strong>Pedra de mizu asagi: Caracteriza-se por uma bela base cinzenta ou cinzenta azulada (mizu asagi) com manchas pretas brilhantes de karasu que atravessam as camadas de pedra. A pedra n\u00e3o apresenta defeitos como fissuras ou linhas t\u00f3xicas e \u00e9 esteticamente agrad\u00e1vel. <\/li>\n<\/ul>","protected":false},"excerpt":{"rendered":"<ul>\n<li>Adequado para o acabamento de l\u00e2minas de barbear, facas, tesouras, ferramentas de carpintaria e outras.<\/li>\n<li>Dimens\u00f5es: 209x72x22 mm<\/li>\n<li>Peso com suporte: 1170 g<\/li>\n<li>Dureza: Lv 5<\/li>\n<li>Uma pedra r\u00e1pida para o acabamento de l\u00e2minas de barbear.  Esta \u00e9 uma pedra verdadeiramente premium. Pode ver com os seus pr\u00f3prios olhos no v\u00eddeo abaixo.<\/li>\n<\/ul>","protected":false},"featured_media":4527,"comment_status":"open","ping_status":"closed","template":"","meta":[],"product_brand":[],"product_cat":[22],"product_tag":[57,337,49],"class_list":{"0":"post-4523","1":"product","2":"type-product","3":"status-publish","4":"has-post-thumbnail","6":"product_cat-jnats","7":"product_tag-karasu","8":"product_tag-lv-5","9":"product_tag-nakayama","10":"product_shipping_class-iprastas","12":"first","13":"outofstock","14":"shipping-taxable","15":"purchasable","16":"product-type-simple"},"_links":{"self":[{"href":"https:\/\/jnats.eu\/pt\/wp-json\/wp\/v2\/product\/4523","targetHints":{"allow":["GET"]}}],"collection":[{"href":"https:\/\/jnats.eu\/pt\/wp-json\/wp\/v2\/product"}],"about":[{"href":"https:\/\/jnats.eu\/pt\/wp-json\/wp\/v2\/types\/product"}],"replies":[{"embeddable":true,"href":"https:\/\/jnats.eu\/pt\/wp-json\/wp\/v2\/comments?post=4523"}],"wp:featuredmedia":[{"embeddable":true,"href":"https:\/\/jnats.eu\/pt\/wp-json\/wp\/v2\/media\/4527"}],"wp:attachment":[{"href":"https:\/\/jnats.eu\/pt\/wp-json\/wp\/v2\/media?parent=4523"}],"wp:term":[{"taxonomy":"product_brand","embeddable":true,"href":"https:\/\/jnats.eu\/pt\/wp-json\/wp\/v2\/product_brand?post=4523"},{"taxonomy":"product_cat","embeddable":true,"href":"https:\/\/jnats.eu\/pt\/wp-json\/wp\/v2\/product_cat?post=4523"},{"taxonomy":"product_tag","embeddable":true,"href":"https:\/\/jnats.eu\/pt\/wp-json\/wp\/v2\/product_tag?post=4523"}],"curies":[{"name":"wp","href":"https:\/\/api.w.org\/{rel}","templated":true}]}}