{"id":4533,"date":"2025-05-02T09:36:30","date_gmt":"2025-05-02T06:36:30","guid":{"rendered":"https:\/\/jnats.eu\/?post_type=product&#038;p=4533"},"modified":"2026-04-08T15:39:44","modified_gmt":"2026-04-08T12:39:44","slug":"vintaziniai-vokiski-skustuvai-puma-89-solingen","status":"publish","type":"product","link":"https:\/\/jnats.eu\/pt\/produto-2\/vintaziniai-vokiski-skustuvai-puma-89-solingen\/","title":{"rendered":"M\u00e1quinas de barbear alem\u00e3s vintage Puma 89 Solingen"},"content":{"rendered":"<figure class=\"wp-block-embed is-type-video is-provider-youtube wp-block-embed-youtube wp-embed-aspect-16-9 wp-has-aspect-ratio\"><div class=\"wp-block-embed__wrapper\">\n<div class=\"video-container\"><iframe title=\"M\u00e1quinas de barbear alem\u00e3s vintage Puma 89 Solingen\" width=\"1170\" height=\"658\" src=\"https:\/\/www.youtube.com\/embed\/uWf2QJpylzg?feature=oembed\" frameborder=\"0\" allow=\"accelerometer; autoplay; clipboard-write; encrypted-media; gyroscope; picture-in-picture; web-share\" referrerpolicy=\"strict-origin-when-cross-origin\" allowfullscreen><\/iframe><\/div>\n<\/div><\/figure>\n\n\n\n<p>As l\u00e2minas de barbear alem\u00e3s vintage da Puma s\u00e3o apreciadas como ferramentas de barbear de alta qualidade e foram fabricadas na Alemanha, principalmente em Solingen, uma cidade que h\u00e1 muito \u00e9 famosa pelas suas facas e ferramentas de barbear. \"A Puma \u00e9 uma marca bem conhecida, associada n\u00e3o s\u00f3 ao vestu\u00e1rio e cal\u00e7ado desportivo, mas tamb\u00e9m \u00e0s tradicionais l\u00e2minas de barbear e a outros produtos de navalha, particularmente populares em meados do s\u00e9culo XX.<\/p>\n\n\n\n<ol class=\"wp-block-list\">\n<li><strong>Hist\u00f3ria da produ\u00e7\u00e3o<\/strong>:\n<ul class=\"wp-block-list\">\n<li>\"As l\u00e2minas de barbear Puma eram fabricadas em Solingen, na Alemanha, onde a Puma-Werk Lauterjung und Sohn (fundada em 1769) ainda est\u00e1 ativa. Esta empresa era especializada no fabrico de facas, l\u00e2minas de barbear e outros utens\u00edlios cortantes.<\/li>\n\n\n\n<li>Os modelos vintage remontam, na sua maioria, \u00e0s d\u00e9cadas de 1940 e 1970, altura em que as m\u00e1quinas de barbear feitas \u00e0 m\u00e3o eram muito populares.<\/li>\n\n\n\n<li>\"As m\u00e1quinas de barbear Puma t\u00eam sido apreciadas pela sua precis\u00e3o artesanal, durabilidade e design est\u00e9tico.<\/li>\n<\/ul>\n<\/li>\n\n\n\n<li><strong>Carater\u00edsticas<\/strong>:\n<ul class=\"wp-block-list\">\n<li><strong>Materiais<\/strong>L\u00e2minas: As l\u00e2minas s\u00e3o geralmente feitas de a\u00e7o-carbono ou de a\u00e7o inoxid\u00e1vel de alta qualidade para serem afiadas e resistentes \u00e0 corros\u00e3o. Os cabos eram feitos de materiais naturais como o chifre, a madeira, a madrep\u00e9rola ou o pl\u00e1stico (por exemplo, baquelite).<\/li>\n\n\n\n<li><strong>Conce\u00e7\u00e3o<\/strong>As l\u00e2minas de barbear Puma tinham frequentemente pormenores gravados na l\u00e2mina, como o log\u00f3tipo da marca ou o n\u00famero do modelo. O seu design era elegante, com aten\u00e7\u00e3o aos pormenores.<\/li>\n\n\n\n<li><strong>Modelos<\/strong>R: Os modelos vintage populares t\u00eam n\u00fameros \u00fanicos (por exemplo, Puma 193, Puma 89) que indicam diferentes designs ou s\u00e9ries.<\/li>\n<\/ul>\n<\/li>\n\n\n\n<li><strong>Valor de cole\u00e7\u00e3o<\/strong>:\n<ul class=\"wp-block-list\">\n<li>As m\u00e1quinas de barbear Puma vintage s\u00e3o muito apreciadas pelos coleccionadores pela sua raridade, qualidade e significado hist\u00f3rico. Particularmente desej\u00e1veis s\u00e3o os modelos que est\u00e3o em bom estado ou que t\u00eam a sua embalagem original.<\/li>\n\n\n\n<li>O pre\u00e7o de mercado depende do estado da navalha, da raridade do modelo e do material do cabo. Os exemplares bem conservados podem custar de algumas dezenas a v\u00e1rias centenas de euros.<\/li>\n<\/ul>\n<\/li>\n\n\n\n<li><strong>Utiliza\u00e7\u00e3o e manuten\u00e7\u00e3o<\/strong>:\n<ul class=\"wp-block-list\">\n<li>Estas l\u00e2minas de barbear requerem uma manuten\u00e7\u00e3o regular: afia\u00e7\u00e3o na l\u00e2mina de couro e prote\u00e7\u00e3o contra a ferrugem.<\/li>\n\n\n\n<li>Gra\u00e7as \u00e0 sua nitidez e qualidade, continuam a ser utilizadas pelos adeptos do barbear tradicional, embora exijam mais per\u00edcia do que as modernas m\u00e1quinas de barbear multifun\u00e7\u00f5es.<\/li>\n<\/ul>\n<\/li>\n<\/ol>\n\n\n\n<h3 class=\"wp-block-heading\">Porque \u00e9 que as m\u00e1quinas de barbear Puma s\u00e3o consideradas excepcionais?<\/h3>\n\n\n\n<ul class=\"wp-block-list\">\n<li><strong>Dom\u00ednio<\/strong>Solingen \u00e9 um centro mundial de fabrico de facas e a Puma manteve os mais elevados padr\u00f5es.<\/li>\n\n\n\n<li><strong>Durabilidade<\/strong>As m\u00e1quinas de barbear com uma manuten\u00e7\u00e3o correta podem durar d\u00e9cadas.<\/li>\n\n\n\n<li><strong>Est\u00e9tica<\/strong>O design elegante e os pormenores feitos \u00e0 m\u00e3o tornam-nas n\u00e3o s\u00f3 funcionais, mas tamb\u00e9m obras de arte.<\/li>\n<\/ul>","protected":false},"excerpt":{"rendered":"<p>L\u00e2minas de barbear alem\u00e3s Puma usadas. Fabricadas em meados do s\u00e9culo passado. Ainda fabricadas sob esta marca, mas inferiores \u00e0s m\u00e1quinas de barbear vintage em termos de qualidade do tratamento t\u00e9rmico e mec\u00e2nico. Apreciada pelo seu barbear suave. H\u00e1 sinais de corros\u00e3o, mas todas as l\u00e2minas est\u00e3o intactas, pelo que a afia\u00e7\u00e3o e a utiliza\u00e7\u00e3o n\u00e3o ser\u00e3o um problema. A mec\u00e2nica e a geometria s\u00e3o perfeitas. Veja atentamente as fotografias e o v\u00eddeo. <strong>Peso 49-50 g.<\/strong><\/p>\n<ol>\n<li>Dimens\u00f5es da l\u00e2mina - 80x20x4 mm. Afiada e com caixa<\/li>\n<li>Dimens\u00f5es da l\u00e2mina - 80x19x4 mm. Afiada. Rectificada com cone para a frente (s\u00edndrome da cenoura)<\/li>\n<li>Dimens\u00f5es da l\u00e2mina - 80x19x4 mm<\/li>\n<li>Dimens\u00f5es da l\u00e2mina - 80x19x4 mm<\/li>\n<li>Dimens\u00f5es da l\u00e2mina - 80x16x4 mm<\/li>\n<\/ol>\n<p><strong>Se n\u00e3o vir o artigo na lista pendente, \u00e9 porque est\u00e1 vendido.\u00a0<\/strong><\/p>","protected":false},"featured_media":4538,"comment_status":"open","ping_status":"closed","template":"","meta":[],"product_brand":[],"product_cat":[23],"product_tag":[338,339,160],"class_list":{"0":"post-4533","1":"product","2":"type-product","3":"status-publish","4":"has-post-thumbnail","6":"product_cat-razors","7":"product_tag-puma","8":"product_tag-puma-89","9":"product_tag-skustuvai","10":"product_shipping_class-light","12":"first","13":"instock","14":"shipping-taxable","15":"purchasable","16":"product-type-variable"},"_links":{"self":[{"href":"https:\/\/jnats.eu\/pt\/wp-json\/wp\/v2\/product\/4533","targetHints":{"allow":["GET"]}}],"collection":[{"href":"https:\/\/jnats.eu\/pt\/wp-json\/wp\/v2\/product"}],"about":[{"href":"https:\/\/jnats.eu\/pt\/wp-json\/wp\/v2\/types\/product"}],"replies":[{"embeddable":true,"href":"https:\/\/jnats.eu\/pt\/wp-json\/wp\/v2\/comments?post=4533"}],"wp:featuredmedia":[{"embeddable":true,"href":"https:\/\/jnats.eu\/pt\/wp-json\/wp\/v2\/media\/4538"}],"wp:attachment":[{"href":"https:\/\/jnats.eu\/pt\/wp-json\/wp\/v2\/media?parent=4533"}],"wp:term":[{"taxonomy":"product_brand","embeddable":true,"href":"https:\/\/jnats.eu\/pt\/wp-json\/wp\/v2\/product_brand?post=4533"},{"taxonomy":"product_cat","embeddable":true,"href":"https:\/\/jnats.eu\/pt\/wp-json\/wp\/v2\/product_cat?post=4533"},{"taxonomy":"product_tag","embeddable":true,"href":"https:\/\/jnats.eu\/pt\/wp-json\/wp\/v2\/product_tag?post=4533"}],"curies":[{"name":"wp","href":"https:\/\/api.w.org\/{rel}","templated":true}]}}