{"id":4594,"date":"2025-05-13T11:05:22","date_gmt":"2025-05-13T08:05:22","guid":{"rendered":"https:\/\/jnats.eu\/?post_type=product&#038;p=4594"},"modified":"2026-03-08T21:17:40","modified_gmt":"2026-03-08T19:17:40","slug":"nos-chobomasa-kamisori-vintaziniai-japoniski-skustuvai","status":"publish","type":"product","link":"https:\/\/jnats.eu\/pt\/produto-2\/nos-chobomasa-kamisori-vintaziniai-japoniski-skustuvai\/","title":{"rendered":"L\u00e2minas de barbear japonesas vintage NOS Chobomasa kamisori"},"content":{"rendered":"<figure class=\"wp-block-embed is-type-video is-provider-youtube wp-block-embed-youtube wp-embed-aspect-16-9 wp-has-aspect-ratio\"><div class=\"wp-block-embed__wrapper\">\n<div class=\"video-container\"><iframe title=\"NOS Chobomasa Kamisori - Navalhas Japonesas Vintage\" width=\"1170\" height=\"658\" src=\"https:\/\/www.youtube.com\/embed\/AiR2JJ7mTRE?feature=oembed\" frameborder=\"0\" allow=\"accelerometer; autoplay; clipboard-write; encrypted-media; gyroscope; picture-in-picture; web-share\" referrerpolicy=\"strict-origin-when-cross-origin\" allowfullscreen><\/iframe><\/div>\n<\/div><\/figure>\n\n\n\n<p>Descubra a verdadeira mestria do barbear japon\u00eas com <strong>NOS Chobomasa Kamisori<\/strong> - aut\u00eanticas l\u00e2minas de barbear japonesas vintage, feitas \u00e0 m\u00e3o. Estas m\u00e1quinas de barbear s\u00e3o <strong>NOS (Novo stock antigo)<\/strong> - n\u00e3o utilizado, conservado em excelente estado, diretamente do Jap\u00e3o de meados do s\u00e9culo XX.<\/p>\n\n\n\n<p>Cozinhado de forma tradicional <strong>kamisori<\/strong> em forma de l\u00e2minas de barbear, estas m\u00e1quinas de barbear destacam-se <strong>l\u00e2mina assim\u00e9trica<\/strong> e <strong>a\u00e7o-carbono de alta qualidade<\/strong> para uma nitidez excecional e uma utiliza\u00e7\u00e3o duradoura. Cada l\u00e2mina de barbear capta subtilmente o esp\u00edrito do antigo artesanato japon\u00eas e uma funcionalidade excecional.<\/p>\n\n\n\n<p><strong>Caracter\u00edsticas:<\/strong><\/p>\n\n\n\n<ul class=\"wp-block-list\">\n<li>Japon\u00eas aut\u00eantico <strong>kamisori<\/strong> desenho<\/li>\n\n\n\n<li>NOS (New Old Stock) - n\u00e3o utilizado, vintage<\/li>\n\n\n\n<li>Alta qualidade <strong>l\u00e2mina de a\u00e7o-carbono<\/strong><\/li>\n\n\n\n<li>Produ\u00e7\u00e3o artesanal e tradicional no Jap\u00e3o<\/li>\n\n\n\n<li>Para coleccionadores e entusiastas do barbear<\/li>\n<\/ul>\n\n\n\n<p><strong>Observa\u00e7\u00e3o:<\/strong> Devido \u00e0 idade do produto e \u00e0 natureza do trabalho manual, o aspeto de cada l\u00e2mina de barbear pode variar ligeiramente.<\/p>","protected":false},"excerpt":{"rendered":"<ul>\n<li>Tal como a espada samurai tradicional, a katana, estes Kamisori foram forjados \u00e0 m\u00e3o a partir de 2 partes. A parte cortante \u00e9 feita de a\u00e7o de alto carbono, enquanto a camada de suporte \u00e9 feita de um a\u00e7o mais simples. A camada de a\u00e7o \u00e9 dura, enquanto a estrutura mais macia fornece a resist\u00eancia necess\u00e1ria \u00e0 quebra.<\/li>\n<li>\u00c9 vis\u00edvel alguma medula. Ferrugem removida com papel #2500 de 6 origens e pasta de diamante Venev 7\/5.<\/li>\n<li>Todas as camisolas s\u00e3o ligeiramente diferentes porque s\u00e3o feitas \u00e0 m\u00e3o.<\/li>\n<li>Peso (aprox.): 33 g.<\/li>\n<li>Comprimento total (aprox.): 140 mm<\/li>\n<li>Altura (aprox.): 18 mm<\/li>\n<li>Espessura da fita (aprox.): 6 mm<\/li>\n<li>Comprimento da l\u00e2mina (aprox.): 44 mm<\/li>\n<li>Novo punho de borracha Tosuke<\/li>\n<li><strong>N.os 1-5 afiados, n.os 6-7 n\u00e3o afiados.<\/strong><span data-mce-type=\"bookmark\" style=\"display: inline-block; width: 0px; overflow: hidden; line-height: 0;\" class=\"mce_SELRES_start\"><\/span><\/li>\n<li><strong>Se n\u00e3o vir o artigo na lista pendente, isso significa que est\u00e1 \u00e0 venda.<\/strong><\/li>\n<\/ul>","protected":false},"featured_media":4595,"comment_status":"open","ping_status":"closed","template":"","meta":[],"product_brand":[],"product_cat":[23],"product_tag":[322,25,55],"class_list":{"0":"post-4594","1":"product","2":"type-product","3":"status-publish","4":"has-post-thumbnail","6":"product_cat-razors","7":"product_tag-chobomasa","8":"product_tag-kamisori","9":"product_tag-nos","10":"product_shipping_class-light","12":"first","13":"instock","14":"shipping-taxable","15":"purchasable","16":"product-type-variable"},"_links":{"self":[{"href":"https:\/\/jnats.eu\/pt\/wp-json\/wp\/v2\/product\/4594","targetHints":{"allow":["GET"]}}],"collection":[{"href":"https:\/\/jnats.eu\/pt\/wp-json\/wp\/v2\/product"}],"about":[{"href":"https:\/\/jnats.eu\/pt\/wp-json\/wp\/v2\/types\/product"}],"replies":[{"embeddable":true,"href":"https:\/\/jnats.eu\/pt\/wp-json\/wp\/v2\/comments?post=4594"}],"wp:featuredmedia":[{"embeddable":true,"href":"https:\/\/jnats.eu\/pt\/wp-json\/wp\/v2\/media\/4595"}],"wp:attachment":[{"href":"https:\/\/jnats.eu\/pt\/wp-json\/wp\/v2\/media?parent=4594"}],"wp:term":[{"taxonomy":"product_brand","embeddable":true,"href":"https:\/\/jnats.eu\/pt\/wp-json\/wp\/v2\/product_brand?post=4594"},{"taxonomy":"product_cat","embeddable":true,"href":"https:\/\/jnats.eu\/pt\/wp-json\/wp\/v2\/product_cat?post=4594"},{"taxonomy":"product_tag","embeddable":true,"href":"https:\/\/jnats.eu\/pt\/wp-json\/wp\/v2\/product_tag?post=4594"}],"curies":[{"name":"wp","href":"https:\/\/api.w.org\/{rel}","templated":true}]}}