{"id":4667,"date":"2025-05-21T17:19:05","date_gmt":"2025-05-21T14:19:05","guid":{"rendered":"https:\/\/jnats.eu\/?post_type=product&#038;p=4667"},"modified":"2025-05-23T15:02:30","modified_gmt":"2025-05-23T12:02:30","slug":"zwilling-twin-cermax-mc66-zdp-189-peilis-micarta-20-cm-naudotas","status":"publish","type":"product","link":"https:\/\/jnats.eu\/pt\/produto-2\/zwilling-twin-cermax-mc66-zdp-189-peilis-micarta-20-cm-naudotas\/","title":{"rendered":"Faca de micarta ZWILLING TWIN CERMAX MC66 (ZDP-189) 20 cm (usada)"},"content":{"rendered":"<figure class=\"wp-block-embed is-type-video is-provider-youtube wp-block-embed-youtube wp-embed-aspect-16-9 wp-has-aspect-ratio\"><div class=\"wp-block-embed__wrapper\">\n<div class=\"video-container\"><iframe title=\"Extreme Edge: Faca ZDP-189 afiada com pedras de diamante e pasta Elbor\" width=\"1170\" height=\"658\" src=\"https:\/\/www.youtube.com\/embed\/bgnKKZuFNmg?feature=oembed\" frameborder=\"0\" allow=\"accelerometer; autoplay; clipboard-write; encrypted-media; gyroscope; picture-in-picture; web-share\" referrerpolicy=\"strict-origin-when-cross-origin\" allowfullscreen><\/iframe><\/div>\n<\/div><\/figure>\n\n\n\n<p>Classe superior <strong>ZWILLING TWIN CERMAX MC66<\/strong> A faca do chefe \u00e9 uma combina\u00e7\u00e3o de artesanato, inova\u00e7\u00e3o e tradi\u00e7\u00e3o. No cora\u00e7\u00e3o da faca est\u00e1 a lend\u00e1ria <strong>A\u00e7o MC66 (ZDP-189)<\/strong>, desenvolvido no Jap\u00e3o, conhecido pela sua dureza extremamente elevada (cerca de <strong>66 HRC<\/strong>) e uma reten\u00e7\u00e3o de afia\u00e7\u00e3o excecional. \u00c9 um dos a\u00e7os de cozinha mais duros e duradouros do mundo.<\/p>\n\n\n\n<p><strong>Carater\u00edsticas da faca:<\/strong><\/p>\n\n\n\n<ul class=\"wp-block-list\">\n<li><strong>L\u00e2mina:<\/strong> feito de <strong>MC66 (ZDP-189)<\/strong> a\u00e7o revestido a p\u00f3, mantendo uma vida \u00fatil extremamente longa e permitindo cortes finos de precis\u00e3o.<\/li>\n\n\n\n<li><strong>Dureza:<\/strong> Sobre <strong>66 HRC<\/strong> - para uma faca de cozinha de qualidade superior.<\/li>\n\n\n\n<li><strong>Comprimento da l\u00e2mina:<\/strong> <strong>20 cm<\/strong> - Uma faca de tamanho universal para cortar carne, peixe e legumes.<\/li>\n\n\n\n<li><strong>Rankena:<\/strong> De <strong>Micarta<\/strong> - Materiais dur\u00e1veis, resistentes \u00e0 humidade e \u00e0 temperatura, com uma ader\u00eancia agrad\u00e1vel e quente e uma elegante textura de madeira.<\/li>\n\n\n\n<li><strong>Conce\u00e7\u00e3o:<\/strong> L\u00e2mina de estilo japon\u00eas com uma superf\u00edcie delicada e polida, decorada com <strong>CERMAX<\/strong> log\u00f3tipo.<\/li>\n<\/ul>\n\n\n\n<p><strong>Porqu\u00ea escolher?<\/strong><\/p>\n\n\n\n<ul class=\"wp-block-list\">\n<li>Uma das facas mais afiadas utilizadas na ind\u00fastria, mantendo as suas propriedades de corte durante muito mais tempo do que a maioria das facas cl\u00e1ssicas.<\/li>\n\n\n\n<li>A escolha perfeita para chefs profissionais e entusiastas de especiarias e qualidade.<\/li>\n\n\n\n<li>Elegante e ergon\u00f3mico - o cabo em Micarta n\u00e3o s\u00f3 tem um \u00f3timo aspeto, como tamb\u00e9m garante uma ader\u00eancia segura e confort\u00e1vel.<\/li>\n<\/ul>\n\n\n\n<p><strong>Fabricado no Jap\u00e3o<\/strong>, em parceria com <strong>Zwilling J.A. Henckels<\/strong> - Fabricantes de facas alem\u00e3es.<\/p>","protected":false},"excerpt":{"rendered":"<ul>\n<li>Comprimento total 33,6 cm<\/li>\n<li>Comprimento da l\u00e2mina 20,0 cm<\/li>\n<li>Altura da l\u00e2mina 4,5 cm<\/li>\n<li>N\u00facleo da l\u00e2mina em a\u00e7o inoxid\u00e1vel MC66 (ZDP-189) com revestimento em p\u00f3, protegido por lamina\u00e7\u00e3o, endurecido a frio Cryodur, em forma de V, um dos melhores do mundo.<\/li>\n<li>N\u00edvel de dureza 65-67 Rockwell<\/li>\n<li>Forma da l\u00e2mina moderadamente pontiaguda<\/li>\n<li>Almofada e tampa da extremidade em a\u00e7o inoxid\u00e1vel, resistente \u00e0 ferrugem<\/li>\n<li>Comprimento da pega 13,0 cm<\/li>\n<li>Material do cabo Micarta preto, forma ergon\u00f3mica<\/li>\n<li>Adequado para utilizadores destros e canhotos<\/li>\n<li>Peso 210 gramas<\/li>\n<li><strong>A faca \u00e9 usada e est\u00e1 ligeiramente riscada. Existe um pequeno corte no cabo.<\/strong><\/li>\n<li>Afiada com as pedras de amolar de diamante profissionais DMD 1000 - 12 000 + pasta Elbor de 1 \u00b5m. Veja o v\u00eddeo abaixo.<\/li>\n<\/ul>","protected":false},"featured_media":4671,"comment_status":"open","ping_status":"closed","template":"","meta":[],"product_brand":[],"product_cat":[24],"product_tag":[],"class_list":{"0":"post-4667","1":"product","2":"type-product","3":"status-publish","4":"has-post-thumbnail","6":"product_cat-knifes","7":"product_shipping_class-iprastas","9":"first","10":"outofstock","11":"shipping-taxable","12":"purchasable","13":"product-type-simple"},"_links":{"self":[{"href":"https:\/\/jnats.eu\/pt\/wp-json\/wp\/v2\/product\/4667","targetHints":{"allow":["GET"]}}],"collection":[{"href":"https:\/\/jnats.eu\/pt\/wp-json\/wp\/v2\/product"}],"about":[{"href":"https:\/\/jnats.eu\/pt\/wp-json\/wp\/v2\/types\/product"}],"replies":[{"embeddable":true,"href":"https:\/\/jnats.eu\/pt\/wp-json\/wp\/v2\/comments?post=4667"}],"wp:featuredmedia":[{"embeddable":true,"href":"https:\/\/jnats.eu\/pt\/wp-json\/wp\/v2\/media\/4671"}],"wp:attachment":[{"href":"https:\/\/jnats.eu\/pt\/wp-json\/wp\/v2\/media?parent=4667"}],"wp:term":[{"taxonomy":"product_brand","embeddable":true,"href":"https:\/\/jnats.eu\/pt\/wp-json\/wp\/v2\/product_brand?post=4667"},{"taxonomy":"product_cat","embeddable":true,"href":"https:\/\/jnats.eu\/pt\/wp-json\/wp\/v2\/product_cat?post=4667"},{"taxonomy":"product_tag","embeddable":true,"href":"https:\/\/jnats.eu\/pt\/wp-json\/wp\/v2\/product_tag?post=4667"}],"curies":[{"name":"wp","href":"https:\/\/api.w.org\/{rel}","templated":true}]}}