{"id":4678,"date":"2025-05-24T12:33:23","date_gmt":"2025-05-24T09:33:23","guid":{"rendered":"https:\/\/jnats.eu\/?post_type=product&#038;p=4678"},"modified":"2025-07-05T11:19:22","modified_gmt":"2025-07-05T08:19:22","slug":"yeelong-m390-steel-8-chef-knife-used","status":"publish","type":"product","link":"https:\/\/jnats.eu\/pt\/produto-2\/yeelong-m390-steel-8-chef-knife-used\/","title":{"rendered":"Faca de cozinha de 8\u2033 em a\u00e7o Yeelong M390 (usada)"},"content":{"rendered":"<figure class=\"wp-block-embed is-type-video is-provider-youtube wp-block-embed-youtube wp-embed-aspect-16-9 wp-has-aspect-ratio\"><div class=\"wp-block-embed__wrapper\">\n<div class=\"video-container\"><iframe title=\"Masamotoyama Asagi Nashiji contra M390 Steel\" width=\"1170\" height=\"658\" src=\"https:\/\/www.youtube.com\/embed\/K1-qGuFrjYM?feature=oembed\" frameborder=\"0\" allow=\"accelerometer; autoplay; clipboard-write; encrypted-media; gyroscope; picture-in-picture; web-share\" referrerpolicy=\"strict-origin-when-cross-origin\" allowfullscreen><\/iframe><\/div>\n<\/div><\/figure>\n\n\n\n<p>Melhore a sua cozinha com a <strong>Faca de cozinha Yeelong M390 8\u2033<\/strong> - uma ferramenta de alto desempenho concebida para um corte preciso e sem esfor\u00e7o. <strong>A\u00e7o inoxid\u00e1vel B\u00f6hler M390<\/strong>, esta faca oferece uma excelente <strong>reten\u00e7\u00e3o de arestas<\/strong>, <strong>resist\u00eancia \u00e0 corros\u00e3o<\/strong>e um fio afiado que perdura.<\/p>\n\n\n\n<p>O equil\u00edbrio perfeito <strong>L\u00e2mina de 8 polegadas<\/strong> A faca de cozinha da Huawei \u00e9 f\u00e1cil de utilizar em todas as tarefas de cozinha: cortar carne, cortar legumes, picar ervas arom\u00e1ticas e muito mais. O seu acabamento polido espelhado acrescenta eleg\u00e2ncia, enquanto a pega ergon\u00f3mica proporciona uma ader\u00eancia segura e confort\u00e1vel para uma utiliza\u00e7\u00e3o prolongada.<\/p>\n\n\n\n<p><strong>Caracter\u00edsticas principais:<\/strong><\/p>\n\n\n\n<ul class=\"wp-block-list\">\n<li>\ud83d\udd2a Premium <strong>B\u00f6hler M390 A\u00e7o inoxid\u00e1vel<\/strong> Composi\u00e7\u00e3o Qu\u00edmica (M\u00e9dia %)C1.90 Si0.70Mn0.30 Cr20.00 Mo1.00 V4.00 W0.60<\/li>\n\n\n\n<li>\ud83d\udccf <strong>L\u00e2mina de 8 polegadas<\/strong> para tarefas vers\u00e1teis na cozinha<\/li>\n\n\n\n<li>Reten\u00e7\u00e3o de arestas e nitidez excepcionais<\/li>\n\n\n\n<li>Acabamento espelhado resistente \u00e0 corros\u00e3o e ao desgaste<\/li>\n\n\n\n<li>\ud83d\udd90\ufe0f Pega ergon\u00f3mica para maior controlo e conforto<\/li>\n\n\n\n<li>Ideal para chefs profissionais e cozinheiros dom\u00e9sticos apaixonados<\/li>\n<\/ul>\n\n\n\n<p><strong>Experimente o desempenho de corte de n\u00edvel profissional na sua cozinha.<\/strong><\/p>","protected":false},"excerpt":{"rendered":"<p>Qualidade superior <strong data-start=\"311\" data-end=\"334\">Faca de chef de 8 polegadas<\/strong> feito de <strong data-start=\"345\" data-end=\"376\">A\u00e7o inoxid\u00e1vel B\u00f6hler M390<\/strong>. Excecional reten\u00e7\u00e3o do fio, resist\u00eancia \u00e0 corros\u00e3o e precis\u00e3o de corte. Perfeita para chefs profissionais e cozinheiros dom\u00e9sticos apaixonados.<\/p>\n<ul>\n<li>Comprimento total 335 mm<\/li>\n<li>L\u00e2mina 200x54x2 mm<\/li>\n<li>Peso 274 g.<\/li>\n<li>Fabricado na China<\/li>\n<\/ul>\n<p>Pode ver o processo de nitidez no v\u00eddeo abaixo.<\/p>","protected":false},"featured_media":4681,"comment_status":"open","ping_status":"closed","template":"","meta":[],"product_brand":[],"product_cat":[24],"product_tag":[349],"class_list":{"0":"post-4678","1":"product","2":"type-product","3":"status-publish","4":"has-post-thumbnail","6":"product_cat-knifes","7":"product_tag-m390","8":"product_shipping_class-iprastas","10":"first","11":"outofstock","12":"shipping-taxable","13":"purchasable","14":"product-type-simple"},"_links":{"self":[{"href":"https:\/\/jnats.eu\/pt\/wp-json\/wp\/v2\/product\/4678","targetHints":{"allow":["GET"]}}],"collection":[{"href":"https:\/\/jnats.eu\/pt\/wp-json\/wp\/v2\/product"}],"about":[{"href":"https:\/\/jnats.eu\/pt\/wp-json\/wp\/v2\/types\/product"}],"replies":[{"embeddable":true,"href":"https:\/\/jnats.eu\/pt\/wp-json\/wp\/v2\/comments?post=4678"}],"wp:featuredmedia":[{"embeddable":true,"href":"https:\/\/jnats.eu\/pt\/wp-json\/wp\/v2\/media\/4681"}],"wp:attachment":[{"href":"https:\/\/jnats.eu\/pt\/wp-json\/wp\/v2\/media?parent=4678"}],"wp:term":[{"taxonomy":"product_brand","embeddable":true,"href":"https:\/\/jnats.eu\/pt\/wp-json\/wp\/v2\/product_brand?post=4678"},{"taxonomy":"product_cat","embeddable":true,"href":"https:\/\/jnats.eu\/pt\/wp-json\/wp\/v2\/product_cat?post=4678"},{"taxonomy":"product_tag","embeddable":true,"href":"https:\/\/jnats.eu\/pt\/wp-json\/wp\/v2\/product_tag?post=4678"}],"curies":[{"name":"wp","href":"https:\/\/api.w.org\/{rel}","templated":true}]}}