{"id":4750,"date":"2025-06-13T12:34:12","date_gmt":"2025-06-13T09:34:12","guid":{"rendered":"https:\/\/jnats.eu\/?post_type=product&#038;p=4750"},"modified":"2025-10-25T21:37:45","modified_gmt":"2025-10-25T18:37:45","slug":"komazen-japan-vidutinio-grudetumo-sintetinis-galandinimo-akmuo","status":"publish","type":"product","link":"https:\/\/jnats.eu\/pt\/produto-2\/komazen-japan-vidutinio-grudetumo-sintetinis-galandinimo-akmuo\/","title":{"rendered":"Pedra de afiar sint\u00e9tica de gr\u00e3o m\u00e9dio Komazen Japan"},"content":{"rendered":"<p><strong>Komazen Jap\u00e3o<\/strong> pedra de amolar sint\u00e9tica de marca.<\/p>\n\n\n\n<hr class=\"wp-block-separator has-alpha-channel-opacity\"\/>\n\n\n\n<h3 class=\"wp-block-heading\">Informa\u00e7\u00e3o de base:<\/h3>\n\n\n\n<ul class=\"wp-block-list\">\n<li><strong>Fabricante<\/strong>: Komazen Jap\u00e3o<\/li>\n\n\n\n<li><strong>Marca\u00e7\u00e3o do produto<\/strong>: \"Pedra de afiar\" \/ \"\u4e2d\u76ee\" (Ch\u016bme) significa <strong>gr\u00e3o m\u00e9dio<\/strong> (Japon\u00eas: \u4e2d\u76ee, ch\u016bme) pedra.<\/li>\n\n\n\n<li><strong>Dimens\u00f5es<\/strong>: 200 \u00d7 50 \u00d7 25 mm (indicado na caixa)<\/li>\n<\/ul>\n\n\n\n<hr class=\"wp-block-separator has-alpha-channel-opacity\"\/>\n\n\n\n<h3 class=\"wp-block-heading\">Que pedra:<\/h3>\n\n\n\n<p>Isto \u00e9 <strong>pedra de \u00e1gua sint\u00e9tica<\/strong>Utilizado para afiar facas e ferramentas. Pelo facto de estar marcado com \"\u4e2d\u76ee\", o seu tamanho de gr\u00e3o \u00e9 geralmente de cerca de <strong>#1000<\/strong> (tamanho m\u00e9dio padr\u00e3o do gr\u00e3o de acordo com o sistema japon\u00eas). Trata-se de uma excelente escolha:<\/p>\n\n\n\n<ul class=\"wp-block-list\">\n<li>para afiar facas no dia a dia<\/li>\n\n\n\n<li>elimina\u00e7\u00e3o de pequenas irregularidades<\/li>\n\n\n\n<li>modelar o gume da l\u00e2mina antes de passar para pedras mais pequenas (por exemplo, #3000, #6000)<\/li>\n<\/ul>\n\n\n\n<hr class=\"wp-block-separator has-alpha-channel-opacity\"\/>\n\n\n\n<h3 class=\"wp-block-heading\">\ud83d\udccc Komazen Jap\u00e3o:<\/h3>\n\n\n\n<p>Este \u00e9 um dos <strong>Or\u00e7amental<\/strong> Fabricantes japoneses de pedras sint\u00e9ticas. As suas pedras s\u00e3o frequentemente utilizadas em cozinhas, oficinas e por amadores, porque oferecem uma boa rela\u00e7\u00e3o qualidade\/pre\u00e7o, mas n\u00e3o s\u00e3o premium como as pedras Naniwa ou Shapton.<\/p>\n\n\n\n<hr class=\"wp-block-separator has-alpha-channel-opacity\"\/>\n\n\n\n<h3 class=\"wp-block-heading\">\ud83d\udccc Utiliza\u00e7\u00e3o:<\/h3>\n\n\n\n<ul class=\"wp-block-list\">\n<li><strong>Antes da utiliza\u00e7\u00e3o<\/strong> Recomenda-se a imers\u00e3o em \u00e1gua durante 5-10 minutos.<\/li>\n\n\n\n<li>Utilizar com \u00e1gua (n\u00e3o seco, n\u00e3o com \u00f3leo)<\/li>\n\n\n\n<li>Enxaguar ap\u00f3s a utiliza\u00e7\u00e3o, secar naturalmente (n\u00e3o utilizar calor)<\/li>\n<\/ul>","protected":false},"excerpt":{"rendered":"<p><!-- wp:list --><\/p>\n<ul class=\"wp-block-list\"><!-- wp:list-item --><\/p>\n<li><strong>Fabricante<\/strong>: Komazen Jap\u00e3o<\/li>\n<p><!-- \/wp:list-item --> <!-- wp:list-item --><\/p>\n<li><strong>Gr\u00e3o m\u00e9dio<\/strong><\/li>\n<p><!-- \/wp:list-item --> <!-- wp:list-item --><\/p>\n<li><strong>Dimens\u00f5es<\/strong>: 200 \u00d7 50 \u00d7 25 mm<\/li>\n<li>Caixa ligeiramente manchada, pedra n\u00e3o utilizada<\/li>\n<p><!-- \/wp:list-item --><\/ul>\n<p><!-- \/wp:list --><\/p>","protected":false},"featured_media":4751,"comment_status":"open","ping_status":"closed","template":"","meta":[],"product_brand":[],"product_cat":[290],"product_tag":[356,355],"class_list":{"0":"post-4750","1":"product","2":"type-product","3":"status-publish","4":"has-post-thumbnail","6":"product_cat-whetstones","7":"product_tag-356","8":"product_tag-komazen","9":"product_shipping_class-iprastas","11":"first","12":"outofstock","13":"shipping-taxable","14":"purchasable","15":"product-type-simple"},"_links":{"self":[{"href":"https:\/\/jnats.eu\/pt\/wp-json\/wp\/v2\/product\/4750","targetHints":{"allow":["GET"]}}],"collection":[{"href":"https:\/\/jnats.eu\/pt\/wp-json\/wp\/v2\/product"}],"about":[{"href":"https:\/\/jnats.eu\/pt\/wp-json\/wp\/v2\/types\/product"}],"replies":[{"embeddable":true,"href":"https:\/\/jnats.eu\/pt\/wp-json\/wp\/v2\/comments?post=4750"}],"wp:featuredmedia":[{"embeddable":true,"href":"https:\/\/jnats.eu\/pt\/wp-json\/wp\/v2\/media\/4751"}],"wp:attachment":[{"href":"https:\/\/jnats.eu\/pt\/wp-json\/wp\/v2\/media?parent=4750"}],"wp:term":[{"taxonomy":"product_brand","embeddable":true,"href":"https:\/\/jnats.eu\/pt\/wp-json\/wp\/v2\/product_brand?post=4750"},{"taxonomy":"product_cat","embeddable":true,"href":"https:\/\/jnats.eu\/pt\/wp-json\/wp\/v2\/product_cat?post=4750"},{"taxonomy":"product_tag","embeddable":true,"href":"https:\/\/jnats.eu\/pt\/wp-json\/wp\/v2\/product_tag?post=4750"}],"curies":[{"name":"wp","href":"https:\/\/api.w.org\/{rel}","templated":true}]}}