{"id":4755,"date":"2025-06-13T12:41:02","date_gmt":"2025-06-13T09:41:02","guid":{"rendered":"https:\/\/jnats.eu\/?post_type=product&#038;p=4755"},"modified":"2025-07-02T08:50:54","modified_gmt":"2025-07-02T05:50:54","slug":"masahiro-600-galandinimo-akmuo","status":"publish","type":"product","link":"https:\/\/jnats.eu\/pt\/produto-2\/masahiro-600-galandinimo-akmuo\/","title":{"rendered":"Pedra de afiar Masahiro 600"},"content":{"rendered":"<h2 class=\"wp-block-heading\">\ud83d\udce6 <strong>Pedra de \u00e1gua Masahiro #600<\/strong><\/h2>\n\n\n\n<h3 class=\"wp-block-heading\">Informa\u00e7\u00e3o de base:<\/h3>\n\n\n\n<ul class=\"wp-block-list\">\n<li><strong>Fabricante<\/strong>: Masahiro (Jap\u00e3o)<\/li>\n\n\n\n<li><strong>Granula\u00e7\u00e3o<\/strong>: <strong>#600<\/strong><\/li>\n\n\n\n<li><strong>Tipo<\/strong>Pedra de \u00e1gua sint\u00e9tica (pedra de \u00e1gua, deve ser molhada antes de ser utilizada)<\/li>\n\n\n\n<li><strong>Prop\u00f3sito<\/strong>:\n<ul class=\"wp-block-list\">\n<li>Fase de repara\u00e7\u00e3o e modela\u00e7\u00e3o (por exemplo, para remover pequenas mossas, restaurar o perfil da l\u00e2mina)<\/li>\n\n\n\n<li>Ideal antes de mudar para #1000 ou pedras mais pequenas<\/li>\n<\/ul>\n<\/li>\n\n\n\n<li><strong>Instru\u00e7\u00f5es de utiliza\u00e7\u00e3o<\/strong> (em japon\u00eas numa placa de metal): <strong>\u5145\u5206\u6c34\u306b\u3064\u3051\u3066\u304b\u3089\u4f7f\u7528\u3057\u3066\u4e0b\u3055\u3044\u3002<\/strong><br>Tradu\u00e7\u00e3o: <em>\"Mergulhar em \u00e1gua suficiente antes de utilizar\".<\/em><\/li>\n<\/ul>\n\n\n\n<hr class=\"wp-block-separator has-alpha-channel-opacity\"\/>\n\n\n\n<h2 class=\"wp-block-heading\">\ud83d\udccc Carater\u00edsticas:<\/h2>\n\n\n\n<ul class=\"wp-block-list\">\n<li>Abrasivo m\u00e9dio, desbaste r\u00e1pido, mas ainda assim suficientemente suave para moldar o gume da faca sem fazer uma marca de risco demasiado profunda.<\/li>\n\n\n\n<li>Adequado para a\u00e7os japoneses e ocidentais, especialmente facas de cozinha.<\/li>\n<\/ul>\n\n\n\n<hr class=\"wp-block-separator has-alpha-channel-opacity\"\/>\n\n\n\n<h2 class=\"wp-block-heading\">\ud83d\udccc Recomenda\u00e7\u00f5es:<\/h2>\n\n\n\n<ul class=\"wp-block-list\">\n<li><strong>Imers\u00e3o<\/strong>: 10-15 minutos antes da utiliza\u00e7\u00e3o.<\/li>\n\n\n\n<li><strong>Manuten\u00e7\u00e3o<\/strong>: conservar num local seco, n\u00e3o secar com fontes de calor.<\/li>\n<\/ul>","protected":false},"excerpt":{"rendered":"<p><!-- wp:list --><\/p>\n<ul class=\"wp-block-list\"><!-- wp:list-item --><\/p>\n<li><strong>Fabricante<\/strong>: Masahiro (Jap\u00e3o)<\/li>\n<p><!-- \/wp:list-item --><\/p>\n<p><!-- wp:list-item --><\/p>\n<li><strong>Granula\u00e7\u00e3o<\/strong>: <strong>#600<\/strong><\/li>\n<li><strong>Dimens\u00f5es: 210x70x27mm<\/strong><\/li>\n<p><!-- \/wp:list-item --><\/p>\n<p><!-- wp:list-item --><\/p>\n<li><strong>Tipo<\/strong>Pedra de \u00e1gua sint\u00e9tica (pedra de \u00e1gua, deve ser molhada antes de ser utilizada)<\/li>\n<li>Suporte de madeira<\/li>\n<li>H\u00e1 alguma sujidade na superf\u00edcie, mas a pedra n\u00e3o foi utilizada e n\u00e3o tem defeitos.<\/li>\n<p><!-- \/wp:list-item --><\/ul>\n<p><!-- \/wp:list --><\/p>","protected":false},"featured_media":4758,"comment_status":"open","ping_status":"closed","template":"","meta":[],"product_brand":[],"product_cat":[290],"product_tag":[357],"class_list":{"0":"post-4755","1":"product","2":"type-product","3":"status-publish","4":"has-post-thumbnail","6":"product_cat-whetstones","7":"product_tag-masahiro","8":"product_shipping_class-iprastas","10":"first","11":"outofstock","12":"shipping-taxable","13":"purchasable","14":"product-type-simple"},"_links":{"self":[{"href":"https:\/\/jnats.eu\/pt\/wp-json\/wp\/v2\/product\/4755","targetHints":{"allow":["GET"]}}],"collection":[{"href":"https:\/\/jnats.eu\/pt\/wp-json\/wp\/v2\/product"}],"about":[{"href":"https:\/\/jnats.eu\/pt\/wp-json\/wp\/v2\/types\/product"}],"replies":[{"embeddable":true,"href":"https:\/\/jnats.eu\/pt\/wp-json\/wp\/v2\/comments?post=4755"}],"wp:featuredmedia":[{"embeddable":true,"href":"https:\/\/jnats.eu\/pt\/wp-json\/wp\/v2\/media\/4758"}],"wp:attachment":[{"href":"https:\/\/jnats.eu\/pt\/wp-json\/wp\/v2\/media?parent=4755"}],"wp:term":[{"taxonomy":"product_brand","embeddable":true,"href":"https:\/\/jnats.eu\/pt\/wp-json\/wp\/v2\/product_brand?post=4755"},{"taxonomy":"product_cat","embeddable":true,"href":"https:\/\/jnats.eu\/pt\/wp-json\/wp\/v2\/product_cat?post=4755"},{"taxonomy":"product_tag","embeddable":true,"href":"https:\/\/jnats.eu\/pt\/wp-json\/wp\/v2\/product_tag?post=4755"}],"curies":[{"name":"wp","href":"https:\/\/api.w.org\/{rel}","templated":true}]}}