{"id":4781,"date":"2025-06-20T14:54:04","date_gmt":"2025-06-20T11:54:04","guid":{"rendered":"https:\/\/jnats.eu\/?post_type=product&#038;p=4781"},"modified":"2025-06-25T11:48:43","modified_gmt":"2025-06-25T08:48:43","slug":"universalus-peilis-is-cpm-20cv-plieno-naudotas","status":"publish","type":"product","link":"https:\/\/jnats.eu\/pt\/produto-2\/universalus-peilis-is-cpm-20cv-plieno-naudotas\/","title":{"rendered":"Faca universal feita de a\u00e7o CPM 20CV (usada)"},"content":{"rendered":"<figure class=\"wp-block-embed is-type-video is-provider-youtube wp-block-embed-youtube wp-embed-aspect-16-9 wp-has-aspect-ratio\"><div class=\"wp-block-embed__wrapper\">\n<div class=\"video-container\"><iframe title=\"A\u00e7o moderno vs. pedra de amolar japonesa natural tradicional | CPM 20CV + Ohira\" width=\"1170\" height=\"658\" src=\"https:\/\/www.youtube.com\/embed\/dkrrzanZkhc?feature=oembed\" frameborder=\"0\" allow=\"accelerometer; autoplay; clipboard-write; encrypted-media; gyroscope; picture-in-picture; web-share\" referrerpolicy=\"strict-origin-when-cross-origin\" allowfullscreen><\/iframe><\/div>\n<\/div><\/figure>\n\n\n\n<p>Uma faca usada excepcional feita de um dos a\u00e7os em p\u00f3 modernos mais avan\u00e7ados \u2013 <strong>CPM 20CV<\/strong>, que possui excelente reten\u00e7\u00e3o de nitidez e excepcional resist\u00eancia \u00e0 corros\u00e3o.<\/p>\n\n\n\n<p><strong>O mais importante \u00e9 que o a\u00e7o desta faca foi temperado por um dos termistas mais famosos da R\u00fassia \u2014 Alan Balikoev, famoso por seu tratamento t\u00e9rmico preciso, que permite extrair o m\u00e1ximo das propriedades do a\u00e7o.<\/strong><\/p>\n\n\n\n<hr class=\"wp-block-separator has-alpha-channel-opacity\"\/>\n\n\n\n<h3 class=\"wp-block-heading\"><strong>Propriedades do a\u00e7o<\/strong><\/h3>\n\n\n\n<p><strong>CPM 20CV<\/strong> \u2013 um a\u00e7o inoxid\u00e1vel com revestimento em p\u00f3, projetado para proporcionar excepcional reten\u00e7\u00e3o de fio e resist\u00eancia a influ\u00eancias ambientais. \u00c9 um material premium para facas, seja para uso di\u00e1rio, colecion\u00e1veis ou tarefas excepcionais. <\/p>\n\n\n\n<hr class=\"wp-block-separator has-alpha-channel-opacity\"\/>\n\n\n\n<h3 class=\"wp-block-heading\"><strong>Composi\u00e7\u00e3o qu\u00edmica do a\u00e7o<\/strong><\/h3>\n\n\n\n<figure class=\"wp-block-table\"><table class=\"has-fixed-layout\"><thead><tr><th>Elemento<\/th><th>Porcentagem (%)<\/th><\/tr><\/thead><tbody><tr><td>Carbono (C)<\/td><td>1.9<\/td><\/tr><tr><td>Cromo (Cr)<\/td><td>20.0<\/td><\/tr><tr><td>Van\u00e1dio (V)<\/td><td>4.0<\/td><\/tr><tr><td>Molibd\u00eanio (Mo)<\/td><td>1.0<\/td><\/tr><tr><td>Tungst\u00eanio (W)<\/td><td>0.6<\/td><\/tr><tr><td>Mangan\u00eas (Mn)<\/td><td>0.3<\/td><\/tr><tr><td>Sil\u00edcio (Si)<\/td><td>0.6<\/td><\/tr><tr><td>F\u00f3sforo (P)<\/td><td>\u2264 0,03<\/td><\/tr><tr><td>Enxofre (S)<\/td><td>\u2264 0,03<\/td><\/tr><\/tbody><\/table><\/figure>\n\n\n\n<hr class=\"wp-block-separator has-alpha-channel-opacity\"\/>\n\n\n\n<h3 class=\"wp-block-heading\"><strong>Principais vantagens<\/strong><\/h3>\n\n\n\n<p>\u2705 <strong>Resist\u00eancia \u00e0 corros\u00e3o extremamente alta<\/strong><br>Devido ao teor de cromo do 20%, esta faca \u00e9 resistente \u00e0 umidade e a ambientes \u00e1cidos.<\/p>\n\n\n\n<p>\u2705 <strong>Longa reten\u00e7\u00e3o de nitidez<\/strong><br>Devido ao seu alto teor de carbono e van\u00e1dio, o a\u00e7o mant\u00e9m seu fio afiado por muito mais tempo do que a maioria dos outros a\u00e7os inoxid\u00e1veis.<\/p>\n\n\n\n<p>\u2705 <strong>Al\u00e7a \u00fanica<\/strong><br>B\u00e9tula da Car\u00e9lia estabilizada com incrusta\u00e7\u00e3o de dente de mamute e refor\u00e7o de Makume d\u00e3o a cada faca uma caracter\u00edstica \u00fanica \u2014 n\u00e3o h\u00e1 duas iguais.<\/p>\n\n\n\n<p>\u2705 <strong>Endurecimento profissional<\/strong><br>O tratamento t\u00e9rmico realizado por Alan Balikoev garante o m\u00e1ximo equil\u00edbrio entre dureza, resist\u00eancia ao desgaste e elasticidade do a\u00e7o.<\/p>\n\n\n\n<p>\u2705 <strong>Declives universais<\/strong><br>Declives retos a partir do ombro garantem boas propriedades de corte, facilidade de controle e f\u00e1cil manuten\u00e7\u00e3o.<\/p>\n\n\n\n<hr class=\"wp-block-separator has-alpha-channel-opacity\"\/>\n\n\n\n<h3 class=\"wp-block-heading\"><strong>Resumo<\/strong><\/h3>\n\n\n\n<p>Esta n\u00e3o \u00e9 apenas uma ferramenta funcional, mas tamb\u00e9m um item de colecionador exclusivo que combina o a\u00e7o em p\u00f3 mais avan\u00e7ado, t\u00eampera profissional e est\u00e9tica artesanal requintada.<\/p>","protected":false},"excerpt":{"rendered":"<p><!-- wp:list --><\/p>\n<ul class=\"wp-block-list\"><!-- wp:list-item --><\/p>\n<li>Comprimento da l\u00e2mina: 140 mm.<\/li>\n<p><!-- \/wp:list-item --><\/p>\n<p><!-- wp:list-item --><\/p>\n<li>Altura da l\u00e2mina: 29 mm.<\/li>\n<li>Espessura da l\u00e2mina: 4,0 mm<\/li>\n<li>Alinhamento de cerca de 0,3 mm<\/li>\n<p><!-- \/wp:list-item --><\/p>\n<p><!-- wp:list-item --><\/p>\n<li>Superf\u00edcie da l\u00e2mina: N\u00e3o perfeitamente polida<\/li>\n<p><!-- \/wp:list-item --><\/p>\n<p><!-- wp:list-item --><\/p>\n<li>A\u00e7o em p\u00f3 CPM 20CV. Temperado por um dos melhores termistas da R\u00fassia, Alan Balikoev.<\/li>\n<p><!-- \/wp:list-item --><\/p>\n<p><!-- wp:list-item --><\/p>\n<li>A vantagem mais importante deste a\u00e7o \u00e9 sua alt\u00edssima resist\u00eancia \u00e0 corros\u00e3o e reten\u00e7\u00e3o relativamente longa do fio.<\/li>\n<p><!-- \/wp:list-item --><\/p>\n<p><!-- wp:list-item --><\/p>\n<li>Declives: retos a partir do ombro<\/li>\n<p><!-- \/wp:list-item --><\/p>\n<p><!-- wp:list-item --><\/p>\n<li>Comprimento do cabo: 128 mm<\/li>\n<li>Bolster em Makum<\/li>\n<li>Incrusta\u00e7\u00e3o de dente de mamute<\/li>\n<p><!-- \/wp:list-item --><\/p>\n<p><!-- wp:list-item --><\/p>\n<li>O material do cabo \u00e9 tub\u00e9rculo de b\u00e9tula da Car\u00e9lia estabilizado.<\/li>\n<li>Estojo em pele genu\u00edna<\/li>\n<p><!-- \/wp:list-item --><\/p>\n<p><!-- wp:list-item --><\/p>\n<li>Peso com estojo: 172 g<\/li>\n<p><!-- \/wp:list-item --><\/p>\n<p><!-- wp:list-item --><\/p>\n<li>Peso: 244 g<\/li>\n<p><!-- \/wp:list-item --><\/p>\n<p><!-- wp:list-item --><\/p>\n<li>Feito na R\u00fassia<\/li>\n<li>Afiado com pedra natural japonesa Ohira.<\/li>\n<p><!-- \/wp:list-item --><\/ul>\n<p><!-- \/wp:list --><\/p>","protected":false},"featured_media":4784,"comment_status":"open","ping_status":"closed","template":"","meta":[],"product_brand":[],"product_cat":[24],"product_tag":[358,76],"class_list":{"0":"post-4781","1":"product","2":"type-product","3":"status-publish","4":"has-post-thumbnail","6":"product_cat-knifes","7":"product_tag-20cv","8":"product_tag-peilis","9":"product_shipping_class-iprastas","11":"first","12":"outofstock","13":"shipping-taxable","14":"purchasable","15":"product-type-simple"},"_links":{"self":[{"href":"https:\/\/jnats.eu\/pt\/wp-json\/wp\/v2\/product\/4781","targetHints":{"allow":["GET"]}}],"collection":[{"href":"https:\/\/jnats.eu\/pt\/wp-json\/wp\/v2\/product"}],"about":[{"href":"https:\/\/jnats.eu\/pt\/wp-json\/wp\/v2\/types\/product"}],"replies":[{"embeddable":true,"href":"https:\/\/jnats.eu\/pt\/wp-json\/wp\/v2\/comments?post=4781"}],"wp:featuredmedia":[{"embeddable":true,"href":"https:\/\/jnats.eu\/pt\/wp-json\/wp\/v2\/media\/4784"}],"wp:attachment":[{"href":"https:\/\/jnats.eu\/pt\/wp-json\/wp\/v2\/media?parent=4781"}],"wp:term":[{"taxonomy":"product_brand","embeddable":true,"href":"https:\/\/jnats.eu\/pt\/wp-json\/wp\/v2\/product_brand?post=4781"},{"taxonomy":"product_cat","embeddable":true,"href":"https:\/\/jnats.eu\/pt\/wp-json\/wp\/v2\/product_cat?post=4781"},{"taxonomy":"product_tag","embeddable":true,"href":"https:\/\/jnats.eu\/pt\/wp-json\/wp\/v2\/product_tag?post=4781"}],"curies":[{"name":"wp","href":"https:\/\/api.w.org\/{rel}","templated":true}]}}