{"id":479,"date":"2024-03-07T10:23:42","date_gmt":"2024-03-07T08:23:42","guid":{"rendered":"http:\/\/jnats.eu\/?post_type=product&#038;p=479"},"modified":"2024-04-26T09:30:50","modified_gmt":"2024-04-26T06:30:50","slug":"harrison-br-howson-manafacturers-sheffield-england-vintaziniu-skustuvu-7-dienu-rinkinys","status":"publish","type":"product","link":"https:\/\/jnats.eu\/pt\/produto-2\/harrison-br-howson-manafacturers-sheffield-england-vintaziniu-skustuvu-7-dienu-rinkinys\/","title":{"rendered":"Conjunto de 7 dias de l\u00e2minas de barbear Harrison Br &amp; Howson Manafacturers Sheffield England Vintage"},"content":{"rendered":"<p>A Harrison Br &amp; Howson \u00e9 um fabricante de l\u00e2minas de barbear de renome de Sheffield, Inglaterra, com uma longa hist\u00f3ria e reputa\u00e7\u00e3o de excel\u00eancia. As suas l\u00e2minas de barbear vintage num conjunto de 7 dias s\u00e3o um produto de valor e estilo excepcionais.<\/p>\n\n\n\n<p>Descri\u00e7\u00e3o deste conjunto de l\u00e2minas de barbear vintage:<\/p>\n\n\n\n<ul class=\"wp-block-list\">\n<li><strong>Qualidade e idade<\/strong>Cada l\u00e2mina de barbear deste conjunto \u00e9 feita de a\u00e7o de alta qualidade para uma durabilidade e um barbear perfeito. Estas m\u00e1quinas de barbear reflectem a excecional aten\u00e7\u00e3o da Harrison Br &amp; Howson aos detalhes e \u00e0 qualidade.<\/li>\n\n\n\n<li><strong>Design vintage<\/strong>Estas m\u00e1quinas de barbear t\u00eam um design interessante e \u00fanico, que faz lembrar a eleg\u00e2ncia dos s\u00e9culos passados. As suas l\u00e2minas e cabos podem ser o acess\u00f3rio perfeito para qualquer estilo masculino.<\/li>\n\n\n\n<li><strong>Kit de 7 dias<\/strong>Este conjunto \u00e9 a escolha perfeita para aqueles que apreciam a ordem e um estilo de vida organizado. Cada l\u00e2mina de barbear corresponde a um dia da semana, pelo que ter\u00e1 sempre a ferramenta certa para fazer a barba todos os dias. O a\u00e7o demora algum tempo a amadurecer, pelo que pode afiar todas as l\u00e2minas de uma s\u00f3 vez e esquecer-se disso durante muito tempo. Isto \u00e9 especialmente verdade se enviar as suas m\u00e1quinas de barbear a artes\u00e3os para serem afiadas.<\/li>\n\n\n\n<li><strong>Uma \u00f3ptima op\u00e7\u00e3o de presente<\/strong>R: Este conjunto de l\u00e2minas de barbear tamb\u00e9m pode ser uma \u00f3ptima prenda para homens que apreciam um estilo cl\u00e1ssico e produtos de qualidade. \u00c9 uma op\u00e7\u00e3o de prenda \u00fanica e pr\u00e1tica para qualquer cavalheiro.<\/li>\n<\/ul>\n\n\n\n<p>O conjunto de l\u00e2minas de barbear Harrison Br &amp; Howson Vintage 7-Day Set n\u00e3o \u00e9 apenas uma ferramenta de barbear pr\u00e1tica, mas tamb\u00e9m um acento elegante no mundo de beleza e estilo de um homem.<\/p>\n\n\n\n<figure class=\"wp-block-embed is-type-video is-provider-youtube wp-block-embed-youtube wp-embed-aspect-16-9 wp-has-aspect-ratio\"><div class=\"wp-block-embed__wrapper\">\n<div class=\"video-container\"><iframe title=\"Conjunto de 7 dias de l\u00e2minas de barbear Harrison Br &amp; Howson Manafacturers Sheffield England Vintage\" width=\"1170\" height=\"658\" src=\"https:\/\/www.youtube.com\/embed\/AhMxzAVzb6Q?feature=oembed\" frameborder=\"0\" allow=\"accelerometer; autoplay; clipboard-write; encrypted-media; gyroscope; picture-in-picture; web-share\" allowfullscreen><\/iframe><\/div>\n<\/div><\/figure>","protected":false},"excerpt":{"rendered":"<ul>\n<li>Conjunto de 7 dias de l\u00e2minas de barbear Harrison Br &amp; Howson Manafacturers Sheffield England Vintage<\/li>\n<li>Pegas em pol\u00edmero<\/li>\n<li>N\u00e3o utilizado (NOS - New old stock)<\/li>\n<li>Bom estado<\/li>\n<li>Sinais de corros\u00e3o<\/li>\n<li>Sem fendas ou fracturas<\/li>\n<\/ul>","protected":false},"featured_media":1040,"comment_status":"open","ping_status":"closed","template":"","meta":[],"product_brand":[],"product_cat":[23],"product_tag":[112,109,111,110],"class_list":{"0":"post-479","1":"product","2":"type-product","3":"status-publish","4":"has-post-thumbnail","6":"product_cat-razors","7":"product_tag-england","8":"product_tag-harrison-br-howson","9":"product_tag-manafacturers","10":"product_tag-sheffield","11":"product_shipping_class-light","13":"first","14":"instock","15":"sale","16":"shipping-taxable","17":"purchasable","18":"product-type-simple"},"_links":{"self":[{"href":"https:\/\/jnats.eu\/pt\/wp-json\/wp\/v2\/product\/479","targetHints":{"allow":["GET"]}}],"collection":[{"href":"https:\/\/jnats.eu\/pt\/wp-json\/wp\/v2\/product"}],"about":[{"href":"https:\/\/jnats.eu\/pt\/wp-json\/wp\/v2\/types\/product"}],"replies":[{"embeddable":true,"href":"https:\/\/jnats.eu\/pt\/wp-json\/wp\/v2\/comments?post=479"}],"wp:featuredmedia":[{"embeddable":true,"href":"https:\/\/jnats.eu\/pt\/wp-json\/wp\/v2\/media\/1040"}],"wp:attachment":[{"href":"https:\/\/jnats.eu\/pt\/wp-json\/wp\/v2\/media?parent=479"}],"wp:term":[{"taxonomy":"product_brand","embeddable":true,"href":"https:\/\/jnats.eu\/pt\/wp-json\/wp\/v2\/product_brand?post=479"},{"taxonomy":"product_cat","embeddable":true,"href":"https:\/\/jnats.eu\/pt\/wp-json\/wp\/v2\/product_cat?post=479"},{"taxonomy":"product_tag","embeddable":true,"href":"https:\/\/jnats.eu\/pt\/wp-json\/wp\/v2\/product_tag?post=479"}],"curies":[{"name":"wp","href":"https:\/\/api.w.org\/{rel}","templated":true}]}}