{"id":4824,"date":"2025-06-30T08:13:15","date_gmt":"2025-06-30T05:13:15","guid":{"rendered":"https:\/\/jnats.eu\/?post_type=product&#038;p=4824"},"modified":"2025-07-05T11:19:22","modified_gmt":"2025-07-05T08:19:22","slug":"myojinho-aogami-super-gyuto-180-mm-virtuvinis-peilis","status":"publish","type":"product","link":"https:\/\/jnats.eu\/pt\/produto-2\/myojinho-aogami-super-gyuto-180-mm-virtuvinis-peilis\/","title":{"rendered":"Faca de cozinha My\u014djinho Aogami Super Gyuto 180 mm"},"content":{"rendered":"<h2 class=\"wp-block-heading\">Descri\u00e7\u00e3o do produto:<\/h2>\n\n\n\n<p><strong>My\u014djinho Aogami Super Gyuto 180mm<\/strong> \u2013 faca de cozinha japonesa de alta qualidade feita do lend\u00e1rio <strong>Aogami Super (A\u00e7o Super Azul)<\/strong> A\u00e7o. Este a\u00e7o \u00e9 valorizado por sua afia\u00e7\u00e3o excepcional, excelente reten\u00e7\u00e3o do fio e agrad\u00e1vel sensa\u00e7\u00e3o de corte.<\/p>\n\n\n\n<p>A faca est\u00e1 completamente sem uso, mas adicionalmente <strong>Afiado profissionalmente com uma pedra de amolar Morihei semi-natural de alta qualidade com gr\u00e3o 12.000<\/strong> \u2014 proporcionando m\u00e1xima nitidez e um fio extremamente limpo e polido uniformemente. Essa afia\u00e7\u00e3o garante qualidade de corte ideal e resist\u00eancia ao desgaste.<\/p>\n\n\n\n<hr class=\"wp-block-separator has-alpha-channel-opacity\"\/>\n\n\n\n<h3 class=\"wp-block-heading\">Caracter\u00edsticas:<\/h3>\n\n\n\n<ul class=\"wp-block-list\">\n<li><strong>Comprimento da l\u00e2mina:<\/strong> 180 mm<\/li>\n\n\n\n<li><strong>A\u00e7o:<\/strong> Aogami Super (A\u00e7o Super Azul) com camadas externas de a\u00e7o inoxid\u00e1vel<\/li>\n\n\n\n<li><strong>Dureza:<\/strong> ~65\u201366 HRC<\/li>\n\n\n\n<li><strong>Utiliza\u00e7\u00e3o:<\/strong> carne, peixe, vegetais<\/li>\n\n\n\n<li><strong>Rankena:<\/strong> mogno com tr\u00eas rebites<\/li>\n\n\n\n<li><strong>Afia\u00e7\u00e3o:<\/strong> afiado com uma pedra Morihei semi-natural de gr\u00e3o 12.000<\/li>\n\n\n\n<li><strong>\u00c2ngulo de afia\u00e7\u00e3o:<\/strong> recomendado 12\u201315\u00b0<\/li>\n\n\n\n<li><strong>Embalado em uma caixa original de estilo japon\u00eas<\/strong><\/li>\n<\/ul>\n\n\n\n<hr class=\"wp-block-separator has-alpha-channel-opacity\"\/>\n\n\n\n<h3 class=\"wp-block-heading\">Porqu\u00ea escolher?<\/h3>\n\n\n\n<p>O a\u00e7o Aogami Super \u00e9 uma das melhores op\u00e7\u00f5es de a\u00e7o carbono japon\u00eas para facas de cozinha.<br>A faca j\u00e1 est\u00e1 <strong>profissionalmente afiado com uma pedra Morihei 12.000<\/strong> \u2014 imediatamente pronto para trabalhar com m\u00e1xima nitidez.<br>Design japon\u00eas cl\u00e1ssico e elegante e cabo ergon\u00f4mico confort\u00e1vel.<\/p>\n\n\n\n<figure class=\"wp-block-embed is-type-video is-provider-youtube wp-block-embed-youtube wp-embed-aspect-16-9 wp-has-aspect-ratio\"><div class=\"wp-block-embed__wrapper\">\n<div class=\"video-container\"><iframe title=\"Testando as pedras de amolar da s\u00e9rie Fire &quot;\u706b Hi&quot; da Morihei Hishiboshi | Afia\u00e7\u00e3o de a\u00e7o Aogami Super e M390\" width=\"1170\" height=\"658\" src=\"https:\/\/www.youtube.com\/embed\/y9GuR0ZJmUQ?start=1849&#038;feature=oembed\" frameborder=\"0\" allow=\"accelerometer; autoplay; clipboard-write; encrypted-media; gyroscope; picture-in-picture; web-share\" referrerpolicy=\"strict-origin-when-cross-origin\" allowfullscreen><\/iframe><\/div>\n<\/div><\/figure>","protected":false},"excerpt":{"rendered":"<p><!-- wp:list --><\/p>\n<ul class=\"wp-block-list\"><!-- wp:list-item --><\/p>\n<li><strong>Dimens\u00f5es da l\u00e2mina:<\/strong> 180x41x2 mm<\/li>\n<li><strong>Peso: 135g<\/strong><\/li>\n<p><!-- \/wp:list-item --> <!-- wp:list-item --><\/p>\n<li><strong>A\u00e7o:<\/strong> Aogami Super (A\u00e7o Super Azul) com camadas externas de a\u00e7o inoxid\u00e1vel<\/li>\n<p><!-- \/wp:list-item --> <!-- wp:list-item --><\/p>\n<li><strong>Dureza:<\/strong> ~65\u201366 HRC<\/li>\n<p><!-- \/wp:list-item --> <!-- wp:list-item --><\/p>\n<li><strong>Utiliza\u00e7\u00e3o:<\/strong> carne, peixe, vegetais<\/li>\n<p><!-- \/wp:list-item --> <!-- wp:list-item --><\/p>\n<li><strong>Rankena:<\/strong> mogno com tr\u00eas rebites<\/li>\n<p><!-- \/wp:list-item --> <!-- wp:list-item --><\/p>\n<li><strong>Afia\u00e7\u00e3o:<\/strong> afiado com uma pedra Morihei semi-natural de gr\u00e3o 12.000<\/li>\n<p><!-- \/wp:list-item --> <!-- wp:list-item --><\/p>\n<li><strong>\u00c2ngulo de afia\u00e7\u00e3o:<\/strong> recomendado 12\u201315\u00b0<\/li>\n<p><!-- \/wp:list-item --> <!-- wp:list-item --><\/p>\n<li><strong>Embalado em uma caixa original de estilo japon\u00eas<\/strong><\/li>\n<p><!-- \/wp:list-item --><\/ul>\n<p><!-- \/wp:list --><\/p>","protected":false},"featured_media":4827,"comment_status":"open","ping_status":"closed","template":"","meta":[],"product_brand":[],"product_cat":[24],"product_tag":[360,361,359],"class_list":{"0":"post-4824","1":"product","2":"type-product","3":"status-publish","4":"has-post-thumbnail","6":"product_cat-knifes","7":"product_tag-aogami-super","8":"product_tag-gyuto","9":"product_tag-myojinho","10":"product_shipping_class-iprastas","12":"first","13":"outofstock","14":"shipping-taxable","15":"purchasable","16":"product-type-simple"},"_links":{"self":[{"href":"https:\/\/jnats.eu\/pt\/wp-json\/wp\/v2\/product\/4824","targetHints":{"allow":["GET"]}}],"collection":[{"href":"https:\/\/jnats.eu\/pt\/wp-json\/wp\/v2\/product"}],"about":[{"href":"https:\/\/jnats.eu\/pt\/wp-json\/wp\/v2\/types\/product"}],"replies":[{"embeddable":true,"href":"https:\/\/jnats.eu\/pt\/wp-json\/wp\/v2\/comments?post=4824"}],"wp:featuredmedia":[{"embeddable":true,"href":"https:\/\/jnats.eu\/pt\/wp-json\/wp\/v2\/media\/4827"}],"wp:attachment":[{"href":"https:\/\/jnats.eu\/pt\/wp-json\/wp\/v2\/media?parent=4824"}],"wp:term":[{"taxonomy":"product_brand","embeddable":true,"href":"https:\/\/jnats.eu\/pt\/wp-json\/wp\/v2\/product_brand?post=4824"},{"taxonomy":"product_cat","embeddable":true,"href":"https:\/\/jnats.eu\/pt\/wp-json\/wp\/v2\/product_cat?post=4824"},{"taxonomy":"product_tag","embeddable":true,"href":"https:\/\/jnats.eu\/pt\/wp-json\/wp\/v2\/product_tag?post=4824"}],"curies":[{"name":"wp","href":"https:\/\/api.w.org\/{rel}","templated":true}]}}