{"id":4860,"date":"2025-07-03T12:33:26","date_gmt":"2025-07-03T09:33:26","guid":{"rendered":"https:\/\/jnats.eu\/?post_type=product&#038;p=4860"},"modified":"2025-11-25T13:16:33","modified_gmt":"2025-11-25T11:16:33","slug":"natsuya-japoniskas-naturalus-galandinimo-akmuo-vidutinio-grudetumo","status":"publish","type":"product","link":"https:\/\/jnats.eu\/pt\/produto-2\/natsuya-japoniskas-naturalus-galandinimo-akmuo-vidutinio-grudetumo\/","title":{"rendered":"Pedra de amolar natural japonesa Natsuya (gr\u00e3o m\u00e9dio)"},"content":{"rendered":"<p>Natsuya \u00e9 uma pedra de amolar natural japonesa origin\u00e1ria da regi\u00e3o de Kyoto, famosa por suas antigas minas de pedra. Esta pedra de granula\u00e7\u00e3o m\u00e9dia (equivalente a aproximadamente 1000-2000 gr\u00e3os) \u00e9 perfeita para afia\u00e7\u00e3o intermedi\u00e1ria de facas, navalhas ou ferramentas de carpintaria, proporcionando uma afia\u00e7\u00e3o extremamente limpa e controlada antes de passar para pedras mais finas.<\/p>\n\n\n\n<figure class=\"wp-block-embed is-type-video is-provider-youtube wp-block-embed-youtube wp-embed-aspect-16-9 wp-has-aspect-ratio\"><div class=\"wp-block-embed__wrapper\">\n<div class=\"video-container\"><iframe title=\"Pedra de amolar japonesa natural Natsuya | Teste de afia\u00e7\u00e3o de gr\u00e3o m\u00e9dio\" width=\"1170\" height=\"658\" src=\"https:\/\/www.youtube.com\/embed\/AG_eMsnn1Wo?feature=oembed\" frameborder=\"0\" allow=\"accelerometer; autoplay; clipboard-write; encrypted-media; gyroscope; picture-in-picture; web-share\" referrerpolicy=\"strict-origin-when-cross-origin\" allowfullscreen><\/iframe><\/div>\n<\/div><\/figure>\n\n\n\n<p><strong>Caracter\u00edsticas:<\/strong><\/p>\n\n\n\n<ul class=\"wp-block-list\">\n<li>Pedra natural da regi\u00e3o de Kyoto<\/li>\n\n\n\n<li>Gr\u00e3o m\u00e9dio (~1000\u20132000 gr\u00e3os)<\/li>\n\n\n\n<li>Adequado para facas japonesas e ocidentais<\/li>\n\n\n\n<li>Forma rapidamente uma pasta lisa que facilita a afia\u00e7\u00e3o<\/li>\n\n\n\n<li>Abrasividade equilibrada \u2014 remove eficazmente riscos de pedras \u00e1speras e come\u00e7a a formar um perfil de borda afiado e limpo<\/li>\n\n\n\n<li>Sensa\u00e7\u00e3o suave ao afiar, proporcionando \u00f3timo controle<\/li>\n<\/ul>\n\n\n\n<p><strong>Utiliza\u00e7\u00e3o:<\/strong><br>Recomenda-se mergulhar a pedra brevemente em \u00e1gua antes do uso ou us\u00e1-la como uma pedra &quot;molhada&quot; com um suprimento constante de \u00e1gua. Ideal ap\u00f3s o polimento inicial da l\u00e2mina e antes do polimento final com uma pedra de granula\u00e7\u00e3o fina.<\/p>","protected":false},"excerpt":{"rendered":"<ul class=\"wp-block-list\">\n<li>Adequado para afia\u00e7\u00e3o intermedi\u00e1ria ou final de facas, tesouras, ferramentas de carpintaria e outras ferramentas.<\/li>\n<li>Voc\u00ea tamb\u00e9m pode obter uma prepara\u00e7\u00e3o decente com acabamento em cashmere.<\/li>\n<li>Gr\u00e3o aproximadamente 1500<\/li>\n<li>Dureza: Lv 4<\/li>\n<li>Extra\u00edda em meados do s\u00e9culo passado, a pedra vintage caracteriza-se por uma boa velocidade e suavidade.<\/li>\n<li>Marca Sun Tiger The Matsuga CO. LTD<\/li>\n<li>Um lado \u00e9 alisado e pronto para o trabalho.<\/li>\n<li><strong>Voc\u00ea pode assistir ao trabalho no v\u00eddeo abaixo.<\/strong><\/li>\n<\/ul>\n<ol>\n<li>Dimens\u00f5es: 217x63x781 mm Peso: 2400 g<\/li>\n<li>Dimens\u00f5es: 203x68x77 mm Peso: 2600 g<\/li>\n<li>Dimens\u00f5es: 211x69x78 mm Peso: 2700 g<\/li>\n<\/ol>","protected":false},"featured_media":4870,"comment_status":"open","ping_status":"closed","template":"","meta":[],"product_brand":[],"product_cat":[22],"product_tag":[300,364],"class_list":{"0":"post-4860","1":"product","2":"type-product","3":"status-publish","4":"has-post-thumbnail","6":"product_cat-jnats","7":"product_tag-medium","8":"product_tag-natsuya","9":"product_shipping_class-iprastas","11":"first","12":"instock","13":"shipping-taxable","14":"purchasable","15":"product-type-variable"},"_links":{"self":[{"href":"https:\/\/jnats.eu\/pt\/wp-json\/wp\/v2\/product\/4860","targetHints":{"allow":["GET"]}}],"collection":[{"href":"https:\/\/jnats.eu\/pt\/wp-json\/wp\/v2\/product"}],"about":[{"href":"https:\/\/jnats.eu\/pt\/wp-json\/wp\/v2\/types\/product"}],"replies":[{"embeddable":true,"href":"https:\/\/jnats.eu\/pt\/wp-json\/wp\/v2\/comments?post=4860"}],"wp:featuredmedia":[{"embeddable":true,"href":"https:\/\/jnats.eu\/pt\/wp-json\/wp\/v2\/media\/4870"}],"wp:attachment":[{"href":"https:\/\/jnats.eu\/pt\/wp-json\/wp\/v2\/media?parent=4860"}],"wp:term":[{"taxonomy":"product_brand","embeddable":true,"href":"https:\/\/jnats.eu\/pt\/wp-json\/wp\/v2\/product_brand?post=4860"},{"taxonomy":"product_cat","embeddable":true,"href":"https:\/\/jnats.eu\/pt\/wp-json\/wp\/v2\/product_cat?post=4860"},{"taxonomy":"product_tag","embeddable":true,"href":"https:\/\/jnats.eu\/pt\/wp-json\/wp\/v2\/product_tag?post=4860"}],"curies":[{"name":"wp","href":"https:\/\/api.w.org\/{rel}","templated":true}]}}