{"id":4877,"date":"2025-07-04T10:57:29","date_gmt":"2025-07-04T07:57:29","guid":{"rendered":"https:\/\/jnats.eu\/?post_type=product&#038;p=4877"},"modified":"2026-04-15T22:09:15","modified_gmt":"2026-04-15T19:09:15","slug":"wakasa-tamurayama-japonijos-grozio-meistru-rekomenduojamas-akmuo-skustuvams","status":"publish","type":"product","link":"https:\/\/jnats.eu\/pt\/produto-2\/wakasa-tamurayama-japonijos-grozio-meistru-rekomenduojamas-akmuo-skustuvams\/","title":{"rendered":"Wakasa Tamurayama | Pedra de barbear recomendada por mestres da beleza japoneses"},"content":{"rendered":"<p>Wakasa Tamurayama \u00e9 uma pedra natural japonesa de acabamento extremamente rara e altamente valorizada, origin\u00e1ria da hist\u00f3rica regi\u00e3o de Tamurayama, na prov\u00edncia de Fukui, perto da famosa Ba\u00eda de Wakasa. Esta pedra \u00e9 usada h\u00e1 muito tempo para afiar kamisoris e navalhas de luxo japonesas tradicionais, e sua qualidade de afia\u00e7\u00e3o e pureza s\u00e3o compar\u00e1veis \u00e0s lend\u00e1rias pedras Maruka Kyoto.<\/p>\n\n\n\n<figure class=\"wp-block-embed is-type-video is-provider-youtube wp-block-embed-youtube wp-embed-aspect-16-9 wp-has-aspect-ratio\"><div class=\"wp-block-embed__wrapper\">\n<div class=\"video-container\"><iframe title=\"Wakasa Tamurayama Asagi Pedra de amolar japonesa natural Kamisori Teste de afia\u00e7\u00e3o\" width=\"1170\" height=\"658\" src=\"https:\/\/www.youtube.com\/embed\/2GslS7RdqPA?feature=oembed\" frameborder=\"0\" allow=\"accelerometer; autoplay; clipboard-write; encrypted-media; gyroscope; picture-in-picture; web-share\" referrerpolicy=\"strict-origin-when-cross-origin\" allowfullscreen><\/iframe><\/div>\n<\/div><\/figure>\n\n\n\n<p><strong>Por que escolher Wakasa Tamurayama?<\/strong><br>\u2705 <strong>Qualidade e rapidez do trabalho<\/strong> \u2013 esta pedra se distingue por sua retifica\u00e7\u00e3o excepcionalmente uniforme, suave, por\u00e9m relativamente r\u00e1pida, que remove efetivamente irregularidades de tamanho microm\u00e9trico no metal sem deixar arranh\u00f5es.<br>\u2705 <strong>Resposta e sensa\u00e7\u00e3o<\/strong> \u2013 a sensa\u00e7\u00e3o de trabalho \u00e9 muito pr\u00f3xima \u00e0 das pedras cl\u00e1ssicas Maruka: macias, delicadas, com um feedback agrad\u00e1vel que permite o controle ideal da press\u00e3o e do resultado da afia\u00e7\u00e3o. N\u00e3o h\u00e1 necessidade de raspar, pois a pedra libera sua pr\u00f3pria suspens\u00e3o.<br>\u2705 <strong>Altamente avaliado no Jap\u00e3o<\/strong> \u2013 Wakasa Tamurayama \u00e9 uma das poucas pedras naturais a receber as maiores pontua\u00e7\u00f5es <strong>Associa\u00e7\u00e3o Japonesa de Cabeleireiros e Profissionais de Beleza<\/strong>, recomendado para acabamento profissional de l\u00e2minas e ferramentas extremamente afiadas.<\/p>\n\n\n\n<p><strong>Uso recomendado:<\/strong><\/p>\n\n\n\n<ul class=\"wp-block-list\">\n<li>Para l\u00e2minas de barbear (camissori, navalhas retas)<\/li>\n\n\n\n<li>Para acabamento final de facas em pedra natural<\/li>\n\n\n\n<li>Para ferramentas que exigem l\u00e2minas extremamente limpas<\/li>\n<\/ul>\n\n\n\n<p><strong>Caracter\u00edsticas:<\/strong><\/p>\n\n\n\n<ul class=\"wp-block-list\">\n<li>Gr\u00e3o: alto (equivalente a ~12.000\u201315.000 na escala sint\u00e9tica)<\/li>\n\n\n\n<li>Dureza: m\u00e9dia - alta<\/li>\n\n\n\n<li>Estrutura da superf\u00edcie: extremamente lisa, sem inclus\u00f5es<\/li>\n\n\n\n<li>Velocidade de moagem: bastante r\u00e1pida para uma pedra de acabamento deste n\u00edvel<\/li>\n<\/ul>\n\n\n\n<p><strong>Observa\u00e7\u00e3o:<\/strong> Cada pedra Wakasa Tamurayama \u00e9 testada manualmente para garantir qualidade e integridade, tornando-a n\u00e3o apenas uma ferramenta, mas tamb\u00e9m um investimento com valor duradouro para mestres em metalurgia e barbearia.<\/p>","protected":false},"excerpt":{"rendered":"<p><strong>Dimens\u00f5es e peso aproximado:<\/strong><\/p>\n<ol>\n<li>218x76x25 mm, 1140 g.<\/li>\n<li>224x77x30 mm, 1420 g.<\/li>\n<li><strong>218 x 77 x 31 mm, 1425 g. Colado, por isso n\u00e3o o recomendamos para l\u00e2minas de barbear! Outras ferramentas devem funcionar bem, desde que voc\u00ea n\u00e3o insira a fenda perpendicularmente e com muita press\u00e3o.<\/strong><\/li>\n<li>216x76x25 mm, 1260 g.<\/li>\n<li>218x77x30 mm, 1310 g.<\/li>\n<li>217x76x33 mm, 1510 g.<\/li>\n<li>212x82x28 mm, 1320 g.<\/li>\n<li>218x78x31 mm, 1450 g.<\/li>\n<\/ol>","protected":false},"featured_media":4878,"comment_status":"open","ping_status":"closed","template":"","meta":[],"product_brand":[],"product_cat":[22],"product_tag":[365,344,61],"class_list":{"0":"post-4877","1":"product","2":"type-product","3":"status-publish","4":"has-post-thumbnail","6":"product_cat-jnats","7":"product_tag-naturalus-akmuo","8":"product_tag-tamurayama","9":"product_tag-wakasa","10":"product_shipping_class-iprastas","12":"first","13":"instock","14":"shipping-taxable","15":"purchasable","16":"product-type-variable"},"_links":{"self":[{"href":"https:\/\/jnats.eu\/pt\/wp-json\/wp\/v2\/product\/4877","targetHints":{"allow":["GET"]}}],"collection":[{"href":"https:\/\/jnats.eu\/pt\/wp-json\/wp\/v2\/product"}],"about":[{"href":"https:\/\/jnats.eu\/pt\/wp-json\/wp\/v2\/types\/product"}],"replies":[{"embeddable":true,"href":"https:\/\/jnats.eu\/pt\/wp-json\/wp\/v2\/comments?post=4877"}],"wp:featuredmedia":[{"embeddable":true,"href":"https:\/\/jnats.eu\/pt\/wp-json\/wp\/v2\/media\/4878"}],"wp:attachment":[{"href":"https:\/\/jnats.eu\/pt\/wp-json\/wp\/v2\/media?parent=4877"}],"wp:term":[{"taxonomy":"product_brand","embeddable":true,"href":"https:\/\/jnats.eu\/pt\/wp-json\/wp\/v2\/product_brand?post=4877"},{"taxonomy":"product_cat","embeddable":true,"href":"https:\/\/jnats.eu\/pt\/wp-json\/wp\/v2\/product_cat?post=4877"},{"taxonomy":"product_tag","embeddable":true,"href":"https:\/\/jnats.eu\/pt\/wp-json\/wp\/v2\/product_tag?post=4877"}],"curies":[{"name":"wp","href":"https:\/\/api.w.org\/{rel}","templated":true}]}}