{"id":492,"date":"2024-03-07T10:55:29","date_gmt":"2024-03-07T08:55:29","guid":{"rendered":"http:\/\/jnats.eu\/?post_type=product&#038;p=492"},"modified":"2024-08-01T13:36:33","modified_gmt":"2024-08-01T10:36:33","slug":"heljestrand-eskiltuna-sweden-vintaziniu-skustuvu-7-dienu-rinkinys","status":"publish","type":"product","link":"https:\/\/jnats.eu\/pt\/produto-2\/heljestrand-eskiltuna-sweden-vintaziniu-skustuvu-7-dienu-rinkinys\/","title":{"rendered":"Heljestrand Eskiltuna Su\u00e9cia Conjunto de 7 dias de l\u00e2minas de barbear Vintage"},"content":{"rendered":"<p>O conjunto de l\u00e2minas de barbear de 7 dias Heljestrand Eskiltuna Sweden incorpora o artesanato e a sofistica\u00e7\u00e3o, oferecendo uma experi\u00eancia de barbear luxuosa baseada no patrim\u00f3nio e na qualidade. <\/p>\n\n\n\n<p>Conjunto de l\u00e2minas de barbear para 7 dias Heljestrand Eskiltuna Su\u00e9cia<\/p>\n\n\n\n<p>Descubra o ep\u00edtome da eleg\u00e2ncia e precis\u00e3o intemporais com o kit de barbear de 7 dias Heljestrand Eskiltuna Sweden. Fabricado nas c\u00e9lebres forjas de Eskiltuna, na Su\u00e9cia, conhecida por s\u00e9culos de trabalho em metais finos, cada pe\u00e7a deste conjunto reflecte um trabalho artesanal sem paralelo e aten\u00e7\u00e3o aos detalhes.<\/p>\n\n\n\n<p>Artesanato excecional:<br>Cada l\u00e2mina de barbear deste conjunto \u00e9 cuidadosamente fabricada em a\u00e7o inoxid\u00e1vel da mais alta qualidade, garantindo uma afia\u00e7\u00e3o duradoura e um excelente desempenho. As l\u00e2minas s\u00e3o perfeitamente afiadas para um barbear suave e confort\u00e1vel em cada passagem.<\/p>\n\n\n\n<p>Eleg\u00e2ncia vintage:<br>Decoradas com designs cl\u00e1ssicos e pormenores intrincados, estas m\u00e1quinas de barbear exalam charme vintage e sofistica\u00e7\u00e3o. Desde os cabos confort\u00e1veis at\u00e9 \u00e0s l\u00e2minas de precis\u00e3o, todos os elementos falam da rica heran\u00e7a e da arte requintada que \u00e9 sin\u00f3nimo de Heljestrand.<\/p>\n\n\n\n<p>Conveni\u00eancia de 7 dias:<br>Concebido para o cavalheiro moderno que aprecia o estilo e a funcionalidade, este conjunto \u00e9 composto por sete l\u00e2minas de barbear, cada uma para um dia espec\u00edfico da semana. Fa\u00e7a o seu ritual de barbear com gosto, sabendo que tem a ferramenta perfeita para cada ocasi\u00e3o.<\/p>\n\n\n\n<p>Entrega de luxo:<br>Apresentado numa caixa elegante e sofisticada, o Kit de Barbear de 7 Dias Heljestrand Eskiltuna Sweden \u00e9 o complemento perfeito para qualquer cole\u00e7\u00e3o sedutora. Quer se trate de uma indulg\u00eancia pessoal ou de uma prenda atenciosa para um cavalheiro exigente, este conjunto \u00e9 o ep\u00edtome do luxo e da sofistica\u00e7\u00e3o.<\/p>\n\n\n\n<p>Melhora a sua experi\u00eancia de barbear:<br>Desfrute da arte de barbear com o Kit de Barbear de 7 Dias Heljestrand Eskiltuna Sweden e experimente o encanto intemporal do artesanato sueco. Leve a sua rotina de cuidados pessoais a novos patamares de sofistica\u00e7\u00e3o e estilo com esta cole\u00e7\u00e3o exclusiva de l\u00e2minas de barbear.<\/p>\n\n\n\n<p>O kit de barbear de 7 dias da Heljestrand Eskiltuna Sweden \u00e9 mais do que um mero acess\u00f3rio para o cuidado do corpo e do rosto - \u00e9 um s\u00edmbolo de gosto requintado e de qualidade intransigente, destinado a ser apreciado pelas gera\u00e7\u00f5es vindouras.<\/p>\n\n\n\n<figure class=\"wp-block-embed is-type-video is-provider-youtube wp-block-embed-youtube wp-embed-aspect-16-9 wp-has-aspect-ratio\"><div class=\"wp-block-embed__wrapper\">\n<div class=\"video-container\"><iframe title=\"Heljestrand Eskiltuna Su\u00e9cia Conjunto de 7 dias de l\u00e2minas de barbear Vintage\" width=\"1170\" height=\"658\" src=\"https:\/\/www.youtube.com\/embed\/oYVb2hrp-h0?feature=oembed\" frameborder=\"0\" allow=\"accelerometer; autoplay; clipboard-write; encrypted-media; gyroscope; picture-in-picture; web-share\" allowfullscreen><\/iframe><\/div>\n<\/div><\/figure>","protected":false},"excerpt":{"rendered":"<ul>\n<li>Heljestrand Eskiltuna Su\u00e9cia Conjunto de 7 dias de l\u00e2minas de barbear Vintage<\/li>\n<li><strong>O sueco \u00e9 talvez o a\u00e7o inoxid\u00e1vel mais afiado encontrado nas m\u00e1quinas de barbear<\/strong><\/li>\n<li>Pegas em pol\u00edmero<\/li>\n<li>N\u00e3o utilizado (NOS - New old stock)<\/li>\n<li>Bom estado<\/li>\n<li>Sinais de corros\u00e3o<\/li>\n<li>Sem fendas ou fracturas<\/li>\n<li>Dimens\u00f5es da l\u00e2mina: 70 x 17 mm<\/li>\n<\/ul>","protected":false},"featured_media":1071,"comment_status":"open","ping_status":"closed","template":"","meta":[],"product_brand":[],"product_cat":[23],"product_tag":[114,113,115],"class_list":{"0":"post-492","1":"product","2":"type-product","3":"status-publish","4":"has-post-thumbnail","6":"product_cat-razors","7":"product_tag-eskiltuna","8":"product_tag-heljestrand","9":"product_tag-sweden","10":"product_shipping_class-light","12":"first","13":"outofstock","14":"sale","15":"shipping-taxable","16":"purchasable","17":"product-type-simple"},"_links":{"self":[{"href":"https:\/\/jnats.eu\/pt\/wp-json\/wp\/v2\/product\/492","targetHints":{"allow":["GET"]}}],"collection":[{"href":"https:\/\/jnats.eu\/pt\/wp-json\/wp\/v2\/product"}],"about":[{"href":"https:\/\/jnats.eu\/pt\/wp-json\/wp\/v2\/types\/product"}],"replies":[{"embeddable":true,"href":"https:\/\/jnats.eu\/pt\/wp-json\/wp\/v2\/comments?post=492"}],"wp:featuredmedia":[{"embeddable":true,"href":"https:\/\/jnats.eu\/pt\/wp-json\/wp\/v2\/media\/1071"}],"wp:attachment":[{"href":"https:\/\/jnats.eu\/pt\/wp-json\/wp\/v2\/media?parent=492"}],"wp:term":[{"taxonomy":"product_brand","embeddable":true,"href":"https:\/\/jnats.eu\/pt\/wp-json\/wp\/v2\/product_brand?post=492"},{"taxonomy":"product_cat","embeddable":true,"href":"https:\/\/jnats.eu\/pt\/wp-json\/wp\/v2\/product_cat?post=492"},{"taxonomy":"product_tag","embeddable":true,"href":"https:\/\/jnats.eu\/pt\/wp-json\/wp\/v2\/product_tag?post=492"}],"curies":[{"name":"wp","href":"https:\/\/api.w.org\/{rel}","templated":true}]}}